{"id":541253,"date":"2024-06-28T14:46:33","date_gmt":"2024-06-28T12:46:33","guid":{"rendered":"https:\/\/stylestore.com\/da\/product\/wblbjork-vegan-wide-pant\/"},"modified":"2026-04-14T06:43:28","modified_gmt":"2026-04-14T04:43:28","slug":"wblbjork-vegan-wide-pant","status":"publish","type":"product","link":"https:\/\/stylestore.com\/da\/product\/wblbjork-vegan-wide-pant\/","title":{"rendered":"WBLBJORK VEGAN WIDE PANT"},"content":{"rendered":"<p>Bukser i bl\u00f8d og str\u00e6kbar vegansk l\u00e6derkvalitet<br \/>\nNormal pasform<br \/>\nFuld l\u00e6ngde<br \/>\nBrede ben<br \/>\nLukkes med knap og lynl\u00e5s i gylpen<br \/>\nLinning og b\u00e6ltestropper<br \/>\nPlisseringer foran<br \/>\nLommer i siden<br \/>\nPaspellommer bagp\u00e5<br \/>\nElastik i taljen bagp\u00e5<\/p>\n","protected":false},"excerpt":{"rendered":"","protected":false},"featured_media":563355,"template":"","meta":{"_acf_changed":false},"product_brand":[],"product_cat":[128,21],"product_tag":[2151],"class_list":{"0":"post-541253","1":"product","2":"type-product","3":"status-publish","4":"has-post-thumbnail","6":"product_cat-bukser","7":"product_cat-bukser-og-nederdele","8":"product_tag-b2b","11":"instock","12":"taxable","13":"shipping-taxable","14":"purchasable","15":"product-type-variable"},"acf":[],"yoast_head":"<!-- This site is optimized with the Yoast SEO plugin v23.8 - https:\/\/yoast.com\/wordpress\/plugins\/seo\/ -->\n<title>WBLBJORK VEGAN WIDE PANT &#187; Stylestore.com Denmark<\/title>\n<meta name=\"robots\" content=\"index, follow, max-snippet:-1, max-image-preview:large, max-video-preview:-1\" \/>\n<link rel=\"canonical\" href=\"https:\/\/stylestore.com\/da\/product\/wblbjork-vegan-wide-pant\/\" \/>\n<meta property=\"og:locale\" content=\"da_DK\" \/>\n<meta property=\"og:type\" content=\"article\" \/>\n<meta property=\"og:title\" content=\"WBLBJORK VEGAN WIDE PANT &#187; Stylestore.com Denmark\" \/>\n<meta property=\"og:url\" content=\"https:\/\/stylestore.com\/da\/product\/wblbjork-vegan-wide-pant\/\" \/>\n<meta property=\"og:site_name\" content=\"Stylestore.com Denmark\" \/>\n<meta property=\"article:modified_time\" content=\"2026-04-14T04:43:28+00:00\" \/>\n<meta property=\"og:image\" content=\"https:\/\/stylestore.com\/da\/wp-content\/uploads\/sites\/3\/2025\/03\/Wblnolan_Emb_Ls_Shirt_Black00003-6.jpg\" \/>\n\t<meta property=\"og:image:width\" content=\"1644\" \/>\n\t<meta property=\"og:image:height\" content=\"2464\" \/>\n\t<meta property=\"og:image:type\" content=\"image\/jpeg\" \/>\n<meta name=\"twitter:card\" content=\"summary_large_image\" \/>\n<script type=\"application\/ld+json\" class=\"yoast-schema-graph\">{\"@context\":\"https:\/\/schema.org\",\"@graph\":[{\"@type\":\"WebPage\",\"@id\":\"https:\/\/stylestore.com\/da\/product\/wblbjork-vegan-wide-pant\/\",\"url\":\"https:\/\/stylestore.com\/da\/product\/wblbjork-vegan-wide-pant\/\",\"name\":\"WBLBJORK VEGAN WIDE PANT &#187; Stylestore.com Denmark\",\"isPartOf\":{\"@id\":\"https:\/\/stylestore.com\/da\/#website\"},\"primaryImageOfPage\":{\"@id\":\"https:\/\/stylestore.com\/da\/product\/wblbjork-vegan-wide-pant\/#primaryimage\"},\"image\":{\"@id\":\"https:\/\/stylestore.com\/da\/product\/wblbjork-vegan-wide-pant\/#primaryimage\"},\"thumbnailUrl\":\"https:\/\/stylestore.com\/da\/wp-content\/uploads\/sites\/3\/2025\/03\/Wblnolan_Emb_Ls_Shirt_Black00003-6.jpg\",\"datePublished\":\"2024-06-28T12:46:33+00:00\",\"dateModified\":\"2026-04-14T04:43:28+00:00\",\"breadcrumb\":{\"@id\":\"https:\/\/stylestore.com\/da\/product\/wblbjork-vegan-wide-pant\/#breadcrumb\"},\"inLanguage\":\"da-DK\",\"potentialAction\":[{\"@type\":\"ReadAction\",\"target\":[\"https:\/\/stylestore.com\/da\/product\/wblbjork-vegan-wide-pant\/\"]}]},{\"@type\":\"ImageObject\",\"inLanguage\":\"da-DK\",\"@id\":\"https:\/\/stylestore.com\/da\/product\/wblbjork-vegan-wide-pant\/#primaryimage\",\"url\":\"https:\/\/stylestore.com\/da\/wp-content\/uploads\/sites\/3\/2025\/03\/Wblnolan_Emb_Ls_Shirt_Black00003-6.jpg\",\"contentUrl\":\"https:\/\/stylestore.com\/da\/wp-content\/uploads\/sites\/3\/2025\/03\/Wblnolan_Emb_Ls_Shirt_Black00003-6.jpg\",\"width\":1644,\"height\":2464},{\"@type\":\"BreadcrumbList\",\"@id\":\"https:\/\/stylestore.com\/da\/product\/wblbjork-vegan-wide-pant\/#breadcrumb\",\"itemListElement\":[{\"@type\":\"ListItem\",\"position\":1,\"name\":\"Home\",\"item\":\"https:\/\/stylestore.com\/da\/\"},{\"@type\":\"ListItem\",\"position\":2,\"name\":\"S\u00f8g\",\"item\":\"https:\/\/stylestore.com\/da\/soeg\/\"},{\"@type\":\"ListItem\",\"position\":3,\"name\":\"WBLBJORK VEGAN WIDE PANT\"}]},{\"@type\":\"WebSite\",\"@id\":\"https:\/\/stylestore.com\/da\/#website\",\"url\":\"https:\/\/stylestore.com\/da\/\",\"name\":\"Stylestore.com Denmark\",\"description\":\"\",\"potentialAction\":[{\"@type\":\"SearchAction\",\"target\":{\"@type\":\"EntryPoint\",\"urlTemplate\":\"https:\/\/stylestore.com\/da\/?s={search_term_string}\"},\"query-input\":{\"@type\":\"PropertyValueSpecification\",\"valueRequired\":true,\"valueName\":\"search_term_string\"}}],\"inLanguage\":\"da-DK\"}]}<\/script>\n<!-- \/ Yoast SEO plugin. -->","yoast_head_json":{"title":"WBLBJORK VEGAN WIDE PANT &#187; Stylestore.com Denmark","robots":{"index":"index","follow":"follow","max-snippet":"max-snippet:-1","max-image-preview":"max-image-preview:large","max-video-preview":"max-video-preview:-1"},"canonical":"https:\/\/stylestore.com\/da\/product\/wblbjork-vegan-wide-pant\/","og_locale":"da_DK","og_type":"article","og_title":"WBLBJORK VEGAN WIDE PANT &#187; Stylestore.com Denmark","og_url":"https:\/\/stylestore.com\/da\/product\/wblbjork-vegan-wide-pant\/","og_site_name":"Stylestore.com Denmark","article_modified_time":"2026-04-14T04:43:28+00:00","og_image":[{"width":1644,"height":2464,"url":"https:\/\/stylestore.com\/da\/wp-content\/uploads\/sites\/3\/2025\/03\/Wblnolan_Emb_Ls_Shirt_Black00003-6.jpg","type":"image\/jpeg"}],"twitter_card":"summary_large_image","schema":{"@context":"https:\/\/schema.org","@graph":[{"@type":"WebPage","@id":"https:\/\/stylestore.com\/da\/product\/wblbjork-vegan-wide-pant\/","url":"https:\/\/stylestore.com\/da\/product\/wblbjork-vegan-wide-pant\/","name":"WBLBJORK VEGAN WIDE PANT &#187; Stylestore.com Denmark","isPartOf":{"@id":"https:\/\/stylestore.com\/da\/#website"},"primaryImageOfPage":{"@id":"https:\/\/stylestore.com\/da\/product\/wblbjork-vegan-wide-pant\/#primaryimage"},"image":{"@id":"https:\/\/stylestore.com\/da\/product\/wblbjork-vegan-wide-pant\/#primaryimage"},"thumbnailUrl":"https:\/\/stylestore.com\/da\/wp-content\/uploads\/sites\/3\/2025\/03\/Wblnolan_Emb_Ls_Shirt_Black00003-6.jpg","datePublished":"2024-06-28T12:46:33+00:00","dateModified":"2026-04-14T04:43:28+00:00","breadcrumb":{"@id":"https:\/\/stylestore.com\/da\/product\/wblbjork-vegan-wide-pant\/#breadcrumb"},"inLanguage":"da-DK","potentialAction":[{"@type":"ReadAction","target":["https:\/\/stylestore.com\/da\/product\/wblbjork-vegan-wide-pant\/"]}]},{"@type":"ImageObject","inLanguage":"da-DK","@id":"https:\/\/stylestore.com\/da\/product\/wblbjork-vegan-wide-pant\/#primaryimage","url":"https:\/\/stylestore.com\/da\/wp-content\/uploads\/sites\/3\/2025\/03\/Wblnolan_Emb_Ls_Shirt_Black00003-6.jpg","contentUrl":"https:\/\/stylestore.com\/da\/wp-content\/uploads\/sites\/3\/2025\/03\/Wblnolan_Emb_Ls_Shirt_Black00003-6.jpg","width":1644,"height":2464},{"@type":"BreadcrumbList","@id":"https:\/\/stylestore.com\/da\/product\/wblbjork-vegan-wide-pant\/#breadcrumb","itemListElement":[{"@type":"ListItem","position":1,"name":"Home","item":"https:\/\/stylestore.com\/da\/"},{"@type":"ListItem","position":2,"name":"S\u00f8g","item":"https:\/\/stylestore.com\/da\/soeg\/"},{"@type":"ListItem","position":3,"name":"WBLBJORK VEGAN WIDE PANT"}]},{"@type":"WebSite","@id":"https:\/\/stylestore.com\/da\/#website","url":"https:\/\/stylestore.com\/da\/","name":"Stylestore.com Denmark","description":"","potentialAction":[{"@type":"SearchAction","target":{"@type":"EntryPoint","urlTemplate":"https:\/\/stylestore.com\/da\/?s={search_term_string}"},"query-input":{"@type":"PropertyValueSpecification","valueRequired":true,"valueName":"search_term_string"}}],"inLanguage":"da-DK"}]}},"_links":{"self":[{"href":"https:\/\/stylestore.com\/da\/wp-json\/wp\/v2\/product\/541253","targetHints":{"allow":["GET"]}}],"collection":[{"href":"https:\/\/stylestore.com\/da\/wp-json\/wp\/v2\/product"}],"about":[{"href":"https:\/\/stylestore.com\/da\/wp-json\/wp\/v2\/types\/product"}],"wp:featuredmedia":[{"embeddable":true,"href":"https:\/\/stylestore.com\/da\/wp-json\/wp\/v2\/media\/563355"}],"wp:attachment":[{"href":"https:\/\/stylestore.com\/da\/wp-json\/wp\/v2\/media?parent=541253"}],"wp:term":[{"taxonomy":"product_brand","embeddable":true,"href":"https:\/\/stylestore.com\/da\/wp-json\/wp\/v2\/product_brand?post=541253"},{"taxonomy":"product_cat","embeddable":true,"href":"https:\/\/stylestore.com\/da\/wp-json\/wp\/v2\/product_cat?post=541253"},{"taxonomy":"product_tag","embeddable":true,"href":"https:\/\/stylestore.com\/da\/wp-json\/wp\/v2\/product_tag?post=541253"}],"curies":[{"name":"wp","href":"https:\/\/api.w.org\/{rel}","templated":true}]}}