{"id":541181,"date":"2024-06-28T11:22:22","date_gmt":"2024-06-28T09:22:22","guid":{"rendered":"https:\/\/stylestore.com\/da\/product\/wblviolet-tailored-blazer\/"},"modified":"2026-04-14T07:01:48","modified_gmt":"2026-04-14T05:01:48","slug":"wblviolet-tailored-blazer","status":"publish","type":"product","link":"https:\/\/stylestore.com\/da\/product\/wblviolet-tailored-blazer\/","title":{"rendered":"WBLVIOLET TAILORED BLAZER"},"content":{"rendered":"<p>Klassisk blazer<br \/>\nStof med fine n\u00e5lestriber<br \/>\nForet<br \/>\nNormal pasform<br \/>\nHoftel\u00e6ngde<br \/>\nRevers og krave<br \/>\nLukkes med en knap<br \/>\nLommer med lommeklapper foran<br \/>\nSlids bagp\u00e5<\/p>\n","protected":false},"excerpt":{"rendered":"","protected":false},"featured_media":562895,"template":"","meta":{"_acf_changed":false},"product_brand":[],"product_cat":[117,19],"product_tag":[2151],"class_list":{"0":"post-541181","1":"product","2":"type-product","3":"status-publish","4":"has-post-thumbnail","6":"product_cat-blazere","7":"product_cat-tailormade","8":"product_tag-b2b","11":"instock","12":"taxable","13":"shipping-taxable","14":"purchasable","15":"product-type-variable"},"acf":[],"yoast_head":"<!-- This site is optimized with the Yoast SEO plugin v23.8 - https:\/\/yoast.com\/wordpress\/plugins\/seo\/ -->\n<title>WBLVIOLET TAILORED BLAZER &#187; Stylestore.com Denmark<\/title>\n<meta name=\"description\" content=\"Stilfuld klassisk blazer med fine n\u00e5lestriber og hoftel\u00e6ngde. Den lukkes med \u00e9n knap og har lommer med klap, perfekt til b\u00e5de formelle og afslappede looks. Ideel til b\u00e5de arbejde og s\u00e6rlige anledninger!\" \/>\n<meta name=\"robots\" content=\"index, follow, max-snippet:-1, max-image-preview:large, max-video-preview:-1\" \/>\n<link rel=\"canonical\" href=\"https:\/\/stylestore.com\/da\/product\/wblviolet-tailored-blazer\/\" \/>\n<meta property=\"og:locale\" content=\"da_DK\" \/>\n<meta property=\"og:type\" content=\"article\" \/>\n<meta property=\"og:title\" content=\"WBLVIOLET TAILORED BLAZER &#187; Stylestore.com Denmark\" \/>\n<meta property=\"og:description\" content=\"Stilfuld klassisk blazer med fine n\u00e5lestriber og hoftel\u00e6ngde. Den lukkes med \u00e9n knap og har lommer med klap, perfekt til b\u00e5de formelle og afslappede looks. Ideel til b\u00e5de arbejde og s\u00e6rlige anledninger!\" \/>\n<meta property=\"og:url\" content=\"https:\/\/stylestore.com\/da\/product\/wblviolet-tailored-blazer\/\" \/>\n<meta property=\"og:site_name\" content=\"Stylestore.com Denmark\" \/>\n<meta property=\"article:modified_time\" content=\"2026-04-14T05:01:48+00:00\" \/>\n<meta property=\"og:image\" content=\"https:\/\/stylestore.com\/da\/wp-content\/uploads\/sites\/3\/2024\/12\/Wblviolet_Tailored_Blazer_Wide_Pant_Silver_Lining1.jpg\" \/>\n\t<meta property=\"og:image:width\" content=\"1259\" \/>\n\t<meta property=\"og:image:height\" content=\"1888\" \/>\n\t<meta property=\"og:image:type\" content=\"image\/jpeg\" \/>\n<meta name=\"twitter:card\" content=\"summary_large_image\" \/>\n<script type=\"application\/ld+json\" class=\"yoast-schema-graph\">{\"@context\":\"https:\/\/schema.org\",\"@graph\":[{\"@type\":\"WebPage\",\"@id\":\"https:\/\/stylestore.com\/da\/product\/wblviolet-tailored-blazer\/\",\"url\":\"https:\/\/stylestore.com\/da\/product\/wblviolet-tailored-blazer\/\",\"name\":\"WBLVIOLET TAILORED BLAZER &#187; Stylestore.com Denmark\",\"isPartOf\":{\"@id\":\"https:\/\/stylestore.com\/da\/#website\"},\"primaryImageOfPage\":{\"@id\":\"https:\/\/stylestore.com\/da\/product\/wblviolet-tailored-blazer\/#primaryimage\"},\"image\":{\"@id\":\"https:\/\/stylestore.com\/da\/product\/wblviolet-tailored-blazer\/#primaryimage\"},\"thumbnailUrl\":\"https:\/\/stylestore.com\/da\/wp-content\/uploads\/sites\/3\/2025\/03\/Wblviolet_Tailored_Blazer_Wide_Pant_Silver_Lining1-1.jpg\",\"datePublished\":\"2024-06-28T09:22:22+00:00\",\"dateModified\":\"2026-04-14T05:01:48+00:00\",\"description\":\"Stilfuld klassisk blazer med fine n\u00e5lestriber og hoftel\u00e6ngde. Den lukkes med \u00e9n knap og har lommer med klap, perfekt til b\u00e5de formelle og afslappede looks. Ideel til b\u00e5de arbejde og s\u00e6rlige anledninger!\",\"breadcrumb\":{\"@id\":\"https:\/\/stylestore.com\/da\/product\/wblviolet-tailored-blazer\/#breadcrumb\"},\"inLanguage\":\"da-DK\",\"potentialAction\":[{\"@type\":\"ReadAction\",\"target\":[\"https:\/\/stylestore.com\/da\/product\/wblviolet-tailored-blazer\/\"]}]},{\"@type\":\"ImageObject\",\"inLanguage\":\"da-DK\",\"@id\":\"https:\/\/stylestore.com\/da\/product\/wblviolet-tailored-blazer\/#primaryimage\",\"url\":\"https:\/\/stylestore.com\/da\/wp-content\/uploads\/sites\/3\/2025\/03\/Wblviolet_Tailored_Blazer_Wide_Pant_Silver_Lining1-1.jpg\",\"contentUrl\":\"https:\/\/stylestore.com\/da\/wp-content\/uploads\/sites\/3\/2025\/03\/Wblviolet_Tailored_Blazer_Wide_Pant_Silver_Lining1-1.jpg\",\"width\":1259,\"height\":1888},{\"@type\":\"BreadcrumbList\",\"@id\":\"https:\/\/stylestore.com\/da\/product\/wblviolet-tailored-blazer\/#breadcrumb\",\"itemListElement\":[{\"@type\":\"ListItem\",\"position\":1,\"name\":\"Home\",\"item\":\"https:\/\/stylestore.com\/da\/\"},{\"@type\":\"ListItem\",\"position\":2,\"name\":\"S\u00f8g\",\"item\":\"https:\/\/stylestore.com\/da\/soeg\/\"},{\"@type\":\"ListItem\",\"position\":3,\"name\":\"WBLVIOLET TAILORED BLAZER\"}]},{\"@type\":\"WebSite\",\"@id\":\"https:\/\/stylestore.com\/da\/#website\",\"url\":\"https:\/\/stylestore.com\/da\/\",\"name\":\"Stylestore.com Denmark\",\"description\":\"\",\"potentialAction\":[{\"@type\":\"SearchAction\",\"target\":{\"@type\":\"EntryPoint\",\"urlTemplate\":\"https:\/\/stylestore.com\/da\/?s={search_term_string}\"},\"query-input\":{\"@type\":\"PropertyValueSpecification\",\"valueRequired\":true,\"valueName\":\"search_term_string\"}}],\"inLanguage\":\"da-DK\"}]}<\/script>\n<!-- \/ Yoast SEO plugin. -->","yoast_head_json":{"title":"WBLVIOLET TAILORED BLAZER &#187; Stylestore.com Denmark","description":"Stilfuld klassisk blazer med fine n\u00e5lestriber og hoftel\u00e6ngde. Den lukkes med \u00e9n knap og har lommer med klap, perfekt til b\u00e5de formelle og afslappede looks. Ideel til b\u00e5de arbejde og s\u00e6rlige anledninger!","robots":{"index":"index","follow":"follow","max-snippet":"max-snippet:-1","max-image-preview":"max-image-preview:large","max-video-preview":"max-video-preview:-1"},"canonical":"https:\/\/stylestore.com\/da\/product\/wblviolet-tailored-blazer\/","og_locale":"da_DK","og_type":"article","og_title":"WBLVIOLET TAILORED BLAZER &#187; Stylestore.com Denmark","og_description":"Stilfuld klassisk blazer med fine n\u00e5lestriber og hoftel\u00e6ngde. Den lukkes med \u00e9n knap og har lommer med klap, perfekt til b\u00e5de formelle og afslappede looks. Ideel til b\u00e5de arbejde og s\u00e6rlige anledninger!","og_url":"https:\/\/stylestore.com\/da\/product\/wblviolet-tailored-blazer\/","og_site_name":"Stylestore.com Denmark","article_modified_time":"2026-04-14T05:01:48+00:00","og_image":[{"width":1259,"height":1888,"url":"https:\/\/stylestore.com\/da\/wp-content\/uploads\/sites\/3\/2024\/12\/Wblviolet_Tailored_Blazer_Wide_Pant_Silver_Lining1.jpg","type":"image\/jpeg"}],"twitter_card":"summary_large_image","schema":{"@context":"https:\/\/schema.org","@graph":[{"@type":"WebPage","@id":"https:\/\/stylestore.com\/da\/product\/wblviolet-tailored-blazer\/","url":"https:\/\/stylestore.com\/da\/product\/wblviolet-tailored-blazer\/","name":"WBLVIOLET TAILORED BLAZER &#187; Stylestore.com Denmark","isPartOf":{"@id":"https:\/\/stylestore.com\/da\/#website"},"primaryImageOfPage":{"@id":"https:\/\/stylestore.com\/da\/product\/wblviolet-tailored-blazer\/#primaryimage"},"image":{"@id":"https:\/\/stylestore.com\/da\/product\/wblviolet-tailored-blazer\/#primaryimage"},"thumbnailUrl":"https:\/\/stylestore.com\/da\/wp-content\/uploads\/sites\/3\/2025\/03\/Wblviolet_Tailored_Blazer_Wide_Pant_Silver_Lining1-1.jpg","datePublished":"2024-06-28T09:22:22+00:00","dateModified":"2026-04-14T05:01:48+00:00","description":"Stilfuld klassisk blazer med fine n\u00e5lestriber og hoftel\u00e6ngde. Den lukkes med \u00e9n knap og har lommer med klap, perfekt til b\u00e5de formelle og afslappede looks. Ideel til b\u00e5de arbejde og s\u00e6rlige anledninger!","breadcrumb":{"@id":"https:\/\/stylestore.com\/da\/product\/wblviolet-tailored-blazer\/#breadcrumb"},"inLanguage":"da-DK","potentialAction":[{"@type":"ReadAction","target":["https:\/\/stylestore.com\/da\/product\/wblviolet-tailored-blazer\/"]}]},{"@type":"ImageObject","inLanguage":"da-DK","@id":"https:\/\/stylestore.com\/da\/product\/wblviolet-tailored-blazer\/#primaryimage","url":"https:\/\/stylestore.com\/da\/wp-content\/uploads\/sites\/3\/2025\/03\/Wblviolet_Tailored_Blazer_Wide_Pant_Silver_Lining1-1.jpg","contentUrl":"https:\/\/stylestore.com\/da\/wp-content\/uploads\/sites\/3\/2025\/03\/Wblviolet_Tailored_Blazer_Wide_Pant_Silver_Lining1-1.jpg","width":1259,"height":1888},{"@type":"BreadcrumbList","@id":"https:\/\/stylestore.com\/da\/product\/wblviolet-tailored-blazer\/#breadcrumb","itemListElement":[{"@type":"ListItem","position":1,"name":"Home","item":"https:\/\/stylestore.com\/da\/"},{"@type":"ListItem","position":2,"name":"S\u00f8g","item":"https:\/\/stylestore.com\/da\/soeg\/"},{"@type":"ListItem","position":3,"name":"WBLVIOLET TAILORED BLAZER"}]},{"@type":"WebSite","@id":"https:\/\/stylestore.com\/da\/#website","url":"https:\/\/stylestore.com\/da\/","name":"Stylestore.com Denmark","description":"","potentialAction":[{"@type":"SearchAction","target":{"@type":"EntryPoint","urlTemplate":"https:\/\/stylestore.com\/da\/?s={search_term_string}"},"query-input":{"@type":"PropertyValueSpecification","valueRequired":true,"valueName":"search_term_string"}}],"inLanguage":"da-DK"}]}},"_links":{"self":[{"href":"https:\/\/stylestore.com\/da\/wp-json\/wp\/v2\/product\/541181","targetHints":{"allow":["GET"]}}],"collection":[{"href":"https:\/\/stylestore.com\/da\/wp-json\/wp\/v2\/product"}],"about":[{"href":"https:\/\/stylestore.com\/da\/wp-json\/wp\/v2\/types\/product"}],"wp:featuredmedia":[{"embeddable":true,"href":"https:\/\/stylestore.com\/da\/wp-json\/wp\/v2\/media\/562895"}],"wp:attachment":[{"href":"https:\/\/stylestore.com\/da\/wp-json\/wp\/v2\/media?parent=541181"}],"wp:term":[{"taxonomy":"product_brand","embeddable":true,"href":"https:\/\/stylestore.com\/da\/wp-json\/wp\/v2\/product_brand?post=541181"},{"taxonomy":"product_cat","embeddable":true,"href":"https:\/\/stylestore.com\/da\/wp-json\/wp\/v2\/product_cat?post=541181"},{"taxonomy":"product_tag","embeddable":true,"href":"https:\/\/stylestore.com\/da\/wp-json\/wp\/v2\/product_tag?post=541181"}],"curies":[{"name":"wp","href":"https:\/\/api.w.org\/{rel}","templated":true}]}}