{"id":541162,"date":"2024-06-28T11:15:30","date_gmt":"2024-06-28T09:15:30","guid":{"rendered":"https:\/\/stylestore.com\/da\/product\/wblvanilla-bomber-jacket-2\/"},"modified":"2026-04-15T10:47:07","modified_gmt":"2026-04-15T08:47:07","slug":"wblvanilla-bomber-jacket-2","status":"publish","type":"product","link":"https:\/\/stylestore.com\/da\/product\/wblvanilla-bomber-jacket-2\/","title":{"rendered":"WBLVANILLA BOMBER JACKET"},"content":{"rendered":"<p>Bomberjakke i stretch-kvalitet<br \/>\nLynl\u00e5slukning<br \/>\nSt\u00e5ende krave<br \/>\nRaglan-\u00e6rmer<br \/>\nPaspellommer foran<br \/>\nElastik ved \u00e6rmekant og kropskant<br \/>\nForet<br \/>\nNormal pasform<br \/>\nL\u00e6ngde under taljen<br \/>\nPlisseret detalje bagp\u00e5<\/p>\n","protected":false},"excerpt":{"rendered":"","protected":false},"featured_media":563296,"template":"","meta":{"_acf_changed":false},"product_brand":[],"product_cat":[18,115],"product_tag":[2151],"class_list":{"0":"post-541162","1":"product","2":"type-product","3":"status-publish","4":"has-post-thumbnail","6":"product_cat-jakker","7":"product_cat-korte-jakker","8":"product_tag-b2b","11":"instock","12":"taxable","13":"shipping-taxable","14":"purchasable","15":"product-type-variable"},"acf":[],"yoast_head":"<!-- This site is optimized with the Yoast SEO plugin v23.8 - https:\/\/yoast.com\/wordpress\/plugins\/seo\/ -->\n<title>WBLVANILLA BOMBER JACKET &#187; Stylestore.com Denmark<\/title>\n<meta name=\"description\" content=\"Cool og alsidig bomberjakke i stretch-kvalitet med normal pasform og l\u00e6ngde under taljen. Designet med st\u00e5ende krave, raglan-\u00e6rmer og plisseret detalje bagp\u00e5 for et stilfuldt touch. Perfekt til et moderne hverdagslook!\" \/>\n<meta name=\"robots\" content=\"index, follow, max-snippet:-1, max-image-preview:large, max-video-preview:-1\" \/>\n<link rel=\"canonical\" href=\"https:\/\/stylestore.com\/da\/product\/wblvanilla-bomber-jacket-2\/\" \/>\n<meta property=\"og:locale\" content=\"da_DK\" \/>\n<meta property=\"og:type\" content=\"article\" \/>\n<meta property=\"og:title\" content=\"WBLVANILLA BOMBER JACKET &#187; Stylestore.com Denmark\" \/>\n<meta property=\"og:description\" content=\"Cool og alsidig bomberjakke i stretch-kvalitet med normal pasform og l\u00e6ngde under taljen. Designet med st\u00e5ende krave, raglan-\u00e6rmer og plisseret detalje bagp\u00e5 for et stilfuldt touch. Perfekt til et moderne hverdagslook!\" \/>\n<meta property=\"og:url\" content=\"https:\/\/stylestore.com\/da\/product\/wblvanilla-bomber-jacket-2\/\" \/>\n<meta property=\"og:site_name\" content=\"Stylestore.com Denmark\" \/>\n<meta property=\"article:modified_time\" content=\"2026-04-15T08:47:07+00:00\" \/>\n<meta property=\"og:image\" content=\"https:\/\/stylestore.com\/da\/wp-content\/uploads\/sites\/3\/2024\/12\/Wblvanilla_Tailored_Pant_Bomber_Jacket_Raven_Melange1.jpg\" \/>\n\t<meta property=\"og:image:width\" content=\"1662\" \/>\n\t<meta property=\"og:image:height\" content=\"2494\" \/>\n\t<meta property=\"og:image:type\" content=\"image\/jpeg\" \/>\n<meta name=\"twitter:card\" content=\"summary_large_image\" \/>\n<script type=\"application\/ld+json\" class=\"yoast-schema-graph\">{\"@context\":\"https:\/\/schema.org\",\"@graph\":[{\"@type\":\"WebPage\",\"@id\":\"https:\/\/stylestore.com\/da\/product\/wblvanilla-bomber-jacket-2\/\",\"url\":\"https:\/\/stylestore.com\/da\/product\/wblvanilla-bomber-jacket-2\/\",\"name\":\"WBLVANILLA BOMBER JACKET &#187; Stylestore.com Denmark\",\"isPartOf\":{\"@id\":\"https:\/\/stylestore.com\/da\/#website\"},\"primaryImageOfPage\":{\"@id\":\"https:\/\/stylestore.com\/da\/product\/wblvanilla-bomber-jacket-2\/#primaryimage\"},\"image\":{\"@id\":\"https:\/\/stylestore.com\/da\/product\/wblvanilla-bomber-jacket-2\/#primaryimage\"},\"thumbnailUrl\":\"https:\/\/stylestore.com\/da\/wp-content\/uploads\/sites\/3\/2025\/03\/Wblvanilla_Bomber_Jacket_Raven_Melange1-2.jpg\",\"datePublished\":\"2024-06-28T09:15:30+00:00\",\"dateModified\":\"2026-04-15T08:47:07+00:00\",\"description\":\"Cool og alsidig bomberjakke i stretch-kvalitet med normal pasform og l\u00e6ngde under taljen. Designet med st\u00e5ende krave, raglan-\u00e6rmer og plisseret detalje bagp\u00e5 for et stilfuldt touch. Perfekt til et moderne hverdagslook!\",\"breadcrumb\":{\"@id\":\"https:\/\/stylestore.com\/da\/product\/wblvanilla-bomber-jacket-2\/#breadcrumb\"},\"inLanguage\":\"da-DK\",\"potentialAction\":[{\"@type\":\"ReadAction\",\"target\":[\"https:\/\/stylestore.com\/da\/product\/wblvanilla-bomber-jacket-2\/\"]}]},{\"@type\":\"ImageObject\",\"inLanguage\":\"da-DK\",\"@id\":\"https:\/\/stylestore.com\/da\/product\/wblvanilla-bomber-jacket-2\/#primaryimage\",\"url\":\"https:\/\/stylestore.com\/da\/wp-content\/uploads\/sites\/3\/2025\/03\/Wblvanilla_Bomber_Jacket_Raven_Melange1-2.jpg\",\"contentUrl\":\"https:\/\/stylestore.com\/da\/wp-content\/uploads\/sites\/3\/2025\/03\/Wblvanilla_Bomber_Jacket_Raven_Melange1-2.jpg\",\"width\":1428,\"height\":2143},{\"@type\":\"BreadcrumbList\",\"@id\":\"https:\/\/stylestore.com\/da\/product\/wblvanilla-bomber-jacket-2\/#breadcrumb\",\"itemListElement\":[{\"@type\":\"ListItem\",\"position\":1,\"name\":\"Home\",\"item\":\"https:\/\/stylestore.com\/da\/\"},{\"@type\":\"ListItem\",\"position\":2,\"name\":\"S\u00f8g\",\"item\":\"https:\/\/stylestore.com\/da\/soeg\/\"},{\"@type\":\"ListItem\",\"position\":3,\"name\":\"WBLVANILLA BOMBER JACKET\"}]},{\"@type\":\"WebSite\",\"@id\":\"https:\/\/stylestore.com\/da\/#website\",\"url\":\"https:\/\/stylestore.com\/da\/\",\"name\":\"Stylestore.com Denmark\",\"description\":\"\",\"potentialAction\":[{\"@type\":\"SearchAction\",\"target\":{\"@type\":\"EntryPoint\",\"urlTemplate\":\"https:\/\/stylestore.com\/da\/?s={search_term_string}\"},\"query-input\":{\"@type\":\"PropertyValueSpecification\",\"valueRequired\":true,\"valueName\":\"search_term_string\"}}],\"inLanguage\":\"da-DK\"}]}<\/script>\n<!-- \/ Yoast SEO plugin. -->","yoast_head_json":{"title":"WBLVANILLA BOMBER JACKET &#187; Stylestore.com Denmark","description":"Cool og alsidig bomberjakke i stretch-kvalitet med normal pasform og l\u00e6ngde under taljen. Designet med st\u00e5ende krave, raglan-\u00e6rmer og plisseret detalje bagp\u00e5 for et stilfuldt touch. Perfekt til et moderne hverdagslook!","robots":{"index":"index","follow":"follow","max-snippet":"max-snippet:-1","max-image-preview":"max-image-preview:large","max-video-preview":"max-video-preview:-1"},"canonical":"https:\/\/stylestore.com\/da\/product\/wblvanilla-bomber-jacket-2\/","og_locale":"da_DK","og_type":"article","og_title":"WBLVANILLA BOMBER JACKET &#187; Stylestore.com Denmark","og_description":"Cool og alsidig bomberjakke i stretch-kvalitet med normal pasform og l\u00e6ngde under taljen. Designet med st\u00e5ende krave, raglan-\u00e6rmer og plisseret detalje bagp\u00e5 for et stilfuldt touch. Perfekt til et moderne hverdagslook!","og_url":"https:\/\/stylestore.com\/da\/product\/wblvanilla-bomber-jacket-2\/","og_site_name":"Stylestore.com Denmark","article_modified_time":"2026-04-15T08:47:07+00:00","og_image":[{"width":1662,"height":2494,"url":"https:\/\/stylestore.com\/da\/wp-content\/uploads\/sites\/3\/2024\/12\/Wblvanilla_Tailored_Pant_Bomber_Jacket_Raven_Melange1.jpg","type":"image\/jpeg"}],"twitter_card":"summary_large_image","schema":{"@context":"https:\/\/schema.org","@graph":[{"@type":"WebPage","@id":"https:\/\/stylestore.com\/da\/product\/wblvanilla-bomber-jacket-2\/","url":"https:\/\/stylestore.com\/da\/product\/wblvanilla-bomber-jacket-2\/","name":"WBLVANILLA BOMBER JACKET &#187; Stylestore.com Denmark","isPartOf":{"@id":"https:\/\/stylestore.com\/da\/#website"},"primaryImageOfPage":{"@id":"https:\/\/stylestore.com\/da\/product\/wblvanilla-bomber-jacket-2\/#primaryimage"},"image":{"@id":"https:\/\/stylestore.com\/da\/product\/wblvanilla-bomber-jacket-2\/#primaryimage"},"thumbnailUrl":"https:\/\/stylestore.com\/da\/wp-content\/uploads\/sites\/3\/2025\/03\/Wblvanilla_Bomber_Jacket_Raven_Melange1-2.jpg","datePublished":"2024-06-28T09:15:30+00:00","dateModified":"2026-04-15T08:47:07+00:00","description":"Cool og alsidig bomberjakke i stretch-kvalitet med normal pasform og l\u00e6ngde under taljen. Designet med st\u00e5ende krave, raglan-\u00e6rmer og plisseret detalje bagp\u00e5 for et stilfuldt touch. Perfekt til et moderne hverdagslook!","breadcrumb":{"@id":"https:\/\/stylestore.com\/da\/product\/wblvanilla-bomber-jacket-2\/#breadcrumb"},"inLanguage":"da-DK","potentialAction":[{"@type":"ReadAction","target":["https:\/\/stylestore.com\/da\/product\/wblvanilla-bomber-jacket-2\/"]}]},{"@type":"ImageObject","inLanguage":"da-DK","@id":"https:\/\/stylestore.com\/da\/product\/wblvanilla-bomber-jacket-2\/#primaryimage","url":"https:\/\/stylestore.com\/da\/wp-content\/uploads\/sites\/3\/2025\/03\/Wblvanilla_Bomber_Jacket_Raven_Melange1-2.jpg","contentUrl":"https:\/\/stylestore.com\/da\/wp-content\/uploads\/sites\/3\/2025\/03\/Wblvanilla_Bomber_Jacket_Raven_Melange1-2.jpg","width":1428,"height":2143},{"@type":"BreadcrumbList","@id":"https:\/\/stylestore.com\/da\/product\/wblvanilla-bomber-jacket-2\/#breadcrumb","itemListElement":[{"@type":"ListItem","position":1,"name":"Home","item":"https:\/\/stylestore.com\/da\/"},{"@type":"ListItem","position":2,"name":"S\u00f8g","item":"https:\/\/stylestore.com\/da\/soeg\/"},{"@type":"ListItem","position":3,"name":"WBLVANILLA BOMBER JACKET"}]},{"@type":"WebSite","@id":"https:\/\/stylestore.com\/da\/#website","url":"https:\/\/stylestore.com\/da\/","name":"Stylestore.com Denmark","description":"","potentialAction":[{"@type":"SearchAction","target":{"@type":"EntryPoint","urlTemplate":"https:\/\/stylestore.com\/da\/?s={search_term_string}"},"query-input":{"@type":"PropertyValueSpecification","valueRequired":true,"valueName":"search_term_string"}}],"inLanguage":"da-DK"}]}},"_links":{"self":[{"href":"https:\/\/stylestore.com\/da\/wp-json\/wp\/v2\/product\/541162","targetHints":{"allow":["GET"]}}],"collection":[{"href":"https:\/\/stylestore.com\/da\/wp-json\/wp\/v2\/product"}],"about":[{"href":"https:\/\/stylestore.com\/da\/wp-json\/wp\/v2\/types\/product"}],"wp:featuredmedia":[{"embeddable":true,"href":"https:\/\/stylestore.com\/da\/wp-json\/wp\/v2\/media\/563296"}],"wp:attachment":[{"href":"https:\/\/stylestore.com\/da\/wp-json\/wp\/v2\/media?parent=541162"}],"wp:term":[{"taxonomy":"product_brand","embeddable":true,"href":"https:\/\/stylestore.com\/da\/wp-json\/wp\/v2\/product_brand?post=541162"},{"taxonomy":"product_cat","embeddable":true,"href":"https:\/\/stylestore.com\/da\/wp-json\/wp\/v2\/product_cat?post=541162"},{"taxonomy":"product_tag","embeddable":true,"href":"https:\/\/stylestore.com\/da\/wp-json\/wp\/v2\/product_tag?post=541162"}],"curies":[{"name":"wp","href":"https:\/\/api.w.org\/{rel}","templated":true}]}}