{"id":541010,"date":"2024-06-28T10:17:15","date_gmt":"2024-06-28T08:17:15","guid":{"rendered":"https:\/\/stylestore.com\/da\/product\/wblquin-batsleeve-shirt\/"},"modified":"2026-04-18T06:58:23","modified_gmt":"2026-04-18T04:58:23","slug":"wblquin-batsleeve-shirt","status":"publish","type":"product","link":"https:\/\/stylestore.com\/da\/product\/wblquin-batsleeve-shirt\/","title":{"rendered":"WBLQUIN BATSLEEVE SHIRT"},"content":{"rendered":"<p>Skjorte i bomuldskvalitet<br \/>\nFlagermus\u00e6rme med opsm\u00f8g<br \/>\nNormal pasform<br \/>\nHoftel\u00e6ngde<br \/>\nKlassisk krave<br \/>\nKnaplukning<br \/>\nLige kant forneden<\/p>\n","protected":false},"excerpt":{"rendered":"","protected":false},"featured_media":563018,"template":"","meta":{"_acf_changed":false},"product_brand":[],"product_cat":[124,20],"product_tag":[2151],"class_list":{"0":"post-541010","1":"product","2":"type-product","3":"status-publish","4":"has-post-thumbnail","6":"product_cat-skjorter","7":"product_cat-toppe","8":"product_tag-b2b","11":"instock","12":"taxable","13":"shipping-taxable","14":"purchasable","15":"product-type-variable"},"acf":[],"yoast_head":"<!-- This site is optimized with the Yoast SEO plugin v23.8 - https:\/\/yoast.com\/wordpress\/plugins\/seo\/ -->\n<title>WBLQUIN BATSLEEVE SHIRT &#187; Stylestore.com Denmark<\/title>\n<meta name=\"description\" content=\"Stilfuld skjorte i bomuldskvalitet med flagermus\u00e6rme og opsm\u00f8g. Den normale pasform og hoftel\u00e6ngde giver et afslappet look, mens den klassiske krave og knaplukning tilf\u00f8jer tidl\u00f8s elegance. Perfekt til b\u00e5de hverdag og mere formelle anledninger!\" \/>\n<meta name=\"robots\" content=\"index, follow, max-snippet:-1, max-image-preview:large, max-video-preview:-1\" \/>\n<link rel=\"canonical\" href=\"https:\/\/stylestore.com\/da\/product\/wblquin-batsleeve-shirt\/\" \/>\n<meta property=\"og:locale\" content=\"da_DK\" \/>\n<meta property=\"og:type\" content=\"article\" \/>\n<meta property=\"og:title\" content=\"WBLQUIN BATSLEEVE SHIRT &#187; Stylestore.com Denmark\" \/>\n<meta property=\"og:description\" content=\"Stilfuld skjorte i bomuldskvalitet med flagermus\u00e6rme og opsm\u00f8g. Den normale pasform og hoftel\u00e6ngde giver et afslappet look, mens den klassiske krave og knaplukning tilf\u00f8jer tidl\u00f8s elegance. Perfekt til b\u00e5de hverdag og mere formelle anledninger!\" \/>\n<meta property=\"og:url\" content=\"https:\/\/stylestore.com\/da\/product\/wblquin-batsleeve-shirt\/\" \/>\n<meta property=\"og:site_name\" content=\"Stylestore.com Denmark\" \/>\n<meta property=\"article:modified_time\" content=\"2026-04-18T04:58:23+00:00\" \/>\n<meta property=\"og:image\" content=\"https:\/\/stylestore.com\/da\/wp-content\/uploads\/sites\/3\/2025\/01\/Wblquin_Ss_Batsleeve_Shirt_Mid_Day_Blue_1.jpg\" \/>\n\t<meta property=\"og:image:width\" content=\"991\" \/>\n\t<meta property=\"og:image:height\" content=\"1485\" \/>\n\t<meta property=\"og:image:type\" content=\"image\/jpeg\" \/>\n<meta name=\"twitter:card\" content=\"summary_large_image\" \/>\n<script type=\"application\/ld+json\" class=\"yoast-schema-graph\">{\"@context\":\"https:\/\/schema.org\",\"@graph\":[{\"@type\":\"WebPage\",\"@id\":\"https:\/\/stylestore.com\/da\/product\/wblquin-batsleeve-shirt\/\",\"url\":\"https:\/\/stylestore.com\/da\/product\/wblquin-batsleeve-shirt\/\",\"name\":\"WBLQUIN BATSLEEVE SHIRT &#187; Stylestore.com Denmark\",\"isPartOf\":{\"@id\":\"https:\/\/stylestore.com\/da\/#website\"},\"primaryImageOfPage\":{\"@id\":\"https:\/\/stylestore.com\/da\/product\/wblquin-batsleeve-shirt\/#primaryimage\"},\"image\":{\"@id\":\"https:\/\/stylestore.com\/da\/product\/wblquin-batsleeve-shirt\/#primaryimage\"},\"thumbnailUrl\":\"https:\/\/stylestore.com\/da\/wp-content\/uploads\/sites\/3\/2025\/03\/Wblquin_Ss_Batsleeve_Shirt_Mid_Day_Blue_1.jpg\",\"datePublished\":\"2024-06-28T08:17:15+00:00\",\"dateModified\":\"2026-04-18T04:58:23+00:00\",\"description\":\"Stilfuld skjorte i bomuldskvalitet med flagermus\u00e6rme og opsm\u00f8g. Den normale pasform og hoftel\u00e6ngde giver et afslappet look, mens den klassiske krave og knaplukning tilf\u00f8jer tidl\u00f8s elegance. Perfekt til b\u00e5de hverdag og mere formelle anledninger!\",\"breadcrumb\":{\"@id\":\"https:\/\/stylestore.com\/da\/product\/wblquin-batsleeve-shirt\/#breadcrumb\"},\"inLanguage\":\"da-DK\",\"potentialAction\":[{\"@type\":\"ReadAction\",\"target\":[\"https:\/\/stylestore.com\/da\/product\/wblquin-batsleeve-shirt\/\"]}]},{\"@type\":\"ImageObject\",\"inLanguage\":\"da-DK\",\"@id\":\"https:\/\/stylestore.com\/da\/product\/wblquin-batsleeve-shirt\/#primaryimage\",\"url\":\"https:\/\/stylestore.com\/da\/wp-content\/uploads\/sites\/3\/2025\/03\/Wblquin_Ss_Batsleeve_Shirt_Mid_Day_Blue_1.jpg\",\"contentUrl\":\"https:\/\/stylestore.com\/da\/wp-content\/uploads\/sites\/3\/2025\/03\/Wblquin_Ss_Batsleeve_Shirt_Mid_Day_Blue_1.jpg\",\"width\":991,\"height\":1485},{\"@type\":\"BreadcrumbList\",\"@id\":\"https:\/\/stylestore.com\/da\/product\/wblquin-batsleeve-shirt\/#breadcrumb\",\"itemListElement\":[{\"@type\":\"ListItem\",\"position\":1,\"name\":\"Home\",\"item\":\"https:\/\/stylestore.com\/da\/\"},{\"@type\":\"ListItem\",\"position\":2,\"name\":\"S\u00f8g\",\"item\":\"https:\/\/stylestore.com\/da\/soeg\/\"},{\"@type\":\"ListItem\",\"position\":3,\"name\":\"WBLQUIN BATSLEEVE SHIRT\"}]},{\"@type\":\"WebSite\",\"@id\":\"https:\/\/stylestore.com\/da\/#website\",\"url\":\"https:\/\/stylestore.com\/da\/\",\"name\":\"Stylestore.com Denmark\",\"description\":\"\",\"potentialAction\":[{\"@type\":\"SearchAction\",\"target\":{\"@type\":\"EntryPoint\",\"urlTemplate\":\"https:\/\/stylestore.com\/da\/?s={search_term_string}\"},\"query-input\":{\"@type\":\"PropertyValueSpecification\",\"valueRequired\":true,\"valueName\":\"search_term_string\"}}],\"inLanguage\":\"da-DK\"}]}<\/script>\n<!-- \/ Yoast SEO plugin. -->","yoast_head_json":{"title":"WBLQUIN BATSLEEVE SHIRT &#187; Stylestore.com Denmark","description":"Stilfuld skjorte i bomuldskvalitet med flagermus\u00e6rme og opsm\u00f8g. Den normale pasform og hoftel\u00e6ngde giver et afslappet look, mens den klassiske krave og knaplukning tilf\u00f8jer tidl\u00f8s elegance. Perfekt til b\u00e5de hverdag og mere formelle anledninger!","robots":{"index":"index","follow":"follow","max-snippet":"max-snippet:-1","max-image-preview":"max-image-preview:large","max-video-preview":"max-video-preview:-1"},"canonical":"https:\/\/stylestore.com\/da\/product\/wblquin-batsleeve-shirt\/","og_locale":"da_DK","og_type":"article","og_title":"WBLQUIN BATSLEEVE SHIRT &#187; Stylestore.com Denmark","og_description":"Stilfuld skjorte i bomuldskvalitet med flagermus\u00e6rme og opsm\u00f8g. Den normale pasform og hoftel\u00e6ngde giver et afslappet look, mens den klassiske krave og knaplukning tilf\u00f8jer tidl\u00f8s elegance. Perfekt til b\u00e5de hverdag og mere formelle anledninger!","og_url":"https:\/\/stylestore.com\/da\/product\/wblquin-batsleeve-shirt\/","og_site_name":"Stylestore.com Denmark","article_modified_time":"2026-04-18T04:58:23+00:00","og_image":[{"width":991,"height":1485,"url":"https:\/\/stylestore.com\/da\/wp-content\/uploads\/sites\/3\/2025\/01\/Wblquin_Ss_Batsleeve_Shirt_Mid_Day_Blue_1.jpg","type":"image\/jpeg"}],"twitter_card":"summary_large_image","schema":{"@context":"https:\/\/schema.org","@graph":[{"@type":"WebPage","@id":"https:\/\/stylestore.com\/da\/product\/wblquin-batsleeve-shirt\/","url":"https:\/\/stylestore.com\/da\/product\/wblquin-batsleeve-shirt\/","name":"WBLQUIN BATSLEEVE SHIRT &#187; Stylestore.com Denmark","isPartOf":{"@id":"https:\/\/stylestore.com\/da\/#website"},"primaryImageOfPage":{"@id":"https:\/\/stylestore.com\/da\/product\/wblquin-batsleeve-shirt\/#primaryimage"},"image":{"@id":"https:\/\/stylestore.com\/da\/product\/wblquin-batsleeve-shirt\/#primaryimage"},"thumbnailUrl":"https:\/\/stylestore.com\/da\/wp-content\/uploads\/sites\/3\/2025\/03\/Wblquin_Ss_Batsleeve_Shirt_Mid_Day_Blue_1.jpg","datePublished":"2024-06-28T08:17:15+00:00","dateModified":"2026-04-18T04:58:23+00:00","description":"Stilfuld skjorte i bomuldskvalitet med flagermus\u00e6rme og opsm\u00f8g. Den normale pasform og hoftel\u00e6ngde giver et afslappet look, mens den klassiske krave og knaplukning tilf\u00f8jer tidl\u00f8s elegance. Perfekt til b\u00e5de hverdag og mere formelle anledninger!","breadcrumb":{"@id":"https:\/\/stylestore.com\/da\/product\/wblquin-batsleeve-shirt\/#breadcrumb"},"inLanguage":"da-DK","potentialAction":[{"@type":"ReadAction","target":["https:\/\/stylestore.com\/da\/product\/wblquin-batsleeve-shirt\/"]}]},{"@type":"ImageObject","inLanguage":"da-DK","@id":"https:\/\/stylestore.com\/da\/product\/wblquin-batsleeve-shirt\/#primaryimage","url":"https:\/\/stylestore.com\/da\/wp-content\/uploads\/sites\/3\/2025\/03\/Wblquin_Ss_Batsleeve_Shirt_Mid_Day_Blue_1.jpg","contentUrl":"https:\/\/stylestore.com\/da\/wp-content\/uploads\/sites\/3\/2025\/03\/Wblquin_Ss_Batsleeve_Shirt_Mid_Day_Blue_1.jpg","width":991,"height":1485},{"@type":"BreadcrumbList","@id":"https:\/\/stylestore.com\/da\/product\/wblquin-batsleeve-shirt\/#breadcrumb","itemListElement":[{"@type":"ListItem","position":1,"name":"Home","item":"https:\/\/stylestore.com\/da\/"},{"@type":"ListItem","position":2,"name":"S\u00f8g","item":"https:\/\/stylestore.com\/da\/soeg\/"},{"@type":"ListItem","position":3,"name":"WBLQUIN BATSLEEVE SHIRT"}]},{"@type":"WebSite","@id":"https:\/\/stylestore.com\/da\/#website","url":"https:\/\/stylestore.com\/da\/","name":"Stylestore.com Denmark","description":"","potentialAction":[{"@type":"SearchAction","target":{"@type":"EntryPoint","urlTemplate":"https:\/\/stylestore.com\/da\/?s={search_term_string}"},"query-input":{"@type":"PropertyValueSpecification","valueRequired":true,"valueName":"search_term_string"}}],"inLanguage":"da-DK"}]}},"_links":{"self":[{"href":"https:\/\/stylestore.com\/da\/wp-json\/wp\/v2\/product\/541010","targetHints":{"allow":["GET"]}}],"collection":[{"href":"https:\/\/stylestore.com\/da\/wp-json\/wp\/v2\/product"}],"about":[{"href":"https:\/\/stylestore.com\/da\/wp-json\/wp\/v2\/types\/product"}],"wp:featuredmedia":[{"embeddable":true,"href":"https:\/\/stylestore.com\/da\/wp-json\/wp\/v2\/media\/563018"}],"wp:attachment":[{"href":"https:\/\/stylestore.com\/da\/wp-json\/wp\/v2\/media?parent=541010"}],"wp:term":[{"taxonomy":"product_brand","embeddable":true,"href":"https:\/\/stylestore.com\/da\/wp-json\/wp\/v2\/product_brand?post=541010"},{"taxonomy":"product_cat","embeddable":true,"href":"https:\/\/stylestore.com\/da\/wp-json\/wp\/v2\/product_cat?post=541010"},{"taxonomy":"product_tag","embeddable":true,"href":"https:\/\/stylestore.com\/da\/wp-json\/wp\/v2\/product_tag?post=541010"}],"curies":[{"name":"wp","href":"https:\/\/api.w.org\/{rel}","templated":true}]}}