{"id":540982,"date":"2024-06-28T10:07:19","date_gmt":"2024-06-28T08:07:19","guid":{"rendered":"https:\/\/stylestore.com\/da\/product\/wblmilan-sateen-wide-pant\/"},"modified":"2026-04-16T07:13:05","modified_gmt":"2026-04-16T05:13:05","slug":"wblmilan-sateen-wide-pant","status":"publish","type":"product","link":"https:\/\/stylestore.com\/da\/product\/wblmilan-sateen-wide-pant\/","title":{"rendered":"WBLMILAN SATEEN WIDE PANT"},"content":{"rendered":"<p>Bukser i bl\u00f8d satinkvalitet<br \/>\nNormal pasform<br \/>\nFuld l\u00e6ngde<br \/>\nBrede ben<br \/>\nLukkes med knap og gylp<br \/>\nLinning og b\u00e6ltestropper<br \/>\nPlisseringer foran<br \/>\nLommer i siden<br \/>\nPaspellommer bagp\u00e5<br \/>\nElastik i linningen bagp\u00e5<\/p>\n","protected":false},"excerpt":{"rendered":"","protected":false},"featured_media":563448,"template":"","meta":{"_acf_changed":false},"product_brand":[],"product_cat":[128,21],"product_tag":[2151],"class_list":{"0":"post-540982","1":"product","2":"type-product","3":"status-publish","4":"has-post-thumbnail","6":"product_cat-bukser","7":"product_cat-bukser-og-nederdele","8":"product_tag-b2b","11":"instock","12":"taxable","13":"shipping-taxable","14":"purchasable","15":"product-type-variable"},"acf":[],"yoast_head":"<!-- This site is optimized with the Yoast SEO plugin v23.8 - https:\/\/yoast.com\/wordpress\/plugins\/seo\/ -->\n<title>WBLMILAN SATEEN WIDE PANT &#187; Stylestore.com Denmark<\/title>\n<meta name=\"description\" content=\"Elegante bukser i bl\u00f8d satinkvalitet med brede ben og fuld l\u00e6ngde for et luksuri\u00f8st look. Plisseringer, sidelommer og elastik i linningen bagp\u00e5 sikrer b\u00e5de stil og komfort. Perfekte til b\u00e5de hverdag og fest!\" \/>\n<meta name=\"robots\" content=\"index, follow, max-snippet:-1, max-image-preview:large, max-video-preview:-1\" \/>\n<link rel=\"canonical\" href=\"https:\/\/stylestore.com\/da\/product\/wblmilan-sateen-wide-pant\/\" \/>\n<meta property=\"og:locale\" content=\"da_DK\" \/>\n<meta property=\"og:type\" content=\"article\" \/>\n<meta property=\"og:title\" content=\"WBLMILAN SATEEN WIDE PANT &#187; Stylestore.com Denmark\" \/>\n<meta property=\"og:description\" content=\"Elegante bukser i bl\u00f8d satinkvalitet med brede ben og fuld l\u00e6ngde for et luksuri\u00f8st look. Plisseringer, sidelommer og elastik i linningen bagp\u00e5 sikrer b\u00e5de stil og komfort. Perfekte til b\u00e5de hverdag og fest!\" \/>\n<meta property=\"og:url\" content=\"https:\/\/stylestore.com\/da\/product\/wblmilan-sateen-wide-pant\/\" \/>\n<meta property=\"og:site_name\" content=\"Stylestore.com Denmark\" \/>\n<meta property=\"article:modified_time\" content=\"2026-04-16T05:13:05+00:00\" \/>\n<meta property=\"og:image\" content=\"https:\/\/stylestore.com\/da\/wp-content\/uploads\/sites\/3\/2025\/01\/WBLMILAN_SATEEN_TAILORED_BLAZER_Wide_Pant_Falcon1-1-scaled.jpg\" \/>\n\t<meta property=\"og:image:width\" content=\"1707\" \/>\n\t<meta property=\"og:image:height\" content=\"2560\" \/>\n\t<meta property=\"og:image:type\" content=\"image\/jpeg\" \/>\n<meta name=\"twitter:card\" content=\"summary_large_image\" \/>\n<script type=\"application\/ld+json\" class=\"yoast-schema-graph\">{\"@context\":\"https:\/\/schema.org\",\"@graph\":[{\"@type\":\"WebPage\",\"@id\":\"https:\/\/stylestore.com\/da\/product\/wblmilan-sateen-wide-pant\/\",\"url\":\"https:\/\/stylestore.com\/da\/product\/wblmilan-sateen-wide-pant\/\",\"name\":\"WBLMILAN SATEEN WIDE PANT &#187; Stylestore.com Denmark\",\"isPartOf\":{\"@id\":\"https:\/\/stylestore.com\/da\/#website\"},\"primaryImageOfPage\":{\"@id\":\"https:\/\/stylestore.com\/da\/product\/wblmilan-sateen-wide-pant\/#primaryimage\"},\"image\":{\"@id\":\"https:\/\/stylestore.com\/da\/product\/wblmilan-sateen-wide-pant\/#primaryimage\"},\"thumbnailUrl\":\"https:\/\/stylestore.com\/da\/wp-content\/uploads\/sites\/3\/2025\/03\/WBLMILAN_SATEEN_TAILORED_BLAZER_Wide_Pant_Falcon1-3-scaled.jpg\",\"datePublished\":\"2024-06-28T08:07:19+00:00\",\"dateModified\":\"2026-04-16T05:13:05+00:00\",\"description\":\"Elegante bukser i bl\u00f8d satinkvalitet med brede ben og fuld l\u00e6ngde for et luksuri\u00f8st look. Plisseringer, sidelommer og elastik i linningen bagp\u00e5 sikrer b\u00e5de stil og komfort. Perfekte til b\u00e5de hverdag og fest!\",\"breadcrumb\":{\"@id\":\"https:\/\/stylestore.com\/da\/product\/wblmilan-sateen-wide-pant\/#breadcrumb\"},\"inLanguage\":\"da-DK\",\"potentialAction\":[{\"@type\":\"ReadAction\",\"target\":[\"https:\/\/stylestore.com\/da\/product\/wblmilan-sateen-wide-pant\/\"]}]},{\"@type\":\"ImageObject\",\"inLanguage\":\"da-DK\",\"@id\":\"https:\/\/stylestore.com\/da\/product\/wblmilan-sateen-wide-pant\/#primaryimage\",\"url\":\"https:\/\/stylestore.com\/da\/wp-content\/uploads\/sites\/3\/2025\/03\/WBLMILAN_SATEEN_TAILORED_BLAZER_Wide_Pant_Falcon1-3-scaled.jpg\",\"contentUrl\":\"https:\/\/stylestore.com\/da\/wp-content\/uploads\/sites\/3\/2025\/03\/WBLMILAN_SATEEN_TAILORED_BLAZER_Wide_Pant_Falcon1-3-scaled.jpg\",\"width\":1707,\"height\":2560},{\"@type\":\"BreadcrumbList\",\"@id\":\"https:\/\/stylestore.com\/da\/product\/wblmilan-sateen-wide-pant\/#breadcrumb\",\"itemListElement\":[{\"@type\":\"ListItem\",\"position\":1,\"name\":\"Home\",\"item\":\"https:\/\/stylestore.com\/da\/\"},{\"@type\":\"ListItem\",\"position\":2,\"name\":\"S\u00f8g\",\"item\":\"https:\/\/stylestore.com\/da\/soeg\/\"},{\"@type\":\"ListItem\",\"position\":3,\"name\":\"WBLMILAN SATEEN WIDE PANT\"}]},{\"@type\":\"WebSite\",\"@id\":\"https:\/\/stylestore.com\/da\/#website\",\"url\":\"https:\/\/stylestore.com\/da\/\",\"name\":\"Stylestore.com Denmark\",\"description\":\"\",\"potentialAction\":[{\"@type\":\"SearchAction\",\"target\":{\"@type\":\"EntryPoint\",\"urlTemplate\":\"https:\/\/stylestore.com\/da\/?s={search_term_string}\"},\"query-input\":{\"@type\":\"PropertyValueSpecification\",\"valueRequired\":true,\"valueName\":\"search_term_string\"}}],\"inLanguage\":\"da-DK\"}]}<\/script>\n<!-- \/ Yoast SEO plugin. -->","yoast_head_json":{"title":"WBLMILAN SATEEN WIDE PANT &#187; Stylestore.com Denmark","description":"Elegante bukser i bl\u00f8d satinkvalitet med brede ben og fuld l\u00e6ngde for et luksuri\u00f8st look. Plisseringer, sidelommer og elastik i linningen bagp\u00e5 sikrer b\u00e5de stil og komfort. Perfekte til b\u00e5de hverdag og fest!","robots":{"index":"index","follow":"follow","max-snippet":"max-snippet:-1","max-image-preview":"max-image-preview:large","max-video-preview":"max-video-preview:-1"},"canonical":"https:\/\/stylestore.com\/da\/product\/wblmilan-sateen-wide-pant\/","og_locale":"da_DK","og_type":"article","og_title":"WBLMILAN SATEEN WIDE PANT &#187; Stylestore.com Denmark","og_description":"Elegante bukser i bl\u00f8d satinkvalitet med brede ben og fuld l\u00e6ngde for et luksuri\u00f8st look. Plisseringer, sidelommer og elastik i linningen bagp\u00e5 sikrer b\u00e5de stil og komfort. Perfekte til b\u00e5de hverdag og fest!","og_url":"https:\/\/stylestore.com\/da\/product\/wblmilan-sateen-wide-pant\/","og_site_name":"Stylestore.com Denmark","article_modified_time":"2026-04-16T05:13:05+00:00","og_image":[{"width":1707,"height":2560,"url":"https:\/\/stylestore.com\/da\/wp-content\/uploads\/sites\/3\/2025\/01\/WBLMILAN_SATEEN_TAILORED_BLAZER_Wide_Pant_Falcon1-1-scaled.jpg","type":"image\/jpeg"}],"twitter_card":"summary_large_image","schema":{"@context":"https:\/\/schema.org","@graph":[{"@type":"WebPage","@id":"https:\/\/stylestore.com\/da\/product\/wblmilan-sateen-wide-pant\/","url":"https:\/\/stylestore.com\/da\/product\/wblmilan-sateen-wide-pant\/","name":"WBLMILAN SATEEN WIDE PANT &#187; Stylestore.com Denmark","isPartOf":{"@id":"https:\/\/stylestore.com\/da\/#website"},"primaryImageOfPage":{"@id":"https:\/\/stylestore.com\/da\/product\/wblmilan-sateen-wide-pant\/#primaryimage"},"image":{"@id":"https:\/\/stylestore.com\/da\/product\/wblmilan-sateen-wide-pant\/#primaryimage"},"thumbnailUrl":"https:\/\/stylestore.com\/da\/wp-content\/uploads\/sites\/3\/2025\/03\/WBLMILAN_SATEEN_TAILORED_BLAZER_Wide_Pant_Falcon1-3-scaled.jpg","datePublished":"2024-06-28T08:07:19+00:00","dateModified":"2026-04-16T05:13:05+00:00","description":"Elegante bukser i bl\u00f8d satinkvalitet med brede ben og fuld l\u00e6ngde for et luksuri\u00f8st look. Plisseringer, sidelommer og elastik i linningen bagp\u00e5 sikrer b\u00e5de stil og komfort. Perfekte til b\u00e5de hverdag og fest!","breadcrumb":{"@id":"https:\/\/stylestore.com\/da\/product\/wblmilan-sateen-wide-pant\/#breadcrumb"},"inLanguage":"da-DK","potentialAction":[{"@type":"ReadAction","target":["https:\/\/stylestore.com\/da\/product\/wblmilan-sateen-wide-pant\/"]}]},{"@type":"ImageObject","inLanguage":"da-DK","@id":"https:\/\/stylestore.com\/da\/product\/wblmilan-sateen-wide-pant\/#primaryimage","url":"https:\/\/stylestore.com\/da\/wp-content\/uploads\/sites\/3\/2025\/03\/WBLMILAN_SATEEN_TAILORED_BLAZER_Wide_Pant_Falcon1-3-scaled.jpg","contentUrl":"https:\/\/stylestore.com\/da\/wp-content\/uploads\/sites\/3\/2025\/03\/WBLMILAN_SATEEN_TAILORED_BLAZER_Wide_Pant_Falcon1-3-scaled.jpg","width":1707,"height":2560},{"@type":"BreadcrumbList","@id":"https:\/\/stylestore.com\/da\/product\/wblmilan-sateen-wide-pant\/#breadcrumb","itemListElement":[{"@type":"ListItem","position":1,"name":"Home","item":"https:\/\/stylestore.com\/da\/"},{"@type":"ListItem","position":2,"name":"S\u00f8g","item":"https:\/\/stylestore.com\/da\/soeg\/"},{"@type":"ListItem","position":3,"name":"WBLMILAN SATEEN WIDE PANT"}]},{"@type":"WebSite","@id":"https:\/\/stylestore.com\/da\/#website","url":"https:\/\/stylestore.com\/da\/","name":"Stylestore.com Denmark","description":"","potentialAction":[{"@type":"SearchAction","target":{"@type":"EntryPoint","urlTemplate":"https:\/\/stylestore.com\/da\/?s={search_term_string}"},"query-input":{"@type":"PropertyValueSpecification","valueRequired":true,"valueName":"search_term_string"}}],"inLanguage":"da-DK"}]}},"_links":{"self":[{"href":"https:\/\/stylestore.com\/da\/wp-json\/wp\/v2\/product\/540982","targetHints":{"allow":["GET"]}}],"collection":[{"href":"https:\/\/stylestore.com\/da\/wp-json\/wp\/v2\/product"}],"about":[{"href":"https:\/\/stylestore.com\/da\/wp-json\/wp\/v2\/types\/product"}],"wp:featuredmedia":[{"embeddable":true,"href":"https:\/\/stylestore.com\/da\/wp-json\/wp\/v2\/media\/563448"}],"wp:attachment":[{"href":"https:\/\/stylestore.com\/da\/wp-json\/wp\/v2\/media?parent=540982"}],"wp:term":[{"taxonomy":"product_brand","embeddable":true,"href":"https:\/\/stylestore.com\/da\/wp-json\/wp\/v2\/product_brand?post=540982"},{"taxonomy":"product_cat","embeddable":true,"href":"https:\/\/stylestore.com\/da\/wp-json\/wp\/v2\/product_cat?post=540982"},{"taxonomy":"product_tag","embeddable":true,"href":"https:\/\/stylestore.com\/da\/wp-json\/wp\/v2\/product_tag?post=540982"}],"curies":[{"name":"wp","href":"https:\/\/api.w.org\/{rel}","templated":true}]}}