{"id":540822,"date":"2024-06-28T09:03:00","date_gmt":"2024-06-28T07:03:00","guid":{"rendered":"https:\/\/stylestore.com\/da\/product\/wblbilly-ls-o-neck-pullover\/"},"modified":"2026-04-22T06:48:51","modified_gmt":"2026-04-22T04:48:51","slug":"wblbilly-ls-o-neck-pullover","status":"publish","type":"product","link":"https:\/\/stylestore.com\/da\/product\/wblbilly-ls-o-neck-pullover\/","title":{"rendered":"WBLBILLY LS O-NECK PULLOVER"},"content":{"rendered":"<p>Strikket pullover i bomuld\/lin-blanding<br \/>\n\u00c5bent h\u00e6klet look<br \/>\nO-hals<br \/>\nLange raglan\u00e6rmer<br \/>\nRib ved hals, \u00e6rmekant og kropskant<br \/>\nNormal pasform<br \/>\nL\u00e6ngde under taljen<\/p>\n","protected":false},"excerpt":{"rendered":"","protected":false},"featured_media":595040,"template":"","meta":{"_acf_changed":false},"product_brand":[],"product_cat":[107,138],"product_tag":[2151,1785],"class_list":{"0":"post-540822","1":"product","2":"type-product","3":"status-publish","4":"has-post-thumbnail","6":"product_cat-strik","7":"product_cat-strik-cardigans","8":"product_tag-b2b","9":"product_tag-new","12":"instock","13":"taxable","14":"shipping-taxable","15":"purchasable","16":"product-type-variable"},"acf":[],"yoast_head":"<!-- This site is optimized with the Yoast SEO plugin v23.8 - https:\/\/yoast.com\/wordpress\/plugins\/seo\/ -->\n<title>WBLBILLY LS O-NECK PULLOVER &#187; Stylestore.com Denmark<\/title>\n<meta name=\"description\" content=\"Strikket sweater i en bl\u00f8d bomulds- og h\u00f8rblanding med et \u00e5bent h\u00e6klet look. Med O-hals, lange raglan\u00e6rmer og ribkanter, der giver en afslappet, men stilfuld pasform. Normal pasform med en l\u00e6ngde under taljen.\" \/>\n<meta name=\"robots\" content=\"index, follow, max-snippet:-1, max-image-preview:large, max-video-preview:-1\" \/>\n<link rel=\"canonical\" href=\"https:\/\/stylestore.com\/da\/product\/wblbilly-ls-o-neck-pullover\/\" \/>\n<meta property=\"og:locale\" content=\"da_DK\" \/>\n<meta property=\"og:type\" content=\"article\" \/>\n<meta property=\"og:title\" content=\"WBLBILLY LS O-NECK PULLOVER &#187; Stylestore.com Denmark\" \/>\n<meta property=\"og:description\" content=\"Strikket sweater i en bl\u00f8d bomulds- og h\u00f8rblanding med et \u00e5bent h\u00e6klet look. Med O-hals, lange raglan\u00e6rmer og ribkanter, der giver en afslappet, men stilfuld pasform. Normal pasform med en l\u00e6ngde under taljen.\" \/>\n<meta property=\"og:url\" content=\"https:\/\/stylestore.com\/da\/product\/wblbilly-ls-o-neck-pullover\/\" \/>\n<meta property=\"og:site_name\" content=\"Stylestore.com Denmark\" \/>\n<meta property=\"article:modified_time\" content=\"2026-04-22T04:48:51+00:00\" \/>\n<meta property=\"og:image\" content=\"https:\/\/stylestore.com\/da\/wp-content\/uploads\/sites\/3\/2024\/12\/Wblbilly_Ls_Oneck_Pullover_Mid_Day_Blue1.jpg\" \/>\n\t<meta property=\"og:image:width\" content=\"1421\" \/>\n\t<meta property=\"og:image:height\" content=\"2132\" \/>\n\t<meta property=\"og:image:type\" content=\"image\/jpeg\" \/>\n<meta name=\"twitter:card\" content=\"summary_large_image\" \/>\n<script type=\"application\/ld+json\" class=\"yoast-schema-graph\">{\"@context\":\"https:\/\/schema.org\",\"@graph\":[{\"@type\":\"WebPage\",\"@id\":\"https:\/\/stylestore.com\/da\/product\/wblbilly-ls-o-neck-pullover\/\",\"url\":\"https:\/\/stylestore.com\/da\/product\/wblbilly-ls-o-neck-pullover\/\",\"name\":\"WBLBILLY LS O-NECK PULLOVER &#187; Stylestore.com Denmark\",\"isPartOf\":{\"@id\":\"https:\/\/stylestore.com\/da\/#website\"},\"primaryImageOfPage\":{\"@id\":\"https:\/\/stylestore.com\/da\/product\/wblbilly-ls-o-neck-pullover\/#primaryimage\"},\"image\":{\"@id\":\"https:\/\/stylestore.com\/da\/product\/wblbilly-ls-o-neck-pullover\/#primaryimage\"},\"thumbnailUrl\":\"https:\/\/stylestore.com\/da\/wp-content\/uploads\/sites\/3\/2026\/02\/WBLBILLY_LS_O-NECK_PULLOVER_Mid_Day_Blue-3.jpg\",\"datePublished\":\"2024-06-28T07:03:00+00:00\",\"dateModified\":\"2026-04-22T04:48:51+00:00\",\"description\":\"Strikket sweater i en bl\u00f8d bomulds- og h\u00f8rblanding med et \u00e5bent h\u00e6klet look. Med O-hals, lange raglan\u00e6rmer og ribkanter, der giver en afslappet, men stilfuld pasform. Normal pasform med en l\u00e6ngde under taljen.\",\"breadcrumb\":{\"@id\":\"https:\/\/stylestore.com\/da\/product\/wblbilly-ls-o-neck-pullover\/#breadcrumb\"},\"inLanguage\":\"da-DK\",\"potentialAction\":[{\"@type\":\"ReadAction\",\"target\":[\"https:\/\/stylestore.com\/da\/product\/wblbilly-ls-o-neck-pullover\/\"]}]},{\"@type\":\"ImageObject\",\"inLanguage\":\"da-DK\",\"@id\":\"https:\/\/stylestore.com\/da\/product\/wblbilly-ls-o-neck-pullover\/#primaryimage\",\"url\":\"https:\/\/stylestore.com\/da\/wp-content\/uploads\/sites\/3\/2026\/02\/WBLBILLY_LS_O-NECK_PULLOVER_Mid_Day_Blue-3.jpg\",\"contentUrl\":\"https:\/\/stylestore.com\/da\/wp-content\/uploads\/sites\/3\/2026\/02\/WBLBILLY_LS_O-NECK_PULLOVER_Mid_Day_Blue-3.jpg\",\"width\":1070,\"height\":1605},{\"@type\":\"BreadcrumbList\",\"@id\":\"https:\/\/stylestore.com\/da\/product\/wblbilly-ls-o-neck-pullover\/#breadcrumb\",\"itemListElement\":[{\"@type\":\"ListItem\",\"position\":1,\"name\":\"Home\",\"item\":\"https:\/\/stylestore.com\/da\/\"},{\"@type\":\"ListItem\",\"position\":2,\"name\":\"S\u00f8g\",\"item\":\"https:\/\/stylestore.com\/da\/soeg\/\"},{\"@type\":\"ListItem\",\"position\":3,\"name\":\"WBLBILLY LS O-NECK PULLOVER\"}]},{\"@type\":\"WebSite\",\"@id\":\"https:\/\/stylestore.com\/da\/#website\",\"url\":\"https:\/\/stylestore.com\/da\/\",\"name\":\"Stylestore.com Denmark\",\"description\":\"\",\"potentialAction\":[{\"@type\":\"SearchAction\",\"target\":{\"@type\":\"EntryPoint\",\"urlTemplate\":\"https:\/\/stylestore.com\/da\/?s={search_term_string}\"},\"query-input\":{\"@type\":\"PropertyValueSpecification\",\"valueRequired\":true,\"valueName\":\"search_term_string\"}}],\"inLanguage\":\"da-DK\"}]}<\/script>\n<!-- \/ Yoast SEO plugin. -->","yoast_head_json":{"title":"WBLBILLY LS O-NECK PULLOVER &#187; Stylestore.com Denmark","description":"Strikket sweater i en bl\u00f8d bomulds- og h\u00f8rblanding med et \u00e5bent h\u00e6klet look. Med O-hals, lange raglan\u00e6rmer og ribkanter, der giver en afslappet, men stilfuld pasform. Normal pasform med en l\u00e6ngde under taljen.","robots":{"index":"index","follow":"follow","max-snippet":"max-snippet:-1","max-image-preview":"max-image-preview:large","max-video-preview":"max-video-preview:-1"},"canonical":"https:\/\/stylestore.com\/da\/product\/wblbilly-ls-o-neck-pullover\/","og_locale":"da_DK","og_type":"article","og_title":"WBLBILLY LS O-NECK PULLOVER &#187; Stylestore.com Denmark","og_description":"Strikket sweater i en bl\u00f8d bomulds- og h\u00f8rblanding med et \u00e5bent h\u00e6klet look. Med O-hals, lange raglan\u00e6rmer og ribkanter, der giver en afslappet, men stilfuld pasform. Normal pasform med en l\u00e6ngde under taljen.","og_url":"https:\/\/stylestore.com\/da\/product\/wblbilly-ls-o-neck-pullover\/","og_site_name":"Stylestore.com Denmark","article_modified_time":"2026-04-22T04:48:51+00:00","og_image":[{"width":1421,"height":2132,"url":"https:\/\/stylestore.com\/da\/wp-content\/uploads\/sites\/3\/2024\/12\/Wblbilly_Ls_Oneck_Pullover_Mid_Day_Blue1.jpg","type":"image\/jpeg"}],"twitter_card":"summary_large_image","schema":{"@context":"https:\/\/schema.org","@graph":[{"@type":"WebPage","@id":"https:\/\/stylestore.com\/da\/product\/wblbilly-ls-o-neck-pullover\/","url":"https:\/\/stylestore.com\/da\/product\/wblbilly-ls-o-neck-pullover\/","name":"WBLBILLY LS O-NECK PULLOVER &#187; Stylestore.com Denmark","isPartOf":{"@id":"https:\/\/stylestore.com\/da\/#website"},"primaryImageOfPage":{"@id":"https:\/\/stylestore.com\/da\/product\/wblbilly-ls-o-neck-pullover\/#primaryimage"},"image":{"@id":"https:\/\/stylestore.com\/da\/product\/wblbilly-ls-o-neck-pullover\/#primaryimage"},"thumbnailUrl":"https:\/\/stylestore.com\/da\/wp-content\/uploads\/sites\/3\/2026\/02\/WBLBILLY_LS_O-NECK_PULLOVER_Mid_Day_Blue-3.jpg","datePublished":"2024-06-28T07:03:00+00:00","dateModified":"2026-04-22T04:48:51+00:00","description":"Strikket sweater i en bl\u00f8d bomulds- og h\u00f8rblanding med et \u00e5bent h\u00e6klet look. Med O-hals, lange raglan\u00e6rmer og ribkanter, der giver en afslappet, men stilfuld pasform. Normal pasform med en l\u00e6ngde under taljen.","breadcrumb":{"@id":"https:\/\/stylestore.com\/da\/product\/wblbilly-ls-o-neck-pullover\/#breadcrumb"},"inLanguage":"da-DK","potentialAction":[{"@type":"ReadAction","target":["https:\/\/stylestore.com\/da\/product\/wblbilly-ls-o-neck-pullover\/"]}]},{"@type":"ImageObject","inLanguage":"da-DK","@id":"https:\/\/stylestore.com\/da\/product\/wblbilly-ls-o-neck-pullover\/#primaryimage","url":"https:\/\/stylestore.com\/da\/wp-content\/uploads\/sites\/3\/2026\/02\/WBLBILLY_LS_O-NECK_PULLOVER_Mid_Day_Blue-3.jpg","contentUrl":"https:\/\/stylestore.com\/da\/wp-content\/uploads\/sites\/3\/2026\/02\/WBLBILLY_LS_O-NECK_PULLOVER_Mid_Day_Blue-3.jpg","width":1070,"height":1605},{"@type":"BreadcrumbList","@id":"https:\/\/stylestore.com\/da\/product\/wblbilly-ls-o-neck-pullover\/#breadcrumb","itemListElement":[{"@type":"ListItem","position":1,"name":"Home","item":"https:\/\/stylestore.com\/da\/"},{"@type":"ListItem","position":2,"name":"S\u00f8g","item":"https:\/\/stylestore.com\/da\/soeg\/"},{"@type":"ListItem","position":3,"name":"WBLBILLY LS O-NECK PULLOVER"}]},{"@type":"WebSite","@id":"https:\/\/stylestore.com\/da\/#website","url":"https:\/\/stylestore.com\/da\/","name":"Stylestore.com Denmark","description":"","potentialAction":[{"@type":"SearchAction","target":{"@type":"EntryPoint","urlTemplate":"https:\/\/stylestore.com\/da\/?s={search_term_string}"},"query-input":{"@type":"PropertyValueSpecification","valueRequired":true,"valueName":"search_term_string"}}],"inLanguage":"da-DK"}]}},"_links":{"self":[{"href":"https:\/\/stylestore.com\/da\/wp-json\/wp\/v2\/product\/540822","targetHints":{"allow":["GET"]}}],"collection":[{"href":"https:\/\/stylestore.com\/da\/wp-json\/wp\/v2\/product"}],"about":[{"href":"https:\/\/stylestore.com\/da\/wp-json\/wp\/v2\/types\/product"}],"wp:featuredmedia":[{"embeddable":true,"href":"https:\/\/stylestore.com\/da\/wp-json\/wp\/v2\/media\/595040"}],"wp:attachment":[{"href":"https:\/\/stylestore.com\/da\/wp-json\/wp\/v2\/media?parent=540822"}],"wp:term":[{"taxonomy":"product_brand","embeddable":true,"href":"https:\/\/stylestore.com\/da\/wp-json\/wp\/v2\/product_brand?post=540822"},{"taxonomy":"product_cat","embeddable":true,"href":"https:\/\/stylestore.com\/da\/wp-json\/wp\/v2\/product_cat?post=540822"},{"taxonomy":"product_tag","embeddable":true,"href":"https:\/\/stylestore.com\/da\/wp-json\/wp\/v2\/product_tag?post=540822"}],"curies":[{"name":"wp","href":"https:\/\/api.w.org\/{rel}","templated":true}]}}