{"id":540229,"date":"2024-06-04T11:59:59","date_gmt":"2024-06-04T09:59:59","guid":{"rendered":"https:\/\/stylestore.com\/da\/product\/wblnoise-trench-coat-8\/"},"modified":"2026-04-15T08:13:13","modified_gmt":"2026-04-15T06:13:13","slug":"wblnoise-trench-coat-8","status":"publish","type":"product","link":"https:\/\/stylestore.com\/da\/product\/wblnoise-trench-coat-8\/","title":{"rendered":"WBLNOISE TRENCH COAT"},"content":{"rendered":"<p>L\u00e6kker trench coat med flotte og gennemarbejdede detaljer, bl.a. dobbeltradet knaplukning, bindeb\u00e6lte i taljen, knapdetalje p\u00e5 skulderen, justerbar rem p\u00e5 \u00e6rmet, lommer foran og slids bagp\u00e5.<br \/>\nEn \u00e6gte lux favorit til enhver garderobe. Frakken omfavner den lange eksklusive silhuet, og du f\u00e5r en frakke, du kan anvende til enhver lejlighed.<br \/>\nFrakken er designet i boxy pasform, der er lettere oversize i silhuetten. \u00d8nsker du en mindre vidde i frakken, anbefaler vi, at du v\u00e6lger en st\u00f8rrelse mindre, end du normalt bruger.<br \/>\nHos StyleStore.com tror vi p\u00e5 den lille l\u00e6kre luksusgarderobe, sammensat af de bedste materialer, i alsidige silhuetter, som du kan bruge s\u00e6son efter s\u00e6son, alt sammen tilg\u00e6ngeligt til priser som giver mening.<br \/>\nModellen er 176 cm og ses her i str. small. <\/p>\n","protected":false},"excerpt":{"rendered":"","protected":false},"featured_media":597064,"template":"","meta":{"_acf_changed":false},"product_brand":[],"product_cat":[112],"product_tag":[2151,1786],"class_list":{"0":"post-540229","1":"product","2":"type-product","3":"status-publish","4":"has-post-thumbnail","6":"product_cat-frakker","7":"product_tag-b2b","8":"product_tag-sustainable","11":"instock","12":"taxable","13":"shipping-taxable","14":"purchasable","15":"product-type-variable"},"acf":[],"yoast_head":"<!-- This site is optimized with the Yoast SEO plugin v23.8 - https:\/\/yoast.com\/wordpress\/plugins\/seo\/ -->\n<title>WBLNOISE TRENCH COAT &#187; Stylestore.com Denmark<\/title>\n<meta name=\"description\" content=\"L\u00e6kker trench coat med dobbeltradet knaplukning, bindeb\u00e6lte og justerbare \u00e6rmer, der giver et eksklusivt og stilfuldt look. Den boxy pasform og lange silhuet g\u00f8r den til en alsidig favorit til enhver lejlighed. Perfekt til den moderne garderobe!\" \/>\n<meta name=\"robots\" content=\"index, follow, max-snippet:-1, max-image-preview:large, max-video-preview:-1\" \/>\n<link rel=\"canonical\" href=\"https:\/\/stylestore.com\/da\/product\/wblnoise-trench-coat-8\/\" \/>\n<meta property=\"og:locale\" content=\"da_DK\" \/>\n<meta property=\"og:type\" content=\"article\" \/>\n<meta property=\"og:title\" content=\"WBLNOISE TRENCH COAT &#187; Stylestore.com Denmark\" \/>\n<meta property=\"og:description\" content=\"L\u00e6kker trench coat med dobbeltradet knaplukning, bindeb\u00e6lte og justerbare \u00e6rmer, der giver et eksklusivt og stilfuldt look. Den boxy pasform og lange silhuet g\u00f8r den til en alsidig favorit til enhver lejlighed. Perfekt til den moderne garderobe!\" \/>\n<meta property=\"og:url\" content=\"https:\/\/stylestore.com\/da\/product\/wblnoise-trench-coat-8\/\" \/>\n<meta property=\"og:site_name\" content=\"Stylestore.com Denmark\" \/>\n<meta property=\"article:modified_time\" content=\"2026-04-15T06:13:13+00:00\" \/>\n<meta property=\"og:image\" content=\"https:\/\/stylestore.com\/da\/wp-content\/uploads\/sites\/3\/2024\/11\/WBLNOISE20TRENCH20COAT20RAINY20DAY20SS201-1.jpg\" \/>\n\t<meta property=\"og:image:width\" content=\"1067\" \/>\n\t<meta property=\"og:image:height\" content=\"1600\" \/>\n\t<meta property=\"og:image:type\" content=\"image\/jpeg\" \/>\n<meta name=\"twitter:card\" content=\"summary_large_image\" \/>\n<meta name=\"twitter:label1\" content=\"Estimeret l\u00e6setid\" \/>\n\t<meta name=\"twitter:data1\" content=\"1 minut\" \/>\n<script type=\"application\/ld+json\" class=\"yoast-schema-graph\">{\"@context\":\"https:\/\/schema.org\",\"@graph\":[{\"@type\":\"WebPage\",\"@id\":\"https:\/\/stylestore.com\/da\/product\/wblnoise-trench-coat-8\/\",\"url\":\"https:\/\/stylestore.com\/da\/product\/wblnoise-trench-coat-8\/\",\"name\":\"WBLNOISE TRENCH COAT &#187; Stylestore.com Denmark\",\"isPartOf\":{\"@id\":\"https:\/\/stylestore.com\/da\/#website\"},\"primaryImageOfPage\":{\"@id\":\"https:\/\/stylestore.com\/da\/product\/wblnoise-trench-coat-8\/#primaryimage\"},\"image\":{\"@id\":\"https:\/\/stylestore.com\/da\/product\/wblnoise-trench-coat-8\/#primaryimage\"},\"thumbnailUrl\":\"https:\/\/stylestore.com\/da\/wp-content\/uploads\/sites\/3\/2026\/03\/WBLNOISE20TRENCH20COAT20RAINY20DAY20SS201.jpg\",\"datePublished\":\"2024-06-04T09:59:59+00:00\",\"dateModified\":\"2026-04-15T06:13:13+00:00\",\"description\":\"L\u00e6kker trench coat med dobbeltradet knaplukning, bindeb\u00e6lte og justerbare \u00e6rmer, der giver et eksklusivt og stilfuldt look. Den boxy pasform og lange silhuet g\u00f8r den til en alsidig favorit til enhver lejlighed. Perfekt til den moderne garderobe!\",\"breadcrumb\":{\"@id\":\"https:\/\/stylestore.com\/da\/product\/wblnoise-trench-coat-8\/#breadcrumb\"},\"inLanguage\":\"da-DK\",\"potentialAction\":[{\"@type\":\"ReadAction\",\"target\":[\"https:\/\/stylestore.com\/da\/product\/wblnoise-trench-coat-8\/\"]}]},{\"@type\":\"ImageObject\",\"inLanguage\":\"da-DK\",\"@id\":\"https:\/\/stylestore.com\/da\/product\/wblnoise-trench-coat-8\/#primaryimage\",\"url\":\"https:\/\/stylestore.com\/da\/wp-content\/uploads\/sites\/3\/2026\/03\/WBLNOISE20TRENCH20COAT20RAINY20DAY20SS201.jpg\",\"contentUrl\":\"https:\/\/stylestore.com\/da\/wp-content\/uploads\/sites\/3\/2026\/03\/WBLNOISE20TRENCH20COAT20RAINY20DAY20SS201.jpg\",\"width\":1067,\"height\":1600},{\"@type\":\"BreadcrumbList\",\"@id\":\"https:\/\/stylestore.com\/da\/product\/wblnoise-trench-coat-8\/#breadcrumb\",\"itemListElement\":[{\"@type\":\"ListItem\",\"position\":1,\"name\":\"Home\",\"item\":\"https:\/\/stylestore.com\/da\/\"},{\"@type\":\"ListItem\",\"position\":2,\"name\":\"S\u00f8g\",\"item\":\"https:\/\/stylestore.com\/da\/soeg\/\"},{\"@type\":\"ListItem\",\"position\":3,\"name\":\"WBLNOISE TRENCH COAT\"}]},{\"@type\":\"WebSite\",\"@id\":\"https:\/\/stylestore.com\/da\/#website\",\"url\":\"https:\/\/stylestore.com\/da\/\",\"name\":\"Stylestore.com Denmark\",\"description\":\"\",\"potentialAction\":[{\"@type\":\"SearchAction\",\"target\":{\"@type\":\"EntryPoint\",\"urlTemplate\":\"https:\/\/stylestore.com\/da\/?s={search_term_string}\"},\"query-input\":{\"@type\":\"PropertyValueSpecification\",\"valueRequired\":true,\"valueName\":\"search_term_string\"}}],\"inLanguage\":\"da-DK\"}]}<\/script>\n<!-- \/ Yoast SEO plugin. -->","yoast_head_json":{"title":"WBLNOISE TRENCH COAT &#187; Stylestore.com Denmark","description":"L\u00e6kker trench coat med dobbeltradet knaplukning, bindeb\u00e6lte og justerbare \u00e6rmer, der giver et eksklusivt og stilfuldt look. Den boxy pasform og lange silhuet g\u00f8r den til en alsidig favorit til enhver lejlighed. Perfekt til den moderne garderobe!","robots":{"index":"index","follow":"follow","max-snippet":"max-snippet:-1","max-image-preview":"max-image-preview:large","max-video-preview":"max-video-preview:-1"},"canonical":"https:\/\/stylestore.com\/da\/product\/wblnoise-trench-coat-8\/","og_locale":"da_DK","og_type":"article","og_title":"WBLNOISE TRENCH COAT &#187; Stylestore.com Denmark","og_description":"L\u00e6kker trench coat med dobbeltradet knaplukning, bindeb\u00e6lte og justerbare \u00e6rmer, der giver et eksklusivt og stilfuldt look. Den boxy pasform og lange silhuet g\u00f8r den til en alsidig favorit til enhver lejlighed. Perfekt til den moderne garderobe!","og_url":"https:\/\/stylestore.com\/da\/product\/wblnoise-trench-coat-8\/","og_site_name":"Stylestore.com Denmark","article_modified_time":"2026-04-15T06:13:13+00:00","og_image":[{"width":1067,"height":1600,"url":"https:\/\/stylestore.com\/da\/wp-content\/uploads\/sites\/3\/2024\/11\/WBLNOISE20TRENCH20COAT20RAINY20DAY20SS201-1.jpg","type":"image\/jpeg"}],"twitter_card":"summary_large_image","twitter_misc":{"Estimeret l\u00e6setid":"1 minut"},"schema":{"@context":"https:\/\/schema.org","@graph":[{"@type":"WebPage","@id":"https:\/\/stylestore.com\/da\/product\/wblnoise-trench-coat-8\/","url":"https:\/\/stylestore.com\/da\/product\/wblnoise-trench-coat-8\/","name":"WBLNOISE TRENCH COAT &#187; Stylestore.com Denmark","isPartOf":{"@id":"https:\/\/stylestore.com\/da\/#website"},"primaryImageOfPage":{"@id":"https:\/\/stylestore.com\/da\/product\/wblnoise-trench-coat-8\/#primaryimage"},"image":{"@id":"https:\/\/stylestore.com\/da\/product\/wblnoise-trench-coat-8\/#primaryimage"},"thumbnailUrl":"https:\/\/stylestore.com\/da\/wp-content\/uploads\/sites\/3\/2026\/03\/WBLNOISE20TRENCH20COAT20RAINY20DAY20SS201.jpg","datePublished":"2024-06-04T09:59:59+00:00","dateModified":"2026-04-15T06:13:13+00:00","description":"L\u00e6kker trench coat med dobbeltradet knaplukning, bindeb\u00e6lte og justerbare \u00e6rmer, der giver et eksklusivt og stilfuldt look. Den boxy pasform og lange silhuet g\u00f8r den til en alsidig favorit til enhver lejlighed. Perfekt til den moderne garderobe!","breadcrumb":{"@id":"https:\/\/stylestore.com\/da\/product\/wblnoise-trench-coat-8\/#breadcrumb"},"inLanguage":"da-DK","potentialAction":[{"@type":"ReadAction","target":["https:\/\/stylestore.com\/da\/product\/wblnoise-trench-coat-8\/"]}]},{"@type":"ImageObject","inLanguage":"da-DK","@id":"https:\/\/stylestore.com\/da\/product\/wblnoise-trench-coat-8\/#primaryimage","url":"https:\/\/stylestore.com\/da\/wp-content\/uploads\/sites\/3\/2026\/03\/WBLNOISE20TRENCH20COAT20RAINY20DAY20SS201.jpg","contentUrl":"https:\/\/stylestore.com\/da\/wp-content\/uploads\/sites\/3\/2026\/03\/WBLNOISE20TRENCH20COAT20RAINY20DAY20SS201.jpg","width":1067,"height":1600},{"@type":"BreadcrumbList","@id":"https:\/\/stylestore.com\/da\/product\/wblnoise-trench-coat-8\/#breadcrumb","itemListElement":[{"@type":"ListItem","position":1,"name":"Home","item":"https:\/\/stylestore.com\/da\/"},{"@type":"ListItem","position":2,"name":"S\u00f8g","item":"https:\/\/stylestore.com\/da\/soeg\/"},{"@type":"ListItem","position":3,"name":"WBLNOISE TRENCH COAT"}]},{"@type":"WebSite","@id":"https:\/\/stylestore.com\/da\/#website","url":"https:\/\/stylestore.com\/da\/","name":"Stylestore.com Denmark","description":"","potentialAction":[{"@type":"SearchAction","target":{"@type":"EntryPoint","urlTemplate":"https:\/\/stylestore.com\/da\/?s={search_term_string}"},"query-input":{"@type":"PropertyValueSpecification","valueRequired":true,"valueName":"search_term_string"}}],"inLanguage":"da-DK"}]}},"_links":{"self":[{"href":"https:\/\/stylestore.com\/da\/wp-json\/wp\/v2\/product\/540229","targetHints":{"allow":["GET"]}}],"collection":[{"href":"https:\/\/stylestore.com\/da\/wp-json\/wp\/v2\/product"}],"about":[{"href":"https:\/\/stylestore.com\/da\/wp-json\/wp\/v2\/types\/product"}],"wp:featuredmedia":[{"embeddable":true,"href":"https:\/\/stylestore.com\/da\/wp-json\/wp\/v2\/media\/597064"}],"wp:attachment":[{"href":"https:\/\/stylestore.com\/da\/wp-json\/wp\/v2\/media?parent=540229"}],"wp:term":[{"taxonomy":"product_brand","embeddable":true,"href":"https:\/\/stylestore.com\/da\/wp-json\/wp\/v2\/product_brand?post=540229"},{"taxonomy":"product_cat","embeddable":true,"href":"https:\/\/stylestore.com\/da\/wp-json\/wp\/v2\/product_cat?post=540229"},{"taxonomy":"product_tag","embeddable":true,"href":"https:\/\/stylestore.com\/da\/wp-json\/wp\/v2\/product_tag?post=540229"}],"curies":[{"name":"wp","href":"https:\/\/api.w.org\/{rel}","templated":true}]}}