{"id":539619,"date":"2024-06-03T10:55:00","date_gmt":"2024-06-03T08:55:00","guid":{"rendered":"https:\/\/stylestore.com\/da\/product\/wblzanders-quilted-bomber\/"},"modified":"2026-04-21T06:38:51","modified_gmt":"2026-04-21T04:38:51","slug":"wblzanders-quilted-bomber","status":"publish","type":"product","link":"https:\/\/stylestore.com\/da\/product\/wblzanders-quilted-bomber\/","title":{"rendered":"WBLZANDERS QUILTED BOMBER"},"content":{"rendered":"<p>Jakke i tofarvet quiltkombination<br \/>\nRib stop kr\u00f8llet skal<br \/>\nNormal pasform<br \/>\nL\u00e6ngde til hoften<br \/>\nLukkes med lynl\u00e5s foran<br \/>\nLommer foran<br \/>\nRib-effekt p\u00e5 bagsiden af s\u00f8mmen<br \/>\nStropdetalje p\u00e5 ryggen<br \/>\nPiping-detaljer<br \/>\nGod til overgangss\u00e6sonen<\/p>\n","protected":false},"excerpt":{"rendered":"","protected":false},"featured_media":563681,"template":"","meta":{"_acf_changed":false},"product_brand":[],"product_cat":[18,103,115],"product_tag":[2151,1786],"class_list":{"0":"post-539619","1":"product","2":"type-product","3":"status-publish","4":"has-post-thumbnail","6":"product_cat-jakker","7":"product_cat-jakker-must-haves","8":"product_cat-korte-jakker","9":"product_tag-b2b","10":"product_tag-sustainable","13":"instock","14":"taxable","15":"shipping-taxable","16":"purchasable","17":"product-type-variable"},"acf":[],"yoast_head":"<!-- This site is optimized with the Yoast SEO plugin v23.8 - https:\/\/yoast.com\/wordpress\/plugins\/seo\/ -->\n<title>WBLZANDERS QUILTED BOMBER &#187; Stylestore.com Denmark<\/title>\n<meta name=\"description\" content=\"Jakke i tofarvet quiltkombination med rib stop kr\u00f8llet skal, perfekt til overgangss\u00e6sonen. L\u00e6ngde til hoften og lynl\u00e5slukning g\u00f8r den praktisk og stilfuld. Piping-detaljer og stropdetalje p\u00e5 ryggen tilf\u00f8jer et moderne touch.\" \/>\n<meta name=\"robots\" content=\"index, follow, max-snippet:-1, max-image-preview:large, max-video-preview:-1\" \/>\n<link rel=\"canonical\" href=\"https:\/\/stylestore.com\/da\/product\/wblzanders-quilted-bomber\/\" \/>\n<meta property=\"og:locale\" content=\"da_DK\" \/>\n<meta property=\"og:type\" content=\"article\" \/>\n<meta property=\"og:title\" content=\"WBLZANDERS QUILTED BOMBER &#187; Stylestore.com Denmark\" \/>\n<meta property=\"og:description\" content=\"Jakke i tofarvet quiltkombination med rib stop kr\u00f8llet skal, perfekt til overgangss\u00e6sonen. L\u00e6ngde til hoften og lynl\u00e5slukning g\u00f8r den praktisk og stilfuld. Piping-detaljer og stropdetalje p\u00e5 ryggen tilf\u00f8jer et moderne touch.\" \/>\n<meta property=\"og:url\" content=\"https:\/\/stylestore.com\/da\/product\/wblzanders-quilted-bomber\/\" \/>\n<meta property=\"og:site_name\" content=\"Stylestore.com Denmark\" \/>\n<meta property=\"article:modified_time\" content=\"2026-04-21T04:38:51+00:00\" \/>\n<meta property=\"og:image\" content=\"https:\/\/stylestore.com\/da\/wp-content\/uploads\/sites\/3\/2025\/01\/Wblzanders_Quilted_Bomber_Mermaid1.jpg\" \/>\n\t<meta property=\"og:image:width\" content=\"1600\" \/>\n\t<meta property=\"og:image:height\" content=\"2400\" \/>\n\t<meta property=\"og:image:type\" content=\"image\/jpeg\" \/>\n<meta name=\"twitter:card\" content=\"summary_large_image\" \/>\n<script type=\"application\/ld+json\" class=\"yoast-schema-graph\">{\"@context\":\"https:\/\/schema.org\",\"@graph\":[{\"@type\":\"WebPage\",\"@id\":\"https:\/\/stylestore.com\/da\/product\/wblzanders-quilted-bomber\/\",\"url\":\"https:\/\/stylestore.com\/da\/product\/wblzanders-quilted-bomber\/\",\"name\":\"WBLZANDERS QUILTED BOMBER &#187; Stylestore.com Denmark\",\"isPartOf\":{\"@id\":\"https:\/\/stylestore.com\/da\/#website\"},\"primaryImageOfPage\":{\"@id\":\"https:\/\/stylestore.com\/da\/product\/wblzanders-quilted-bomber\/#primaryimage\"},\"image\":{\"@id\":\"https:\/\/stylestore.com\/da\/product\/wblzanders-quilted-bomber\/#primaryimage\"},\"thumbnailUrl\":\"https:\/\/stylestore.com\/da\/wp-content\/uploads\/sites\/3\/2025\/03\/Wblzanders_Quilted_Bomber_Mermaid1.jpg\",\"datePublished\":\"2024-06-03T08:55:00+00:00\",\"dateModified\":\"2026-04-21T04:38:51+00:00\",\"description\":\"Jakke i tofarvet quiltkombination med rib stop kr\u00f8llet skal, perfekt til overgangss\u00e6sonen. L\u00e6ngde til hoften og lynl\u00e5slukning g\u00f8r den praktisk og stilfuld. Piping-detaljer og stropdetalje p\u00e5 ryggen tilf\u00f8jer et moderne touch.\",\"breadcrumb\":{\"@id\":\"https:\/\/stylestore.com\/da\/product\/wblzanders-quilted-bomber\/#breadcrumb\"},\"inLanguage\":\"da-DK\",\"potentialAction\":[{\"@type\":\"ReadAction\",\"target\":[\"https:\/\/stylestore.com\/da\/product\/wblzanders-quilted-bomber\/\"]}]},{\"@type\":\"ImageObject\",\"inLanguage\":\"da-DK\",\"@id\":\"https:\/\/stylestore.com\/da\/product\/wblzanders-quilted-bomber\/#primaryimage\",\"url\":\"https:\/\/stylestore.com\/da\/wp-content\/uploads\/sites\/3\/2025\/03\/Wblzanders_Quilted_Bomber_Mermaid1.jpg\",\"contentUrl\":\"https:\/\/stylestore.com\/da\/wp-content\/uploads\/sites\/3\/2025\/03\/Wblzanders_Quilted_Bomber_Mermaid1.jpg\",\"width\":1600,\"height\":2400},{\"@type\":\"BreadcrumbList\",\"@id\":\"https:\/\/stylestore.com\/da\/product\/wblzanders-quilted-bomber\/#breadcrumb\",\"itemListElement\":[{\"@type\":\"ListItem\",\"position\":1,\"name\":\"Home\",\"item\":\"https:\/\/stylestore.com\/da\/\"},{\"@type\":\"ListItem\",\"position\":2,\"name\":\"S\u00f8g\",\"item\":\"https:\/\/stylestore.com\/da\/soeg\/\"},{\"@type\":\"ListItem\",\"position\":3,\"name\":\"WBLZANDERS QUILTED BOMBER\"}]},{\"@type\":\"WebSite\",\"@id\":\"https:\/\/stylestore.com\/da\/#website\",\"url\":\"https:\/\/stylestore.com\/da\/\",\"name\":\"Stylestore.com Denmark\",\"description\":\"\",\"potentialAction\":[{\"@type\":\"SearchAction\",\"target\":{\"@type\":\"EntryPoint\",\"urlTemplate\":\"https:\/\/stylestore.com\/da\/?s={search_term_string}\"},\"query-input\":{\"@type\":\"PropertyValueSpecification\",\"valueRequired\":true,\"valueName\":\"search_term_string\"}}],\"inLanguage\":\"da-DK\"}]}<\/script>\n<!-- \/ Yoast SEO plugin. -->","yoast_head_json":{"title":"WBLZANDERS QUILTED BOMBER &#187; Stylestore.com Denmark","description":"Jakke i tofarvet quiltkombination med rib stop kr\u00f8llet skal, perfekt til overgangss\u00e6sonen. L\u00e6ngde til hoften og lynl\u00e5slukning g\u00f8r den praktisk og stilfuld. Piping-detaljer og stropdetalje p\u00e5 ryggen tilf\u00f8jer et moderne touch.","robots":{"index":"index","follow":"follow","max-snippet":"max-snippet:-1","max-image-preview":"max-image-preview:large","max-video-preview":"max-video-preview:-1"},"canonical":"https:\/\/stylestore.com\/da\/product\/wblzanders-quilted-bomber\/","og_locale":"da_DK","og_type":"article","og_title":"WBLZANDERS QUILTED BOMBER &#187; Stylestore.com Denmark","og_description":"Jakke i tofarvet quiltkombination med rib stop kr\u00f8llet skal, perfekt til overgangss\u00e6sonen. L\u00e6ngde til hoften og lynl\u00e5slukning g\u00f8r den praktisk og stilfuld. Piping-detaljer og stropdetalje p\u00e5 ryggen tilf\u00f8jer et moderne touch.","og_url":"https:\/\/stylestore.com\/da\/product\/wblzanders-quilted-bomber\/","og_site_name":"Stylestore.com Denmark","article_modified_time":"2026-04-21T04:38:51+00:00","og_image":[{"width":1600,"height":2400,"url":"https:\/\/stylestore.com\/da\/wp-content\/uploads\/sites\/3\/2025\/01\/Wblzanders_Quilted_Bomber_Mermaid1.jpg","type":"image\/jpeg"}],"twitter_card":"summary_large_image","schema":{"@context":"https:\/\/schema.org","@graph":[{"@type":"WebPage","@id":"https:\/\/stylestore.com\/da\/product\/wblzanders-quilted-bomber\/","url":"https:\/\/stylestore.com\/da\/product\/wblzanders-quilted-bomber\/","name":"WBLZANDERS QUILTED BOMBER &#187; Stylestore.com Denmark","isPartOf":{"@id":"https:\/\/stylestore.com\/da\/#website"},"primaryImageOfPage":{"@id":"https:\/\/stylestore.com\/da\/product\/wblzanders-quilted-bomber\/#primaryimage"},"image":{"@id":"https:\/\/stylestore.com\/da\/product\/wblzanders-quilted-bomber\/#primaryimage"},"thumbnailUrl":"https:\/\/stylestore.com\/da\/wp-content\/uploads\/sites\/3\/2025\/03\/Wblzanders_Quilted_Bomber_Mermaid1.jpg","datePublished":"2024-06-03T08:55:00+00:00","dateModified":"2026-04-21T04:38:51+00:00","description":"Jakke i tofarvet quiltkombination med rib stop kr\u00f8llet skal, perfekt til overgangss\u00e6sonen. L\u00e6ngde til hoften og lynl\u00e5slukning g\u00f8r den praktisk og stilfuld. Piping-detaljer og stropdetalje p\u00e5 ryggen tilf\u00f8jer et moderne touch.","breadcrumb":{"@id":"https:\/\/stylestore.com\/da\/product\/wblzanders-quilted-bomber\/#breadcrumb"},"inLanguage":"da-DK","potentialAction":[{"@type":"ReadAction","target":["https:\/\/stylestore.com\/da\/product\/wblzanders-quilted-bomber\/"]}]},{"@type":"ImageObject","inLanguage":"da-DK","@id":"https:\/\/stylestore.com\/da\/product\/wblzanders-quilted-bomber\/#primaryimage","url":"https:\/\/stylestore.com\/da\/wp-content\/uploads\/sites\/3\/2025\/03\/Wblzanders_Quilted_Bomber_Mermaid1.jpg","contentUrl":"https:\/\/stylestore.com\/da\/wp-content\/uploads\/sites\/3\/2025\/03\/Wblzanders_Quilted_Bomber_Mermaid1.jpg","width":1600,"height":2400},{"@type":"BreadcrumbList","@id":"https:\/\/stylestore.com\/da\/product\/wblzanders-quilted-bomber\/#breadcrumb","itemListElement":[{"@type":"ListItem","position":1,"name":"Home","item":"https:\/\/stylestore.com\/da\/"},{"@type":"ListItem","position":2,"name":"S\u00f8g","item":"https:\/\/stylestore.com\/da\/soeg\/"},{"@type":"ListItem","position":3,"name":"WBLZANDERS QUILTED BOMBER"}]},{"@type":"WebSite","@id":"https:\/\/stylestore.com\/da\/#website","url":"https:\/\/stylestore.com\/da\/","name":"Stylestore.com Denmark","description":"","potentialAction":[{"@type":"SearchAction","target":{"@type":"EntryPoint","urlTemplate":"https:\/\/stylestore.com\/da\/?s={search_term_string}"},"query-input":{"@type":"PropertyValueSpecification","valueRequired":true,"valueName":"search_term_string"}}],"inLanguage":"da-DK"}]}},"_links":{"self":[{"href":"https:\/\/stylestore.com\/da\/wp-json\/wp\/v2\/product\/539619","targetHints":{"allow":["GET"]}}],"collection":[{"href":"https:\/\/stylestore.com\/da\/wp-json\/wp\/v2\/product"}],"about":[{"href":"https:\/\/stylestore.com\/da\/wp-json\/wp\/v2\/types\/product"}],"wp:featuredmedia":[{"embeddable":true,"href":"https:\/\/stylestore.com\/da\/wp-json\/wp\/v2\/media\/563681"}],"wp:attachment":[{"href":"https:\/\/stylestore.com\/da\/wp-json\/wp\/v2\/media?parent=539619"}],"wp:term":[{"taxonomy":"product_brand","embeddable":true,"href":"https:\/\/stylestore.com\/da\/wp-json\/wp\/v2\/product_brand?post=539619"},{"taxonomy":"product_cat","embeddable":true,"href":"https:\/\/stylestore.com\/da\/wp-json\/wp\/v2\/product_cat?post=539619"},{"taxonomy":"product_tag","embeddable":true,"href":"https:\/\/stylestore.com\/da\/wp-json\/wp\/v2\/product_tag?post=539619"}],"curies":[{"name":"wp","href":"https:\/\/api.w.org\/{rel}","templated":true}]}}