{"id":539576,"date":"2024-06-03T10:42:13","date_gmt":"2024-06-03T08:42:13","guid":{"rendered":"https:\/\/stylestore.com\/da\/product\/wbltheresa-trenchcoat\/"},"modified":"2026-04-18T06:44:11","modified_gmt":"2026-04-18T04:44:11","slug":"wbltheresa-trenchcoat","status":"publish","type":"product","link":"https:\/\/stylestore.com\/da\/product\/wbltheresa-trenchcoat\/","title":{"rendered":"WBLTHERESA TRENCHCOAT"},"content":{"rendered":"<p>Klassisk trenchcoat<br \/>\nFin twill-kvalitet<br \/>\nL\u00e6ngde under kn\u00e6et<br \/>\nBred revers<br \/>\nDobbeltradet<br \/>\nBindeb\u00e5nd i taljen<br \/>\nStrop ved skulderen<br \/>\nRaglan\u00e6rme<br \/>\nStrop ved \u00e6rmet<br \/>\nPaspellommer<br \/>\nSlids i ryggen<br \/>\nL\u00f8s pasform<\/p>\n","protected":false},"excerpt":{"rendered":"","protected":false},"featured_media":557577,"template":"","meta":{"_acf_changed":false},"product_brand":[],"product_cat":[112,114],"product_tag":[2151],"class_list":{"0":"post-539576","1":"product","2":"type-product","3":"status-publish","4":"has-post-thumbnail","6":"product_cat-frakker","7":"product_cat-lange-jakker","8":"product_tag-b2b","11":"instock","12":"taxable","13":"shipping-taxable","14":"purchasable","15":"product-type-variable"},"acf":[],"yoast_head":"<!-- This site is optimized with the Yoast SEO plugin v23.8 - https:\/\/yoast.com\/wordpress\/plugins\/seo\/ -->\n<title>WBLTHERESA TRENCHCOAT &#187; Stylestore.com Denmark<\/title>\n<meta name=\"description\" content=\"Klassisk trenchcoat i fin twill-kvalitet, med dobbeltradet lukning og bindeb\u00e5nd i taljen for en elegant silhuet. Stropper ved skulder og \u00e6rme samt paspolerede lommer tilf\u00f8jer smarte detaljer. L\u00e6ngde under kn\u00e6et og l\u00f8s pasform giver et tidl\u00f8st og stilfuldt look.\" \/>\n<meta name=\"robots\" content=\"index, follow, max-snippet:-1, max-image-preview:large, max-video-preview:-1\" \/>\n<link rel=\"canonical\" href=\"https:\/\/stylestore.com\/da\/product\/wbltheresa-trenchcoat\/\" \/>\n<meta property=\"og:locale\" content=\"da_DK\" \/>\n<meta property=\"og:type\" content=\"article\" \/>\n<meta property=\"og:title\" content=\"WBLTHERESA TRENCHCOAT &#187; Stylestore.com Denmark\" \/>\n<meta property=\"og:description\" content=\"Klassisk trenchcoat i fin twill-kvalitet, med dobbeltradet lukning og bindeb\u00e5nd i taljen for en elegant silhuet. Stropper ved skulder og \u00e6rme samt paspolerede lommer tilf\u00f8jer smarte detaljer. L\u00e6ngde under kn\u00e6et og l\u00f8s pasform giver et tidl\u00f8st og stilfuldt look.\" \/>\n<meta property=\"og:url\" content=\"https:\/\/stylestore.com\/da\/product\/wbltheresa-trenchcoat\/\" \/>\n<meta property=\"og:site_name\" content=\"Stylestore.com Denmark\" \/>\n<meta property=\"article:modified_time\" content=\"2026-04-18T04:44:11+00:00\" \/>\n<meta property=\"og:image\" content=\"https:\/\/stylestore.com\/da\/wp-content\/uploads\/sites\/3\/2025\/01\/Wbltheresa_Trenchcoat_Light_Sand1-2-scaled.jpg\" \/>\n\t<meta property=\"og:image:width\" content=\"1708\" \/>\n\t<meta property=\"og:image:height\" content=\"2560\" \/>\n\t<meta property=\"og:image:type\" content=\"image\/jpeg\" \/>\n<meta name=\"twitter:card\" content=\"summary_large_image\" \/>\n<script type=\"application\/ld+json\" class=\"yoast-schema-graph\">{\"@context\":\"https:\/\/schema.org\",\"@graph\":[{\"@type\":\"WebPage\",\"@id\":\"https:\/\/stylestore.com\/da\/product\/wbltheresa-trenchcoat\/\",\"url\":\"https:\/\/stylestore.com\/da\/product\/wbltheresa-trenchcoat\/\",\"name\":\"WBLTHERESA TRENCHCOAT &#187; Stylestore.com Denmark\",\"isPartOf\":{\"@id\":\"https:\/\/stylestore.com\/da\/#website\"},\"primaryImageOfPage\":{\"@id\":\"https:\/\/stylestore.com\/da\/product\/wbltheresa-trenchcoat\/#primaryimage\"},\"image\":{\"@id\":\"https:\/\/stylestore.com\/da\/product\/wbltheresa-trenchcoat\/#primaryimage\"},\"thumbnailUrl\":\"https:\/\/stylestore.com\/da\/wp-content\/uploads\/sites\/3\/2025\/01\/Wbltheresa_Trenchcoat_Light_Sand1-2-scaled.jpg\",\"datePublished\":\"2024-06-03T08:42:13+00:00\",\"dateModified\":\"2026-04-18T04:44:11+00:00\",\"description\":\"Klassisk trenchcoat i fin twill-kvalitet, med dobbeltradet lukning og bindeb\u00e5nd i taljen for en elegant silhuet. Stropper ved skulder og \u00e6rme samt paspolerede lommer tilf\u00f8jer smarte detaljer. L\u00e6ngde under kn\u00e6et og l\u00f8s pasform giver et tidl\u00f8st og stilfuldt look.\",\"breadcrumb\":{\"@id\":\"https:\/\/stylestore.com\/da\/product\/wbltheresa-trenchcoat\/#breadcrumb\"},\"inLanguage\":\"da-DK\",\"potentialAction\":[{\"@type\":\"ReadAction\",\"target\":[\"https:\/\/stylestore.com\/da\/product\/wbltheresa-trenchcoat\/\"]}]},{\"@type\":\"ImageObject\",\"inLanguage\":\"da-DK\",\"@id\":\"https:\/\/stylestore.com\/da\/product\/wbltheresa-trenchcoat\/#primaryimage\",\"url\":\"https:\/\/stylestore.com\/da\/wp-content\/uploads\/sites\/3\/2025\/01\/Wbltheresa_Trenchcoat_Light_Sand1-2-scaled.jpg\",\"contentUrl\":\"https:\/\/stylestore.com\/da\/wp-content\/uploads\/sites\/3\/2025\/01\/Wbltheresa_Trenchcoat_Light_Sand1-2-scaled.jpg\",\"width\":1708,\"height\":2560},{\"@type\":\"BreadcrumbList\",\"@id\":\"https:\/\/stylestore.com\/da\/product\/wbltheresa-trenchcoat\/#breadcrumb\",\"itemListElement\":[{\"@type\":\"ListItem\",\"position\":1,\"name\":\"Home\",\"item\":\"https:\/\/stylestore.com\/da\/\"},{\"@type\":\"ListItem\",\"position\":2,\"name\":\"S\u00f8g\",\"item\":\"https:\/\/stylestore.com\/da\/soeg\/\"},{\"@type\":\"ListItem\",\"position\":3,\"name\":\"WBLTHERESA TRENCHCOAT\"}]},{\"@type\":\"WebSite\",\"@id\":\"https:\/\/stylestore.com\/da\/#website\",\"url\":\"https:\/\/stylestore.com\/da\/\",\"name\":\"Stylestore.com Denmark\",\"description\":\"\",\"potentialAction\":[{\"@type\":\"SearchAction\",\"target\":{\"@type\":\"EntryPoint\",\"urlTemplate\":\"https:\/\/stylestore.com\/da\/?s={search_term_string}\"},\"query-input\":{\"@type\":\"PropertyValueSpecification\",\"valueRequired\":true,\"valueName\":\"search_term_string\"}}],\"inLanguage\":\"da-DK\"}]}<\/script>\n<!-- \/ Yoast SEO plugin. -->","yoast_head_json":{"title":"WBLTHERESA TRENCHCOAT &#187; Stylestore.com Denmark","description":"Klassisk trenchcoat i fin twill-kvalitet, med dobbeltradet lukning og bindeb\u00e5nd i taljen for en elegant silhuet. Stropper ved skulder og \u00e6rme samt paspolerede lommer tilf\u00f8jer smarte detaljer. L\u00e6ngde under kn\u00e6et og l\u00f8s pasform giver et tidl\u00f8st og stilfuldt look.","robots":{"index":"index","follow":"follow","max-snippet":"max-snippet:-1","max-image-preview":"max-image-preview:large","max-video-preview":"max-video-preview:-1"},"canonical":"https:\/\/stylestore.com\/da\/product\/wbltheresa-trenchcoat\/","og_locale":"da_DK","og_type":"article","og_title":"WBLTHERESA TRENCHCOAT &#187; Stylestore.com Denmark","og_description":"Klassisk trenchcoat i fin twill-kvalitet, med dobbeltradet lukning og bindeb\u00e5nd i taljen for en elegant silhuet. Stropper ved skulder og \u00e6rme samt paspolerede lommer tilf\u00f8jer smarte detaljer. L\u00e6ngde under kn\u00e6et og l\u00f8s pasform giver et tidl\u00f8st og stilfuldt look.","og_url":"https:\/\/stylestore.com\/da\/product\/wbltheresa-trenchcoat\/","og_site_name":"Stylestore.com Denmark","article_modified_time":"2026-04-18T04:44:11+00:00","og_image":[{"width":1708,"height":2560,"url":"https:\/\/stylestore.com\/da\/wp-content\/uploads\/sites\/3\/2025\/01\/Wbltheresa_Trenchcoat_Light_Sand1-2-scaled.jpg","type":"image\/jpeg"}],"twitter_card":"summary_large_image","schema":{"@context":"https:\/\/schema.org","@graph":[{"@type":"WebPage","@id":"https:\/\/stylestore.com\/da\/product\/wbltheresa-trenchcoat\/","url":"https:\/\/stylestore.com\/da\/product\/wbltheresa-trenchcoat\/","name":"WBLTHERESA TRENCHCOAT &#187; Stylestore.com Denmark","isPartOf":{"@id":"https:\/\/stylestore.com\/da\/#website"},"primaryImageOfPage":{"@id":"https:\/\/stylestore.com\/da\/product\/wbltheresa-trenchcoat\/#primaryimage"},"image":{"@id":"https:\/\/stylestore.com\/da\/product\/wbltheresa-trenchcoat\/#primaryimage"},"thumbnailUrl":"https:\/\/stylestore.com\/da\/wp-content\/uploads\/sites\/3\/2025\/01\/Wbltheresa_Trenchcoat_Light_Sand1-2-scaled.jpg","datePublished":"2024-06-03T08:42:13+00:00","dateModified":"2026-04-18T04:44:11+00:00","description":"Klassisk trenchcoat i fin twill-kvalitet, med dobbeltradet lukning og bindeb\u00e5nd i taljen for en elegant silhuet. Stropper ved skulder og \u00e6rme samt paspolerede lommer tilf\u00f8jer smarte detaljer. L\u00e6ngde under kn\u00e6et og l\u00f8s pasform giver et tidl\u00f8st og stilfuldt look.","breadcrumb":{"@id":"https:\/\/stylestore.com\/da\/product\/wbltheresa-trenchcoat\/#breadcrumb"},"inLanguage":"da-DK","potentialAction":[{"@type":"ReadAction","target":["https:\/\/stylestore.com\/da\/product\/wbltheresa-trenchcoat\/"]}]},{"@type":"ImageObject","inLanguage":"da-DK","@id":"https:\/\/stylestore.com\/da\/product\/wbltheresa-trenchcoat\/#primaryimage","url":"https:\/\/stylestore.com\/da\/wp-content\/uploads\/sites\/3\/2025\/01\/Wbltheresa_Trenchcoat_Light_Sand1-2-scaled.jpg","contentUrl":"https:\/\/stylestore.com\/da\/wp-content\/uploads\/sites\/3\/2025\/01\/Wbltheresa_Trenchcoat_Light_Sand1-2-scaled.jpg","width":1708,"height":2560},{"@type":"BreadcrumbList","@id":"https:\/\/stylestore.com\/da\/product\/wbltheresa-trenchcoat\/#breadcrumb","itemListElement":[{"@type":"ListItem","position":1,"name":"Home","item":"https:\/\/stylestore.com\/da\/"},{"@type":"ListItem","position":2,"name":"S\u00f8g","item":"https:\/\/stylestore.com\/da\/soeg\/"},{"@type":"ListItem","position":3,"name":"WBLTHERESA TRENCHCOAT"}]},{"@type":"WebSite","@id":"https:\/\/stylestore.com\/da\/#website","url":"https:\/\/stylestore.com\/da\/","name":"Stylestore.com Denmark","description":"","potentialAction":[{"@type":"SearchAction","target":{"@type":"EntryPoint","urlTemplate":"https:\/\/stylestore.com\/da\/?s={search_term_string}"},"query-input":{"@type":"PropertyValueSpecification","valueRequired":true,"valueName":"search_term_string"}}],"inLanguage":"da-DK"}]}},"_links":{"self":[{"href":"https:\/\/stylestore.com\/da\/wp-json\/wp\/v2\/product\/539576","targetHints":{"allow":["GET"]}}],"collection":[{"href":"https:\/\/stylestore.com\/da\/wp-json\/wp\/v2\/product"}],"about":[{"href":"https:\/\/stylestore.com\/da\/wp-json\/wp\/v2\/types\/product"}],"wp:featuredmedia":[{"embeddable":true,"href":"https:\/\/stylestore.com\/da\/wp-json\/wp\/v2\/media\/557577"}],"wp:attachment":[{"href":"https:\/\/stylestore.com\/da\/wp-json\/wp\/v2\/media?parent=539576"}],"wp:term":[{"taxonomy":"product_brand","embeddable":true,"href":"https:\/\/stylestore.com\/da\/wp-json\/wp\/v2\/product_brand?post=539576"},{"taxonomy":"product_cat","embeddable":true,"href":"https:\/\/stylestore.com\/da\/wp-json\/wp\/v2\/product_cat?post=539576"},{"taxonomy":"product_tag","embeddable":true,"href":"https:\/\/stylestore.com\/da\/wp-json\/wp\/v2\/product_tag?post=539576"}],"curies":[{"name":"wp","href":"https:\/\/api.w.org\/{rel}","templated":true}]}}