{"id":534431,"date":"2024-01-15T14:29:48","date_gmt":"2024-01-15T13:29:48","guid":{"rendered":"https:\/\/stylestore.com\/da\/product\/wblglorian-long-puffer-coat-11\/"},"modified":"2026-04-14T04:41:19","modified_gmt":"2026-04-14T02:41:19","slug":"wblglorian-long-puffer-coat-11","status":"publish","type":"product","link":"https:\/\/stylestore.com\/da\/product\/wblglorian-long-puffer-coat-11\/","title":{"rendered":"WBLLORIAN LONG PUFFER COAT"},"content":{"rendered":"<p>Bliv helt klar til de kolde m\u00e5neder med vores lange signature puffer frakke fra WithBlack.<br \/>\nSk\u00f8n lang fiberduns frakke, designet i en ny teknisk kvalitet, som er lavet af genanvendte fibre,<br \/>\nhvilket g\u00f8r produktet en mere b\u00e6redygtig add on til garderoben, samtidig med at jakken har de bedste tekniske egenskaber, er vind og vandt\u00e6t og smudsafvisende.<br \/>\nJakken er foret med den l\u00e6kreste fiberduns blanding, hvilket giver dig en l\u00e6kker frakke med et fantastisk puff touch, samtidig med at de isolerende egenskaber er i top,<br \/>\nog du f\u00e5r en frakke som kan holde dig varm.<br \/>\nUdover foer og kvalitet, er jakken sp\u00e6kket med funktionelle detaljer bla. store l\u00e6kre lynl\u00e5se,<br \/>\nfunktionelle detaljer i sides\u00f8mmen, store l\u00e6kre lynl\u00e5slommer med fleece foer og en speciel designet h\u00e6tte, l\u00e6kre bl\u00f8de bes\u00e6tninger i kraven og storm cuffs i \u00e6rme\u00e5bningen.<br \/>\nSilhuet og pasform er fantastisk og super anvendelig til de fleste lejligheder.<br \/>\nJakken er designet udelukkende med henblik p\u00e5 at sikre dig maksimal komfort, og et st\u00e6rkt udtryk hele efter\u00e5ret og vinteren igennem.<br \/>\nH\u00f8jden p\u00e5 modellen er 176 cm og hun er if\u00f8rt en st\u00f8rrelse small.<br \/>\n#Betterwardrobe.<\/p>\n","protected":false},"excerpt":{"rendered":"","protected":false},"featured_media":552974,"template":"","meta":{"_acf_changed":false},"product_brand":[],"product_cat":[18,114],"product_tag":[1786,1787],"class_list":{"0":"post-534431","1":"product","2":"type-product","3":"status-publish","4":"has-post-thumbnail","6":"product_cat-jakker","7":"product_cat-lange-jakker","8":"product_tag-sustainable","9":"product_tag-outlet","12":"instock","13":"taxable","14":"shipping-taxable","15":"purchasable","16":"product-type-variable"},"acf":[],"yoast_head":"<!-- This site is optimized with the Yoast SEO plugin v23.8 - https:\/\/yoast.com\/wordpress\/plugins\/seo\/ -->\n<title>WBLLORIAN LONG PUFFER COAT &#187; Stylestore.com Denmark<\/title>\n<meta name=\"description\" content=\"Smuk lang dunfrakke, designet med justerbar h\u00e6tte og funktionelle detaljer.\" \/>\n<meta name=\"robots\" content=\"index, follow, max-snippet:-1, max-image-preview:large, max-video-preview:-1\" \/>\n<link rel=\"canonical\" href=\"https:\/\/stylestore.com\/da\/product\/wblglorian-long-puffer-coat-11\/\" \/>\n<meta property=\"og:locale\" content=\"da_DK\" \/>\n<meta property=\"og:type\" content=\"article\" \/>\n<meta property=\"og:title\" content=\"WBLLORIAN LONG PUFFER COAT &#187; Stylestore.com Denmark\" \/>\n<meta property=\"og:description\" content=\"Smuk lang dunfrakke, designet med justerbar h\u00e6tte og funktionelle detaljer.\" \/>\n<meta property=\"og:url\" content=\"https:\/\/stylestore.com\/da\/product\/wblglorian-long-puffer-coat-11\/\" \/>\n<meta property=\"og:site_name\" content=\"Stylestore.com Denmark\" \/>\n<meta property=\"article:modified_time\" content=\"2026-04-14T02:41:19+00:00\" \/>\n<meta property=\"og:image\" content=\"https:\/\/stylestore.com\/da\/wp-content\/uploads\/sites\/3\/2024\/11\/WBLGLORIAN20LONG20PUFFER20COAT20BOULDER20YELLOW2003.jpg\" \/>\n\t<meta property=\"og:image:width\" content=\"1067\" \/>\n\t<meta property=\"og:image:height\" content=\"1600\" \/>\n\t<meta property=\"og:image:type\" content=\"image\/jpeg\" \/>\n<meta name=\"twitter:card\" content=\"summary_large_image\" \/>\n<meta name=\"twitter:label1\" content=\"Estimeret l\u00e6setid\" \/>\n\t<meta name=\"twitter:data1\" content=\"1 minut\" \/>\n<script type=\"application\/ld+json\" class=\"yoast-schema-graph\">{\"@context\":\"https:\/\/schema.org\",\"@graph\":[{\"@type\":\"WebPage\",\"@id\":\"https:\/\/stylestore.com\/da\/product\/wblglorian-long-puffer-coat-11\/\",\"url\":\"https:\/\/stylestore.com\/da\/product\/wblglorian-long-puffer-coat-11\/\",\"name\":\"WBLLORIAN LONG PUFFER COAT &#187; Stylestore.com Denmark\",\"isPartOf\":{\"@id\":\"https:\/\/stylestore.com\/da\/#website\"},\"primaryImageOfPage\":{\"@id\":\"https:\/\/stylestore.com\/da\/product\/wblglorian-long-puffer-coat-11\/#primaryimage\"},\"image\":{\"@id\":\"https:\/\/stylestore.com\/da\/product\/wblglorian-long-puffer-coat-11\/#primaryimage\"},\"thumbnailUrl\":\"https:\/\/stylestore.com\/da\/wp-content\/uploads\/sites\/3\/2024\/11\/WBLGLORIAN20LONG20PUFFER20COAT20BOULDER20YELLOW2003.jpg\",\"datePublished\":\"2024-01-15T13:29:48+00:00\",\"dateModified\":\"2026-04-14T02:41:19+00:00\",\"description\":\"Smuk lang dunfrakke, designet med justerbar h\u00e6tte og funktionelle detaljer.\",\"breadcrumb\":{\"@id\":\"https:\/\/stylestore.com\/da\/product\/wblglorian-long-puffer-coat-11\/#breadcrumb\"},\"inLanguage\":\"da-DK\",\"potentialAction\":[{\"@type\":\"ReadAction\",\"target\":[\"https:\/\/stylestore.com\/da\/product\/wblglorian-long-puffer-coat-11\/\"]}]},{\"@type\":\"ImageObject\",\"inLanguage\":\"da-DK\",\"@id\":\"https:\/\/stylestore.com\/da\/product\/wblglorian-long-puffer-coat-11\/#primaryimage\",\"url\":\"https:\/\/stylestore.com\/da\/wp-content\/uploads\/sites\/3\/2024\/11\/WBLGLORIAN20LONG20PUFFER20COAT20BOULDER20YELLOW2003.jpg\",\"contentUrl\":\"https:\/\/stylestore.com\/da\/wp-content\/uploads\/sites\/3\/2024\/11\/WBLGLORIAN20LONG20PUFFER20COAT20BOULDER20YELLOW2003.jpg\",\"width\":1067,\"height\":1600},{\"@type\":\"BreadcrumbList\",\"@id\":\"https:\/\/stylestore.com\/da\/product\/wblglorian-long-puffer-coat-11\/#breadcrumb\",\"itemListElement\":[{\"@type\":\"ListItem\",\"position\":1,\"name\":\"Home\",\"item\":\"https:\/\/stylestore.com\/da\/\"},{\"@type\":\"ListItem\",\"position\":2,\"name\":\"S\u00f8g\",\"item\":\"https:\/\/stylestore.com\/da\/soeg\/\"},{\"@type\":\"ListItem\",\"position\":3,\"name\":\"WBLLORIAN LONG PUFFER COAT\"}]},{\"@type\":\"WebSite\",\"@id\":\"https:\/\/stylestore.com\/da\/#website\",\"url\":\"https:\/\/stylestore.com\/da\/\",\"name\":\"Stylestore.com Denmark\",\"description\":\"\",\"potentialAction\":[{\"@type\":\"SearchAction\",\"target\":{\"@type\":\"EntryPoint\",\"urlTemplate\":\"https:\/\/stylestore.com\/da\/?s={search_term_string}\"},\"query-input\":{\"@type\":\"PropertyValueSpecification\",\"valueRequired\":true,\"valueName\":\"search_term_string\"}}],\"inLanguage\":\"da-DK\"}]}<\/script>\n<!-- \/ Yoast SEO plugin. -->","yoast_head_json":{"title":"WBLLORIAN LONG PUFFER COAT &#187; Stylestore.com Denmark","description":"Smuk lang dunfrakke, designet med justerbar h\u00e6tte og funktionelle detaljer.","robots":{"index":"index","follow":"follow","max-snippet":"max-snippet:-1","max-image-preview":"max-image-preview:large","max-video-preview":"max-video-preview:-1"},"canonical":"https:\/\/stylestore.com\/da\/product\/wblglorian-long-puffer-coat-11\/","og_locale":"da_DK","og_type":"article","og_title":"WBLLORIAN LONG PUFFER COAT &#187; Stylestore.com Denmark","og_description":"Smuk lang dunfrakke, designet med justerbar h\u00e6tte og funktionelle detaljer.","og_url":"https:\/\/stylestore.com\/da\/product\/wblglorian-long-puffer-coat-11\/","og_site_name":"Stylestore.com Denmark","article_modified_time":"2026-04-14T02:41:19+00:00","og_image":[{"width":1067,"height":1600,"url":"https:\/\/stylestore.com\/da\/wp-content\/uploads\/sites\/3\/2024\/11\/WBLGLORIAN20LONG20PUFFER20COAT20BOULDER20YELLOW2003.jpg","type":"image\/jpeg"}],"twitter_card":"summary_large_image","twitter_misc":{"Estimeret l\u00e6setid":"1 minut"},"schema":{"@context":"https:\/\/schema.org","@graph":[{"@type":"WebPage","@id":"https:\/\/stylestore.com\/da\/product\/wblglorian-long-puffer-coat-11\/","url":"https:\/\/stylestore.com\/da\/product\/wblglorian-long-puffer-coat-11\/","name":"WBLLORIAN LONG PUFFER COAT &#187; Stylestore.com Denmark","isPartOf":{"@id":"https:\/\/stylestore.com\/da\/#website"},"primaryImageOfPage":{"@id":"https:\/\/stylestore.com\/da\/product\/wblglorian-long-puffer-coat-11\/#primaryimage"},"image":{"@id":"https:\/\/stylestore.com\/da\/product\/wblglorian-long-puffer-coat-11\/#primaryimage"},"thumbnailUrl":"https:\/\/stylestore.com\/da\/wp-content\/uploads\/sites\/3\/2024\/11\/WBLGLORIAN20LONG20PUFFER20COAT20BOULDER20YELLOW2003.jpg","datePublished":"2024-01-15T13:29:48+00:00","dateModified":"2026-04-14T02:41:19+00:00","description":"Smuk lang dunfrakke, designet med justerbar h\u00e6tte og funktionelle detaljer.","breadcrumb":{"@id":"https:\/\/stylestore.com\/da\/product\/wblglorian-long-puffer-coat-11\/#breadcrumb"},"inLanguage":"da-DK","potentialAction":[{"@type":"ReadAction","target":["https:\/\/stylestore.com\/da\/product\/wblglorian-long-puffer-coat-11\/"]}]},{"@type":"ImageObject","inLanguage":"da-DK","@id":"https:\/\/stylestore.com\/da\/product\/wblglorian-long-puffer-coat-11\/#primaryimage","url":"https:\/\/stylestore.com\/da\/wp-content\/uploads\/sites\/3\/2024\/11\/WBLGLORIAN20LONG20PUFFER20COAT20BOULDER20YELLOW2003.jpg","contentUrl":"https:\/\/stylestore.com\/da\/wp-content\/uploads\/sites\/3\/2024\/11\/WBLGLORIAN20LONG20PUFFER20COAT20BOULDER20YELLOW2003.jpg","width":1067,"height":1600},{"@type":"BreadcrumbList","@id":"https:\/\/stylestore.com\/da\/product\/wblglorian-long-puffer-coat-11\/#breadcrumb","itemListElement":[{"@type":"ListItem","position":1,"name":"Home","item":"https:\/\/stylestore.com\/da\/"},{"@type":"ListItem","position":2,"name":"S\u00f8g","item":"https:\/\/stylestore.com\/da\/soeg\/"},{"@type":"ListItem","position":3,"name":"WBLLORIAN LONG PUFFER COAT"}]},{"@type":"WebSite","@id":"https:\/\/stylestore.com\/da\/#website","url":"https:\/\/stylestore.com\/da\/","name":"Stylestore.com Denmark","description":"","potentialAction":[{"@type":"SearchAction","target":{"@type":"EntryPoint","urlTemplate":"https:\/\/stylestore.com\/da\/?s={search_term_string}"},"query-input":{"@type":"PropertyValueSpecification","valueRequired":true,"valueName":"search_term_string"}}],"inLanguage":"da-DK"}]}},"_links":{"self":[{"href":"https:\/\/stylestore.com\/da\/wp-json\/wp\/v2\/product\/534431","targetHints":{"allow":["GET"]}}],"collection":[{"href":"https:\/\/stylestore.com\/da\/wp-json\/wp\/v2\/product"}],"about":[{"href":"https:\/\/stylestore.com\/da\/wp-json\/wp\/v2\/types\/product"}],"wp:featuredmedia":[{"embeddable":true,"href":"https:\/\/stylestore.com\/da\/wp-json\/wp\/v2\/media\/552974"}],"wp:attachment":[{"href":"https:\/\/stylestore.com\/da\/wp-json\/wp\/v2\/media?parent=534431"}],"wp:term":[{"taxonomy":"product_brand","embeddable":true,"href":"https:\/\/stylestore.com\/da\/wp-json\/wp\/v2\/product_brand?post=534431"},{"taxonomy":"product_cat","embeddable":true,"href":"https:\/\/stylestore.com\/da\/wp-json\/wp\/v2\/product_cat?post=534431"},{"taxonomy":"product_tag","embeddable":true,"href":"https:\/\/stylestore.com\/da\/wp-json\/wp\/v2\/product_tag?post=534431"}],"curies":[{"name":"wp","href":"https:\/\/api.w.org\/{rel}","templated":true}]}}