{"id":519656,"date":"2023-06-29T15:39:33","date_gmt":"2023-06-29T13:39:33","guid":{"rendered":"https:\/\/stylestore.com\/da\/product\/wbllorri-short-sleeve-tee-11\/"},"modified":"2026-04-22T04:53:16","modified_gmt":"2026-04-22T02:53:16","slug":"wbllorri-short-sleeve-tee-11","status":"publish","type":"product","link":"https:\/\/stylestore.com\/da\/product\/wbllorri-short-sleeve-tee-11\/","title":{"rendered":"WBLLORRI SHORT SLEEVE TEE"},"content":{"rendered":"<p>Denne cool fold-up tee tilf\u00f8jer et ekstra l\u00e6kkert touch til din hverdagsgarderobe. Designet med et perfekt l\u00f8st fit, fold-up detaljer og rund hals. Denne tee er forarbejdet i en eksklusiv og superbl\u00f8d<br \/>\nmodal og bomuldsblanding, som har det l\u00e6kreste touch samtidig med, at den er superkomfortable. Modal er et af de l\u00e6krest og mest bl\u00f8de materialer, og det giver stylen super komfort samtidig med et<br \/>\nrigt udtryk p\u00e5 overfladen. Derudover er den langtidsholdbar, og du f\u00e5r her en \u00e6gte garderobe favorit, som du kommer til at elske, og som du kan regne med i lang tid. Alt fra pasform til materialer er<br \/>\nopgraderet og made with love. Styrk ethvert outfit til alle lejligheder med denne lux tee. Hos StyleStore.com tror vi p\u00e5 den lille l\u00e6kre luksusgarderobe, sammensat af de bedste<br \/>\nmaterialer, i alsidige silhuetter, som du kan bruge s\u00e6son efter s\u00e6son, alt sammen tilg\u00e6ngeligt til priser som giver mening. Tag din s\u00e6dvanlige st\u00f8rrelse i t-shirts. Modellen er<br \/>\n176 cm og ses her i str. S.<\/p>\n","protected":false},"excerpt":{"rendered":"","protected":false},"featured_media":519776,"template":"","meta":{"_acf_changed":false},"product_brand":[],"product_cat":[122],"product_tag":[2151,1786],"class_list":{"0":"post-519656","1":"product","2":"type-product","3":"status-publish","4":"has-post-thumbnail","6":"product_cat-t-shirts","7":"product_tag-b2b","8":"product_tag-sustainable","11":"instock","12":"taxable","13":"shipping-taxable","14":"purchasable","15":"product-type-variable"},"acf":[],"yoast_head":"<!-- This site is optimized with the Yoast SEO plugin v23.8 - https:\/\/yoast.com\/wordpress\/plugins\/seo\/ -->\n<title>WBLLORRI SHORT SLEEVE TEE &#187; Stylestore.com Denmark<\/title>\n<meta name=\"description\" content=\"Cool tee fra WithBlack, designet med et perfekt l\u00f8st fit, fold-up detaljer og rund hals i en eksklusiv og superbl\u00f8d modal og bomuldsblanding.\" \/>\n<meta name=\"robots\" content=\"index, follow, max-snippet:-1, max-image-preview:large, max-video-preview:-1\" \/>\n<link rel=\"canonical\" href=\"https:\/\/stylestore.com\/da\/product\/wbllorri-short-sleeve-tee-11\/\" \/>\n<meta property=\"og:locale\" content=\"da_DK\" \/>\n<meta property=\"og:type\" content=\"article\" \/>\n<meta property=\"og:title\" content=\"WBLLORRI SHORT SLEEVE TEE &#187; Stylestore.com Denmark\" \/>\n<meta property=\"og:description\" content=\"Cool tee fra WithBlack, designet med et perfekt l\u00f8st fit, fold-up detaljer og rund hals i en eksklusiv og superbl\u00f8d modal og bomuldsblanding.\" \/>\n<meta property=\"og:url\" content=\"https:\/\/stylestore.com\/da\/product\/wbllorri-short-sleeve-tee-11\/\" \/>\n<meta property=\"og:site_name\" content=\"Stylestore.com Denmark\" \/>\n<meta property=\"article:modified_time\" content=\"2026-04-22T02:53:16+00:00\" \/>\n<meta property=\"og:image\" content=\"https:\/\/stylestore.com\/da\/wp-content\/uploads\/sites\/3\/2023\/06\/WBLLORRI20SHORT20SLEEVE20TEE20WHITE20SS200-1.jpg\" \/>\n\t<meta property=\"og:image:width\" content=\"1067\" \/>\n\t<meta property=\"og:image:height\" content=\"1600\" \/>\n\t<meta property=\"og:image:type\" content=\"image\/jpeg\" \/>\n<meta name=\"twitter:card\" content=\"summary_large_image\" \/>\n<meta name=\"twitter:label1\" content=\"Estimeret l\u00e6setid\" \/>\n\t<meta name=\"twitter:data1\" content=\"1 minut\" \/>\n<script type=\"application\/ld+json\" class=\"yoast-schema-graph\">{\"@context\":\"https:\/\/schema.org\",\"@graph\":[{\"@type\":\"WebPage\",\"@id\":\"https:\/\/stylestore.com\/da\/product\/wbllorri-short-sleeve-tee-11\/\",\"url\":\"https:\/\/stylestore.com\/da\/product\/wbllorri-short-sleeve-tee-11\/\",\"name\":\"WBLLORRI SHORT SLEEVE TEE &#187; Stylestore.com Denmark\",\"isPartOf\":{\"@id\":\"https:\/\/stylestore.com\/da\/#website\"},\"primaryImageOfPage\":{\"@id\":\"https:\/\/stylestore.com\/da\/product\/wbllorri-short-sleeve-tee-11\/#primaryimage\"},\"image\":{\"@id\":\"https:\/\/stylestore.com\/da\/product\/wbllorri-short-sleeve-tee-11\/#primaryimage\"},\"thumbnailUrl\":\"https:\/\/stylestore.com\/da\/wp-content\/uploads\/sites\/3\/2023\/06\/WBLLORRI20SHORT20SLEEVE20TEE20WHITE20SS200-1.jpg\",\"datePublished\":\"2023-06-29T13:39:33+00:00\",\"dateModified\":\"2026-04-22T02:53:16+00:00\",\"description\":\"Cool tee fra WithBlack, designet med et perfekt l\u00f8st fit, fold-up detaljer og rund hals i en eksklusiv og superbl\u00f8d modal og bomuldsblanding.\",\"breadcrumb\":{\"@id\":\"https:\/\/stylestore.com\/da\/product\/wbllorri-short-sleeve-tee-11\/#breadcrumb\"},\"inLanguage\":\"da-DK\",\"potentialAction\":[{\"@type\":\"ReadAction\",\"target\":[\"https:\/\/stylestore.com\/da\/product\/wbllorri-short-sleeve-tee-11\/\"]}]},{\"@type\":\"ImageObject\",\"inLanguage\":\"da-DK\",\"@id\":\"https:\/\/stylestore.com\/da\/product\/wbllorri-short-sleeve-tee-11\/#primaryimage\",\"url\":\"https:\/\/stylestore.com\/da\/wp-content\/uploads\/sites\/3\/2023\/06\/WBLLORRI20SHORT20SLEEVE20TEE20WHITE20SS200-1.jpg\",\"contentUrl\":\"https:\/\/stylestore.com\/da\/wp-content\/uploads\/sites\/3\/2023\/06\/WBLLORRI20SHORT20SLEEVE20TEE20WHITE20SS200-1.jpg\",\"width\":1067,\"height\":1600},{\"@type\":\"BreadcrumbList\",\"@id\":\"https:\/\/stylestore.com\/da\/product\/wbllorri-short-sleeve-tee-11\/#breadcrumb\",\"itemListElement\":[{\"@type\":\"ListItem\",\"position\":1,\"name\":\"Home\",\"item\":\"https:\/\/stylestore.com\/da\/\"},{\"@type\":\"ListItem\",\"position\":2,\"name\":\"S\u00f8g\",\"item\":\"https:\/\/stylestore.com\/da\/soeg\/\"},{\"@type\":\"ListItem\",\"position\":3,\"name\":\"WBLLORRI SHORT SLEEVE TEE\"}]},{\"@type\":\"WebSite\",\"@id\":\"https:\/\/stylestore.com\/da\/#website\",\"url\":\"https:\/\/stylestore.com\/da\/\",\"name\":\"Stylestore.com Denmark\",\"description\":\"\",\"potentialAction\":[{\"@type\":\"SearchAction\",\"target\":{\"@type\":\"EntryPoint\",\"urlTemplate\":\"https:\/\/stylestore.com\/da\/?s={search_term_string}\"},\"query-input\":{\"@type\":\"PropertyValueSpecification\",\"valueRequired\":true,\"valueName\":\"search_term_string\"}}],\"inLanguage\":\"da-DK\"}]}<\/script>\n<!-- \/ Yoast SEO plugin. -->","yoast_head_json":{"title":"WBLLORRI SHORT SLEEVE TEE &#187; Stylestore.com Denmark","description":"Cool tee fra WithBlack, designet med et perfekt l\u00f8st fit, fold-up detaljer og rund hals i en eksklusiv og superbl\u00f8d modal og bomuldsblanding.","robots":{"index":"index","follow":"follow","max-snippet":"max-snippet:-1","max-image-preview":"max-image-preview:large","max-video-preview":"max-video-preview:-1"},"canonical":"https:\/\/stylestore.com\/da\/product\/wbllorri-short-sleeve-tee-11\/","og_locale":"da_DK","og_type":"article","og_title":"WBLLORRI SHORT SLEEVE TEE &#187; Stylestore.com Denmark","og_description":"Cool tee fra WithBlack, designet med et perfekt l\u00f8st fit, fold-up detaljer og rund hals i en eksklusiv og superbl\u00f8d modal og bomuldsblanding.","og_url":"https:\/\/stylestore.com\/da\/product\/wbllorri-short-sleeve-tee-11\/","og_site_name":"Stylestore.com Denmark","article_modified_time":"2026-04-22T02:53:16+00:00","og_image":[{"width":1067,"height":1600,"url":"https:\/\/stylestore.com\/da\/wp-content\/uploads\/sites\/3\/2023\/06\/WBLLORRI20SHORT20SLEEVE20TEE20WHITE20SS200-1.jpg","type":"image\/jpeg"}],"twitter_card":"summary_large_image","twitter_misc":{"Estimeret l\u00e6setid":"1 minut"},"schema":{"@context":"https:\/\/schema.org","@graph":[{"@type":"WebPage","@id":"https:\/\/stylestore.com\/da\/product\/wbllorri-short-sleeve-tee-11\/","url":"https:\/\/stylestore.com\/da\/product\/wbllorri-short-sleeve-tee-11\/","name":"WBLLORRI SHORT SLEEVE TEE &#187; Stylestore.com Denmark","isPartOf":{"@id":"https:\/\/stylestore.com\/da\/#website"},"primaryImageOfPage":{"@id":"https:\/\/stylestore.com\/da\/product\/wbllorri-short-sleeve-tee-11\/#primaryimage"},"image":{"@id":"https:\/\/stylestore.com\/da\/product\/wbllorri-short-sleeve-tee-11\/#primaryimage"},"thumbnailUrl":"https:\/\/stylestore.com\/da\/wp-content\/uploads\/sites\/3\/2023\/06\/WBLLORRI20SHORT20SLEEVE20TEE20WHITE20SS200-1.jpg","datePublished":"2023-06-29T13:39:33+00:00","dateModified":"2026-04-22T02:53:16+00:00","description":"Cool tee fra WithBlack, designet med et perfekt l\u00f8st fit, fold-up detaljer og rund hals i en eksklusiv og superbl\u00f8d modal og bomuldsblanding.","breadcrumb":{"@id":"https:\/\/stylestore.com\/da\/product\/wbllorri-short-sleeve-tee-11\/#breadcrumb"},"inLanguage":"da-DK","potentialAction":[{"@type":"ReadAction","target":["https:\/\/stylestore.com\/da\/product\/wbllorri-short-sleeve-tee-11\/"]}]},{"@type":"ImageObject","inLanguage":"da-DK","@id":"https:\/\/stylestore.com\/da\/product\/wbllorri-short-sleeve-tee-11\/#primaryimage","url":"https:\/\/stylestore.com\/da\/wp-content\/uploads\/sites\/3\/2023\/06\/WBLLORRI20SHORT20SLEEVE20TEE20WHITE20SS200-1.jpg","contentUrl":"https:\/\/stylestore.com\/da\/wp-content\/uploads\/sites\/3\/2023\/06\/WBLLORRI20SHORT20SLEEVE20TEE20WHITE20SS200-1.jpg","width":1067,"height":1600},{"@type":"BreadcrumbList","@id":"https:\/\/stylestore.com\/da\/product\/wbllorri-short-sleeve-tee-11\/#breadcrumb","itemListElement":[{"@type":"ListItem","position":1,"name":"Home","item":"https:\/\/stylestore.com\/da\/"},{"@type":"ListItem","position":2,"name":"S\u00f8g","item":"https:\/\/stylestore.com\/da\/soeg\/"},{"@type":"ListItem","position":3,"name":"WBLLORRI SHORT SLEEVE TEE"}]},{"@type":"WebSite","@id":"https:\/\/stylestore.com\/da\/#website","url":"https:\/\/stylestore.com\/da\/","name":"Stylestore.com Denmark","description":"","potentialAction":[{"@type":"SearchAction","target":{"@type":"EntryPoint","urlTemplate":"https:\/\/stylestore.com\/da\/?s={search_term_string}"},"query-input":{"@type":"PropertyValueSpecification","valueRequired":true,"valueName":"search_term_string"}}],"inLanguage":"da-DK"}]}},"_links":{"self":[{"href":"https:\/\/stylestore.com\/da\/wp-json\/wp\/v2\/product\/519656","targetHints":{"allow":["GET"]}}],"collection":[{"href":"https:\/\/stylestore.com\/da\/wp-json\/wp\/v2\/product"}],"about":[{"href":"https:\/\/stylestore.com\/da\/wp-json\/wp\/v2\/types\/product"}],"wp:featuredmedia":[{"embeddable":true,"href":"https:\/\/stylestore.com\/da\/wp-json\/wp\/v2\/media\/519776"}],"wp:attachment":[{"href":"https:\/\/stylestore.com\/da\/wp-json\/wp\/v2\/media?parent=519656"}],"wp:term":[{"taxonomy":"product_brand","embeddable":true,"href":"https:\/\/stylestore.com\/da\/wp-json\/wp\/v2\/product_brand?post=519656"},{"taxonomy":"product_cat","embeddable":true,"href":"https:\/\/stylestore.com\/da\/wp-json\/wp\/v2\/product_cat?post=519656"},{"taxonomy":"product_tag","embeddable":true,"href":"https:\/\/stylestore.com\/da\/wp-json\/wp\/v2\/product_tag?post=519656"}],"curies":[{"name":"wp","href":"https:\/\/api.w.org\/{rel}","templated":true}]}}