{"id":518849,"date":"2023-06-26T19:31:52","date_gmt":"2023-06-26T17:31:52","guid":{"rendered":"https:\/\/stylestore.com\/da\/product\/wblrita-ribbed-tank-top-7\/"},"modified":"2026-04-14T05:05:19","modified_gmt":"2026-04-14T03:05:19","slug":"wblrita-ribbed-tank-top-7","status":"publish","type":"product","link":"https:\/\/stylestore.com\/da\/product\/wblrita-ribbed-tank-top-7\/","title":{"rendered":"WBLRITA RIBBED TANK TOP"},"content":{"rendered":"<p>Helt uundv\u00e6rlige basic top, Rita Tank Top, er en t\u00e6tsiddende ribstrik i en fast bomuld-spandex-blanding med en h\u00f8j rund halsudsk\u00e6ring for som giver dig et clean look. Det er en tidsl\u00f8s style du<br \/>\nkan bruge s\u00e6son efter s\u00e6son, og som stort set passer til alt i din garderobe, og fantastisk til layering.<br \/>\nModellen er 176 cm h\u00f8j og har str. small p\u00e5.<br \/>\nToppen er true to size og, vi anbefaler du v\u00e6lger din normale st\u00f8rrelse.<br \/>\n#Betterwardrobe<\/p>\n","protected":false},"excerpt":{"rendered":"","protected":false},"featured_media":519516,"template":"","meta":{"_acf_changed":false},"product_brand":[],"product_cat":[20,123],"product_tag":[2151,1787],"class_list":{"0":"post-518849","1":"product","2":"type-product","3":"status-publish","4":"has-post-thumbnail","6":"product_cat-toppe","7":"product_cat-toppe-toppe","8":"product_tag-b2b","9":"product_tag-outlet","12":"instock","13":"sale","14":"taxable","15":"shipping-taxable","16":"purchasable","17":"product-type-variable"},"acf":[],"yoast_head":"<!-- This site is optimized with the Yoast SEO plugin v23.8 - https:\/\/yoast.com\/wordpress\/plugins\/seo\/ -->\n<title>WBLRITA RIBBED TANK TOP &#187; Stylestore.com Denmark<\/title>\n<meta name=\"description\" content=\"Uundv\u00e6rlig basic top fra WithBlack, designet i en t\u00e6tsiddende ribstrik i en fast bomuld-spandex-blanding med en h\u00f8j rund halsudsk\u00e6ring.\" \/>\n<meta name=\"robots\" content=\"index, follow, max-snippet:-1, max-image-preview:large, max-video-preview:-1\" \/>\n<link rel=\"canonical\" href=\"https:\/\/stylestore.com\/da\/product\/wblrita-ribbed-tank-top-7\/\" \/>\n<meta property=\"og:locale\" content=\"da_DK\" \/>\n<meta property=\"og:type\" content=\"article\" \/>\n<meta property=\"og:title\" content=\"WBLRITA RIBBED TANK TOP &#187; Stylestore.com Denmark\" \/>\n<meta property=\"og:description\" content=\"Uundv\u00e6rlig basic top fra WithBlack, designet i en t\u00e6tsiddende ribstrik i en fast bomuld-spandex-blanding med en h\u00f8j rund halsudsk\u00e6ring.\" \/>\n<meta property=\"og:url\" content=\"https:\/\/stylestore.com\/da\/product\/wblrita-ribbed-tank-top-7\/\" \/>\n<meta property=\"og:site_name\" content=\"Stylestore.com Denmark\" \/>\n<meta property=\"article:modified_time\" content=\"2026-04-14T03:05:19+00:00\" \/>\n<meta property=\"og:image\" content=\"https:\/\/stylestore.com\/da\/wp-content\/uploads\/sites\/3\/2023\/06\/WBLRITA20RIBBED20TANK20TOP20WHITE20SS200-2.jpg\" \/>\n\t<meta property=\"og:image:width\" content=\"1067\" \/>\n\t<meta property=\"og:image:height\" content=\"1600\" \/>\n\t<meta property=\"og:image:type\" content=\"image\/jpeg\" \/>\n<meta name=\"twitter:card\" content=\"summary_large_image\" \/>\n<script type=\"application\/ld+json\" class=\"yoast-schema-graph\">{\"@context\":\"https:\/\/schema.org\",\"@graph\":[{\"@type\":\"WebPage\",\"@id\":\"https:\/\/stylestore.com\/da\/product\/wblrita-ribbed-tank-top-7\/\",\"url\":\"https:\/\/stylestore.com\/da\/product\/wblrita-ribbed-tank-top-7\/\",\"name\":\"WBLRITA RIBBED TANK TOP &#187; Stylestore.com Denmark\",\"isPartOf\":{\"@id\":\"https:\/\/stylestore.com\/da\/#website\"},\"primaryImageOfPage\":{\"@id\":\"https:\/\/stylestore.com\/da\/product\/wblrita-ribbed-tank-top-7\/#primaryimage\"},\"image\":{\"@id\":\"https:\/\/stylestore.com\/da\/product\/wblrita-ribbed-tank-top-7\/#primaryimage\"},\"thumbnailUrl\":\"https:\/\/stylestore.com\/da\/wp-content\/uploads\/sites\/3\/2023\/06\/WBLRITA20RIBBED20TANK20TOP20WHITE20SS200-2.jpg\",\"datePublished\":\"2023-06-26T17:31:52+00:00\",\"dateModified\":\"2026-04-14T03:05:19+00:00\",\"description\":\"Uundv\u00e6rlig basic top fra WithBlack, designet i en t\u00e6tsiddende ribstrik i en fast bomuld-spandex-blanding med en h\u00f8j rund halsudsk\u00e6ring.\",\"breadcrumb\":{\"@id\":\"https:\/\/stylestore.com\/da\/product\/wblrita-ribbed-tank-top-7\/#breadcrumb\"},\"inLanguage\":\"da-DK\",\"potentialAction\":[{\"@type\":\"ReadAction\",\"target\":[\"https:\/\/stylestore.com\/da\/product\/wblrita-ribbed-tank-top-7\/\"]}]},{\"@type\":\"ImageObject\",\"inLanguage\":\"da-DK\",\"@id\":\"https:\/\/stylestore.com\/da\/product\/wblrita-ribbed-tank-top-7\/#primaryimage\",\"url\":\"https:\/\/stylestore.com\/da\/wp-content\/uploads\/sites\/3\/2023\/06\/WBLRITA20RIBBED20TANK20TOP20WHITE20SS200-2.jpg\",\"contentUrl\":\"https:\/\/stylestore.com\/da\/wp-content\/uploads\/sites\/3\/2023\/06\/WBLRITA20RIBBED20TANK20TOP20WHITE20SS200-2.jpg\",\"width\":1067,\"height\":1600},{\"@type\":\"BreadcrumbList\",\"@id\":\"https:\/\/stylestore.com\/da\/product\/wblrita-ribbed-tank-top-7\/#breadcrumb\",\"itemListElement\":[{\"@type\":\"ListItem\",\"position\":1,\"name\":\"Home\",\"item\":\"https:\/\/stylestore.com\/da\/\"},{\"@type\":\"ListItem\",\"position\":2,\"name\":\"S\u00f8g\",\"item\":\"https:\/\/stylestore.com\/da\/soeg\/\"},{\"@type\":\"ListItem\",\"position\":3,\"name\":\"WBLRITA RIBBED TANK TOP\"}]},{\"@type\":\"WebSite\",\"@id\":\"https:\/\/stylestore.com\/da\/#website\",\"url\":\"https:\/\/stylestore.com\/da\/\",\"name\":\"Stylestore.com Denmark\",\"description\":\"\",\"potentialAction\":[{\"@type\":\"SearchAction\",\"target\":{\"@type\":\"EntryPoint\",\"urlTemplate\":\"https:\/\/stylestore.com\/da\/?s={search_term_string}\"},\"query-input\":{\"@type\":\"PropertyValueSpecification\",\"valueRequired\":true,\"valueName\":\"search_term_string\"}}],\"inLanguage\":\"da-DK\"}]}<\/script>\n<!-- \/ Yoast SEO plugin. -->","yoast_head_json":{"title":"WBLRITA RIBBED TANK TOP &#187; Stylestore.com Denmark","description":"Uundv\u00e6rlig basic top fra WithBlack, designet i en t\u00e6tsiddende ribstrik i en fast bomuld-spandex-blanding med en h\u00f8j rund halsudsk\u00e6ring.","robots":{"index":"index","follow":"follow","max-snippet":"max-snippet:-1","max-image-preview":"max-image-preview:large","max-video-preview":"max-video-preview:-1"},"canonical":"https:\/\/stylestore.com\/da\/product\/wblrita-ribbed-tank-top-7\/","og_locale":"da_DK","og_type":"article","og_title":"WBLRITA RIBBED TANK TOP &#187; Stylestore.com Denmark","og_description":"Uundv\u00e6rlig basic top fra WithBlack, designet i en t\u00e6tsiddende ribstrik i en fast bomuld-spandex-blanding med en h\u00f8j rund halsudsk\u00e6ring.","og_url":"https:\/\/stylestore.com\/da\/product\/wblrita-ribbed-tank-top-7\/","og_site_name":"Stylestore.com Denmark","article_modified_time":"2026-04-14T03:05:19+00:00","og_image":[{"width":1067,"height":1600,"url":"https:\/\/stylestore.com\/da\/wp-content\/uploads\/sites\/3\/2023\/06\/WBLRITA20RIBBED20TANK20TOP20WHITE20SS200-2.jpg","type":"image\/jpeg"}],"twitter_card":"summary_large_image","schema":{"@context":"https:\/\/schema.org","@graph":[{"@type":"WebPage","@id":"https:\/\/stylestore.com\/da\/product\/wblrita-ribbed-tank-top-7\/","url":"https:\/\/stylestore.com\/da\/product\/wblrita-ribbed-tank-top-7\/","name":"WBLRITA RIBBED TANK TOP &#187; Stylestore.com Denmark","isPartOf":{"@id":"https:\/\/stylestore.com\/da\/#website"},"primaryImageOfPage":{"@id":"https:\/\/stylestore.com\/da\/product\/wblrita-ribbed-tank-top-7\/#primaryimage"},"image":{"@id":"https:\/\/stylestore.com\/da\/product\/wblrita-ribbed-tank-top-7\/#primaryimage"},"thumbnailUrl":"https:\/\/stylestore.com\/da\/wp-content\/uploads\/sites\/3\/2023\/06\/WBLRITA20RIBBED20TANK20TOP20WHITE20SS200-2.jpg","datePublished":"2023-06-26T17:31:52+00:00","dateModified":"2026-04-14T03:05:19+00:00","description":"Uundv\u00e6rlig basic top fra WithBlack, designet i en t\u00e6tsiddende ribstrik i en fast bomuld-spandex-blanding med en h\u00f8j rund halsudsk\u00e6ring.","breadcrumb":{"@id":"https:\/\/stylestore.com\/da\/product\/wblrita-ribbed-tank-top-7\/#breadcrumb"},"inLanguage":"da-DK","potentialAction":[{"@type":"ReadAction","target":["https:\/\/stylestore.com\/da\/product\/wblrita-ribbed-tank-top-7\/"]}]},{"@type":"ImageObject","inLanguage":"da-DK","@id":"https:\/\/stylestore.com\/da\/product\/wblrita-ribbed-tank-top-7\/#primaryimage","url":"https:\/\/stylestore.com\/da\/wp-content\/uploads\/sites\/3\/2023\/06\/WBLRITA20RIBBED20TANK20TOP20WHITE20SS200-2.jpg","contentUrl":"https:\/\/stylestore.com\/da\/wp-content\/uploads\/sites\/3\/2023\/06\/WBLRITA20RIBBED20TANK20TOP20WHITE20SS200-2.jpg","width":1067,"height":1600},{"@type":"BreadcrumbList","@id":"https:\/\/stylestore.com\/da\/product\/wblrita-ribbed-tank-top-7\/#breadcrumb","itemListElement":[{"@type":"ListItem","position":1,"name":"Home","item":"https:\/\/stylestore.com\/da\/"},{"@type":"ListItem","position":2,"name":"S\u00f8g","item":"https:\/\/stylestore.com\/da\/soeg\/"},{"@type":"ListItem","position":3,"name":"WBLRITA RIBBED TANK TOP"}]},{"@type":"WebSite","@id":"https:\/\/stylestore.com\/da\/#website","url":"https:\/\/stylestore.com\/da\/","name":"Stylestore.com Denmark","description":"","potentialAction":[{"@type":"SearchAction","target":{"@type":"EntryPoint","urlTemplate":"https:\/\/stylestore.com\/da\/?s={search_term_string}"},"query-input":{"@type":"PropertyValueSpecification","valueRequired":true,"valueName":"search_term_string"}}],"inLanguage":"da-DK"}]}},"_links":{"self":[{"href":"https:\/\/stylestore.com\/da\/wp-json\/wp\/v2\/product\/518849","targetHints":{"allow":["GET"]}}],"collection":[{"href":"https:\/\/stylestore.com\/da\/wp-json\/wp\/v2\/product"}],"about":[{"href":"https:\/\/stylestore.com\/da\/wp-json\/wp\/v2\/types\/product"}],"wp:featuredmedia":[{"embeddable":true,"href":"https:\/\/stylestore.com\/da\/wp-json\/wp\/v2\/media\/519516"}],"wp:attachment":[{"href":"https:\/\/stylestore.com\/da\/wp-json\/wp\/v2\/media?parent=518849"}],"wp:term":[{"taxonomy":"product_brand","embeddable":true,"href":"https:\/\/stylestore.com\/da\/wp-json\/wp\/v2\/product_brand?post=518849"},{"taxonomy":"product_cat","embeddable":true,"href":"https:\/\/stylestore.com\/da\/wp-json\/wp\/v2\/product_cat?post=518849"},{"taxonomy":"product_tag","embeddable":true,"href":"https:\/\/stylestore.com\/da\/wp-json\/wp\/v2\/product_tag?post=518849"}],"curies":[{"name":"wp","href":"https:\/\/api.w.org\/{rel}","templated":true}]}}