{"id":517564,"date":"2023-06-14T13:45:33","date_gmt":"2023-06-14T11:45:33","guid":{"rendered":"https:\/\/stylestore.com\/da\/product\/wblkally-bomber-jacket-6\/"},"modified":"2026-04-14T05:14:16","modified_gmt":"2026-04-14T03:14:16","slug":"wblkally-bomber-jacket-6","status":"publish","type":"product","link":"https:\/\/stylestore.com\/da\/product\/wblkally-bomber-jacket-6\/","title":{"rendered":"WBLKALLY BOMBER JACKET"},"content":{"rendered":"<p>Polstret nylon med satin glansfuld overflade<br \/>\nKlassisk oversized bomber<br \/>\nRibstrikket krave, manchetter og bund<br \/>\nSkjult lynl\u00e5s- og trykknaplukning foran<br \/>\nKlaplommer med tryknapper<br \/>\nRynkeeffekt p\u00e5 \u00e6rmer og ryg<br \/>\n\u00c6rmelomme med lynl\u00e5s<br \/>\nQuiltet for<\/p>\n<p>Modellen er 173 cm h\u00f8j og bruger str. small<br \/>\nProduktet er st\u00f8rrelsessvarende for et oversize look. G\u00e5 \u00e9n st\u00f8rrelse ned for et mindre oversize look<\/p>\n","protected":false},"excerpt":{"rendered":"","protected":false},"featured_media":521663,"template":"","meta":{"_acf_changed":false},"product_brand":[],"product_cat":[115],"product_tag":[2151,1787],"class_list":{"0":"post-517564","1":"product","2":"type-product","3":"status-publish","4":"has-post-thumbnail","6":"product_cat-korte-jakker","7":"product_tag-b2b","8":"product_tag-outlet","11":"instock","12":"sale","13":"taxable","14":"shipping-taxable","15":"purchasable","16":"product-type-variable"},"acf":[],"yoast_head":"<!-- This site is optimized with the Yoast SEO plugin v23.8 - https:\/\/yoast.com\/wordpress\/plugins\/seo\/ -->\n<title>WBLKALLY BOMBER JACKET &#187; Stylestore.com Denmark<\/title>\n<meta name=\"robots\" content=\"index, follow, max-snippet:-1, max-image-preview:large, max-video-preview:-1\" \/>\n<link rel=\"canonical\" href=\"https:\/\/stylestore.com\/da\/product\/wblkally-bomber-jacket-6\/\" \/>\n<meta property=\"og:locale\" content=\"da_DK\" \/>\n<meta property=\"og:type\" content=\"article\" \/>\n<meta property=\"og:title\" content=\"WBLKALLY BOMBER JACKET &#187; Stylestore.com Denmark\" \/>\n<meta property=\"og:url\" content=\"https:\/\/stylestore.com\/da\/product\/wblkally-bomber-jacket-6\/\" \/>\n<meta property=\"og:site_name\" content=\"Stylestore.com Denmark\" \/>\n<meta property=\"article:modified_time\" content=\"2026-04-14T03:14:16+00:00\" \/>\n<meta property=\"og:image\" content=\"https:\/\/stylestore.com\/da\/wp-content\/uploads\/sites\/3\/2023\/08\/WBLKALLY20BOMBER20JACKET20Lead20Gray2005-2.jpg\" \/>\n\t<meta property=\"og:image:width\" content=\"1067\" \/>\n\t<meta property=\"og:image:height\" content=\"1600\" \/>\n\t<meta property=\"og:image:type\" content=\"image\/jpeg\" \/>\n<meta name=\"twitter:card\" content=\"summary_large_image\" \/>\n<script type=\"application\/ld+json\" class=\"yoast-schema-graph\">{\"@context\":\"https:\/\/schema.org\",\"@graph\":[{\"@type\":\"WebPage\",\"@id\":\"https:\/\/stylestore.com\/da\/product\/wblkally-bomber-jacket-6\/\",\"url\":\"https:\/\/stylestore.com\/da\/product\/wblkally-bomber-jacket-6\/\",\"name\":\"WBLKALLY BOMBER JACKET &#187; Stylestore.com Denmark\",\"isPartOf\":{\"@id\":\"https:\/\/stylestore.com\/da\/#website\"},\"primaryImageOfPage\":{\"@id\":\"https:\/\/stylestore.com\/da\/product\/wblkally-bomber-jacket-6\/#primaryimage\"},\"image\":{\"@id\":\"https:\/\/stylestore.com\/da\/product\/wblkally-bomber-jacket-6\/#primaryimage\"},\"thumbnailUrl\":\"https:\/\/stylestore.com\/da\/wp-content\/uploads\/sites\/3\/2023\/08\/WBLKALLY20BOMBER20JACKET20Lead20Gray2005-2.jpg\",\"datePublished\":\"2023-06-14T11:45:33+00:00\",\"dateModified\":\"2026-04-14T03:14:16+00:00\",\"breadcrumb\":{\"@id\":\"https:\/\/stylestore.com\/da\/product\/wblkally-bomber-jacket-6\/#breadcrumb\"},\"inLanguage\":\"da-DK\",\"potentialAction\":[{\"@type\":\"ReadAction\",\"target\":[\"https:\/\/stylestore.com\/da\/product\/wblkally-bomber-jacket-6\/\"]}]},{\"@type\":\"ImageObject\",\"inLanguage\":\"da-DK\",\"@id\":\"https:\/\/stylestore.com\/da\/product\/wblkally-bomber-jacket-6\/#primaryimage\",\"url\":\"https:\/\/stylestore.com\/da\/wp-content\/uploads\/sites\/3\/2023\/08\/WBLKALLY20BOMBER20JACKET20Lead20Gray2005-2.jpg\",\"contentUrl\":\"https:\/\/stylestore.com\/da\/wp-content\/uploads\/sites\/3\/2023\/08\/WBLKALLY20BOMBER20JACKET20Lead20Gray2005-2.jpg\",\"width\":1067,\"height\":1600},{\"@type\":\"BreadcrumbList\",\"@id\":\"https:\/\/stylestore.com\/da\/product\/wblkally-bomber-jacket-6\/#breadcrumb\",\"itemListElement\":[{\"@type\":\"ListItem\",\"position\":1,\"name\":\"Home\",\"item\":\"https:\/\/stylestore.com\/da\/\"},{\"@type\":\"ListItem\",\"position\":2,\"name\":\"S\u00f8g\",\"item\":\"https:\/\/stylestore.com\/da\/soeg\/\"},{\"@type\":\"ListItem\",\"position\":3,\"name\":\"WBLKALLY BOMBER JACKET\"}]},{\"@type\":\"WebSite\",\"@id\":\"https:\/\/stylestore.com\/da\/#website\",\"url\":\"https:\/\/stylestore.com\/da\/\",\"name\":\"Stylestore.com Denmark\",\"description\":\"\",\"potentialAction\":[{\"@type\":\"SearchAction\",\"target\":{\"@type\":\"EntryPoint\",\"urlTemplate\":\"https:\/\/stylestore.com\/da\/?s={search_term_string}\"},\"query-input\":{\"@type\":\"PropertyValueSpecification\",\"valueRequired\":true,\"valueName\":\"search_term_string\"}}],\"inLanguage\":\"da-DK\"}]}<\/script>\n<!-- \/ Yoast SEO plugin. -->","yoast_head_json":{"title":"WBLKALLY BOMBER JACKET &#187; Stylestore.com Denmark","robots":{"index":"index","follow":"follow","max-snippet":"max-snippet:-1","max-image-preview":"max-image-preview:large","max-video-preview":"max-video-preview:-1"},"canonical":"https:\/\/stylestore.com\/da\/product\/wblkally-bomber-jacket-6\/","og_locale":"da_DK","og_type":"article","og_title":"WBLKALLY BOMBER JACKET &#187; Stylestore.com Denmark","og_url":"https:\/\/stylestore.com\/da\/product\/wblkally-bomber-jacket-6\/","og_site_name":"Stylestore.com Denmark","article_modified_time":"2026-04-14T03:14:16+00:00","og_image":[{"width":1067,"height":1600,"url":"https:\/\/stylestore.com\/da\/wp-content\/uploads\/sites\/3\/2023\/08\/WBLKALLY20BOMBER20JACKET20Lead20Gray2005-2.jpg","type":"image\/jpeg"}],"twitter_card":"summary_large_image","schema":{"@context":"https:\/\/schema.org","@graph":[{"@type":"WebPage","@id":"https:\/\/stylestore.com\/da\/product\/wblkally-bomber-jacket-6\/","url":"https:\/\/stylestore.com\/da\/product\/wblkally-bomber-jacket-6\/","name":"WBLKALLY BOMBER JACKET &#187; Stylestore.com Denmark","isPartOf":{"@id":"https:\/\/stylestore.com\/da\/#website"},"primaryImageOfPage":{"@id":"https:\/\/stylestore.com\/da\/product\/wblkally-bomber-jacket-6\/#primaryimage"},"image":{"@id":"https:\/\/stylestore.com\/da\/product\/wblkally-bomber-jacket-6\/#primaryimage"},"thumbnailUrl":"https:\/\/stylestore.com\/da\/wp-content\/uploads\/sites\/3\/2023\/08\/WBLKALLY20BOMBER20JACKET20Lead20Gray2005-2.jpg","datePublished":"2023-06-14T11:45:33+00:00","dateModified":"2026-04-14T03:14:16+00:00","breadcrumb":{"@id":"https:\/\/stylestore.com\/da\/product\/wblkally-bomber-jacket-6\/#breadcrumb"},"inLanguage":"da-DK","potentialAction":[{"@type":"ReadAction","target":["https:\/\/stylestore.com\/da\/product\/wblkally-bomber-jacket-6\/"]}]},{"@type":"ImageObject","inLanguage":"da-DK","@id":"https:\/\/stylestore.com\/da\/product\/wblkally-bomber-jacket-6\/#primaryimage","url":"https:\/\/stylestore.com\/da\/wp-content\/uploads\/sites\/3\/2023\/08\/WBLKALLY20BOMBER20JACKET20Lead20Gray2005-2.jpg","contentUrl":"https:\/\/stylestore.com\/da\/wp-content\/uploads\/sites\/3\/2023\/08\/WBLKALLY20BOMBER20JACKET20Lead20Gray2005-2.jpg","width":1067,"height":1600},{"@type":"BreadcrumbList","@id":"https:\/\/stylestore.com\/da\/product\/wblkally-bomber-jacket-6\/#breadcrumb","itemListElement":[{"@type":"ListItem","position":1,"name":"Home","item":"https:\/\/stylestore.com\/da\/"},{"@type":"ListItem","position":2,"name":"S\u00f8g","item":"https:\/\/stylestore.com\/da\/soeg\/"},{"@type":"ListItem","position":3,"name":"WBLKALLY BOMBER JACKET"}]},{"@type":"WebSite","@id":"https:\/\/stylestore.com\/da\/#website","url":"https:\/\/stylestore.com\/da\/","name":"Stylestore.com Denmark","description":"","potentialAction":[{"@type":"SearchAction","target":{"@type":"EntryPoint","urlTemplate":"https:\/\/stylestore.com\/da\/?s={search_term_string}"},"query-input":{"@type":"PropertyValueSpecification","valueRequired":true,"valueName":"search_term_string"}}],"inLanguage":"da-DK"}]}},"_links":{"self":[{"href":"https:\/\/stylestore.com\/da\/wp-json\/wp\/v2\/product\/517564","targetHints":{"allow":["GET"]}}],"collection":[{"href":"https:\/\/stylestore.com\/da\/wp-json\/wp\/v2\/product"}],"about":[{"href":"https:\/\/stylestore.com\/da\/wp-json\/wp\/v2\/types\/product"}],"wp:featuredmedia":[{"embeddable":true,"href":"https:\/\/stylestore.com\/da\/wp-json\/wp\/v2\/media\/521663"}],"wp:attachment":[{"href":"https:\/\/stylestore.com\/da\/wp-json\/wp\/v2\/media?parent=517564"}],"wp:term":[{"taxonomy":"product_brand","embeddable":true,"href":"https:\/\/stylestore.com\/da\/wp-json\/wp\/v2\/product_brand?post=517564"},{"taxonomy":"product_cat","embeddable":true,"href":"https:\/\/stylestore.com\/da\/wp-json\/wp\/v2\/product_cat?post=517564"},{"taxonomy":"product_tag","embeddable":true,"href":"https:\/\/stylestore.com\/da\/wp-json\/wp\/v2\/product_tag?post=517564"}],"curies":[{"name":"wp","href":"https:\/\/api.w.org\/{rel}","templated":true}]}}