{"id":500192,"date":"2022-12-09T23:26:39","date_gmt":"2022-12-09T22:26:39","guid":{"rendered":"https:\/\/stylestore.com\/da\/product\/wblicon-aviator-jacket-2\/"},"modified":"2026-05-06T05:00:12","modified_gmt":"2026-05-06T03:00:12","slug":"wblicon-aviator-jacket-2","status":"publish","type":"product","link":"https:\/\/stylestore.com\/da\/product\/wblicon-aviator-jacket-2\/","title":{"rendered":"WBLICON AVIATOR JACKET"},"content":{"rendered":"<p>Kornet imiteret l\u00e6der<br \/>\nAfslappet silhuet<br \/>\nReverskrave med kontrast faux shearling for<br \/>\nSp\u00e6ndelukning ved kraven<br \/>\nSkr\u00e5 lynl\u00e5slommer<br \/>\nSkr\u00e5 lynl\u00e5slukning foran<br \/>\nAftageligt b\u00e6lte med sp\u00e6nde<br \/>\nFaux shearling for<\/p>\n<p>Modellen er 173 cm h\u00f8j og bruger str. small<br \/>\nProduktet er st\u00f8rrelsessvarende<\/p>\n","protected":false},"excerpt":{"rendered":"FORUDBESTILLING AW25 | FORUDBESTILLINGSFRIST 30.01.2025","protected":false},"featured_media":551661,"template":"","meta":{"_acf_changed":false},"product_brand":[],"product_cat":[115],"product_tag":[2151,1785,2412],"class_list":{"0":"post-500192","1":"product","2":"type-product","3":"status-publish","4":"has-post-thumbnail","6":"product_cat-korte-jakker","7":"product_tag-b2b","8":"product_tag-new","9":"product_tag-pre-order","12":"outofstock","13":"taxable","14":"shipping-taxable","15":"purchasable","16":"product-type-variable"},"acf":[],"yoast_head":"<!-- This site is optimized with the Yoast SEO plugin v23.8 - https:\/\/yoast.com\/wordpress\/plugins\/seo\/ -->\n<title>WBLICON AVIATOR JACKET &#187; Stylestore.com Denmark<\/title>\n<meta name=\"description\" content=\"Aviator jakke i det l\u00e6kreste brune kunstl\u00e6der med et bl\u00f8dt og chunky pelsfoer og designet med markante detaljer.\" \/>\n<meta name=\"robots\" content=\"index, follow, max-snippet:-1, max-image-preview:large, max-video-preview:-1\" \/>\n<link rel=\"canonical\" href=\"https:\/\/stylestore.com\/da\/product\/wblicon-aviator-jacket-2\/\" \/>\n<meta property=\"og:locale\" content=\"da_DK\" \/>\n<meta property=\"og:type\" content=\"article\" \/>\n<meta property=\"og:title\" content=\"WBLICON AVIATOR JACKET &#187; Stylestore.com Denmark\" \/>\n<meta property=\"og:description\" content=\"Aviator jakke i det l\u00e6kreste brune kunstl\u00e6der med et bl\u00f8dt og chunky pelsfoer og designet med markante detaljer.\" \/>\n<meta property=\"og:url\" content=\"https:\/\/stylestore.com\/da\/product\/wblicon-aviator-jacket-2\/\" \/>\n<meta property=\"og:site_name\" content=\"Stylestore.com Denmark\" \/>\n<meta property=\"article:modified_time\" content=\"2026-05-06T03:00:12+00:00\" \/>\n<meta property=\"og:image\" content=\"https:\/\/stylestore.com\/da\/wp-content\/uploads\/sites\/3\/2024\/11\/Wblicon_Aviator_Jacket_Dark_Brown1.jpg\" \/>\n\t<meta property=\"og:image:width\" content=\"1162\" \/>\n\t<meta property=\"og:image:height\" content=\"1742\" \/>\n\t<meta property=\"og:image:type\" content=\"image\/jpeg\" \/>\n<meta name=\"twitter:card\" content=\"summary_large_image\" \/>\n<script type=\"application\/ld+json\" class=\"yoast-schema-graph\">{\"@context\":\"https:\/\/schema.org\",\"@graph\":[{\"@type\":\"WebPage\",\"@id\":\"https:\/\/stylestore.com\/da\/product\/wblicon-aviator-jacket-2\/\",\"url\":\"https:\/\/stylestore.com\/da\/product\/wblicon-aviator-jacket-2\/\",\"name\":\"WBLICON AVIATOR JACKET &#187; Stylestore.com Denmark\",\"isPartOf\":{\"@id\":\"https:\/\/stylestore.com\/da\/#website\"},\"primaryImageOfPage\":{\"@id\":\"https:\/\/stylestore.com\/da\/product\/wblicon-aviator-jacket-2\/#primaryimage\"},\"image\":{\"@id\":\"https:\/\/stylestore.com\/da\/product\/wblicon-aviator-jacket-2\/#primaryimage\"},\"thumbnailUrl\":\"https:\/\/stylestore.com\/da\/wp-content\/uploads\/sites\/3\/2024\/11\/Wblicon_Aviator_Jacket_Dark_Brown1.jpg\",\"datePublished\":\"2022-12-09T22:26:39+00:00\",\"dateModified\":\"2026-05-06T03:00:12+00:00\",\"description\":\"Aviator jakke i det l\u00e6kreste brune kunstl\u00e6der med et bl\u00f8dt og chunky pelsfoer og designet med markante detaljer.\",\"breadcrumb\":{\"@id\":\"https:\/\/stylestore.com\/da\/product\/wblicon-aviator-jacket-2\/#breadcrumb\"},\"inLanguage\":\"da-DK\",\"potentialAction\":[{\"@type\":\"ReadAction\",\"target\":[\"https:\/\/stylestore.com\/da\/product\/wblicon-aviator-jacket-2\/\"]}]},{\"@type\":\"ImageObject\",\"inLanguage\":\"da-DK\",\"@id\":\"https:\/\/stylestore.com\/da\/product\/wblicon-aviator-jacket-2\/#primaryimage\",\"url\":\"https:\/\/stylestore.com\/da\/wp-content\/uploads\/sites\/3\/2024\/11\/Wblicon_Aviator_Jacket_Dark_Brown1.jpg\",\"contentUrl\":\"https:\/\/stylestore.com\/da\/wp-content\/uploads\/sites\/3\/2024\/11\/Wblicon_Aviator_Jacket_Dark_Brown1.jpg\",\"width\":1162,\"height\":1742},{\"@type\":\"BreadcrumbList\",\"@id\":\"https:\/\/stylestore.com\/da\/product\/wblicon-aviator-jacket-2\/#breadcrumb\",\"itemListElement\":[{\"@type\":\"ListItem\",\"position\":1,\"name\":\"Home\",\"item\":\"https:\/\/stylestore.com\/da\/\"},{\"@type\":\"ListItem\",\"position\":2,\"name\":\"S\u00f8g\",\"item\":\"https:\/\/stylestore.com\/da\/soeg\/\"},{\"@type\":\"ListItem\",\"position\":3,\"name\":\"WBLICON AVIATOR JACKET\"}]},{\"@type\":\"WebSite\",\"@id\":\"https:\/\/stylestore.com\/da\/#website\",\"url\":\"https:\/\/stylestore.com\/da\/\",\"name\":\"Stylestore.com Denmark\",\"description\":\"\",\"potentialAction\":[{\"@type\":\"SearchAction\",\"target\":{\"@type\":\"EntryPoint\",\"urlTemplate\":\"https:\/\/stylestore.com\/da\/?s={search_term_string}\"},\"query-input\":{\"@type\":\"PropertyValueSpecification\",\"valueRequired\":true,\"valueName\":\"search_term_string\"}}],\"inLanguage\":\"da-DK\"}]}<\/script>\n<!-- \/ Yoast SEO plugin. -->","yoast_head_json":{"title":"WBLICON AVIATOR JACKET &#187; Stylestore.com Denmark","description":"Aviator jakke i det l\u00e6kreste brune kunstl\u00e6der med et bl\u00f8dt og chunky pelsfoer og designet med markante detaljer.","robots":{"index":"index","follow":"follow","max-snippet":"max-snippet:-1","max-image-preview":"max-image-preview:large","max-video-preview":"max-video-preview:-1"},"canonical":"https:\/\/stylestore.com\/da\/product\/wblicon-aviator-jacket-2\/","og_locale":"da_DK","og_type":"article","og_title":"WBLICON AVIATOR JACKET &#187; Stylestore.com Denmark","og_description":"Aviator jakke i det l\u00e6kreste brune kunstl\u00e6der med et bl\u00f8dt og chunky pelsfoer og designet med markante detaljer.","og_url":"https:\/\/stylestore.com\/da\/product\/wblicon-aviator-jacket-2\/","og_site_name":"Stylestore.com Denmark","article_modified_time":"2026-05-06T03:00:12+00:00","og_image":[{"width":1162,"height":1742,"url":"https:\/\/stylestore.com\/da\/wp-content\/uploads\/sites\/3\/2024\/11\/Wblicon_Aviator_Jacket_Dark_Brown1.jpg","type":"image\/jpeg"}],"twitter_card":"summary_large_image","schema":{"@context":"https:\/\/schema.org","@graph":[{"@type":"WebPage","@id":"https:\/\/stylestore.com\/da\/product\/wblicon-aviator-jacket-2\/","url":"https:\/\/stylestore.com\/da\/product\/wblicon-aviator-jacket-2\/","name":"WBLICON AVIATOR JACKET &#187; Stylestore.com Denmark","isPartOf":{"@id":"https:\/\/stylestore.com\/da\/#website"},"primaryImageOfPage":{"@id":"https:\/\/stylestore.com\/da\/product\/wblicon-aviator-jacket-2\/#primaryimage"},"image":{"@id":"https:\/\/stylestore.com\/da\/product\/wblicon-aviator-jacket-2\/#primaryimage"},"thumbnailUrl":"https:\/\/stylestore.com\/da\/wp-content\/uploads\/sites\/3\/2024\/11\/Wblicon_Aviator_Jacket_Dark_Brown1.jpg","datePublished":"2022-12-09T22:26:39+00:00","dateModified":"2026-05-06T03:00:12+00:00","description":"Aviator jakke i det l\u00e6kreste brune kunstl\u00e6der med et bl\u00f8dt og chunky pelsfoer og designet med markante detaljer.","breadcrumb":{"@id":"https:\/\/stylestore.com\/da\/product\/wblicon-aviator-jacket-2\/#breadcrumb"},"inLanguage":"da-DK","potentialAction":[{"@type":"ReadAction","target":["https:\/\/stylestore.com\/da\/product\/wblicon-aviator-jacket-2\/"]}]},{"@type":"ImageObject","inLanguage":"da-DK","@id":"https:\/\/stylestore.com\/da\/product\/wblicon-aviator-jacket-2\/#primaryimage","url":"https:\/\/stylestore.com\/da\/wp-content\/uploads\/sites\/3\/2024\/11\/Wblicon_Aviator_Jacket_Dark_Brown1.jpg","contentUrl":"https:\/\/stylestore.com\/da\/wp-content\/uploads\/sites\/3\/2024\/11\/Wblicon_Aviator_Jacket_Dark_Brown1.jpg","width":1162,"height":1742},{"@type":"BreadcrumbList","@id":"https:\/\/stylestore.com\/da\/product\/wblicon-aviator-jacket-2\/#breadcrumb","itemListElement":[{"@type":"ListItem","position":1,"name":"Home","item":"https:\/\/stylestore.com\/da\/"},{"@type":"ListItem","position":2,"name":"S\u00f8g","item":"https:\/\/stylestore.com\/da\/soeg\/"},{"@type":"ListItem","position":3,"name":"WBLICON AVIATOR JACKET"}]},{"@type":"WebSite","@id":"https:\/\/stylestore.com\/da\/#website","url":"https:\/\/stylestore.com\/da\/","name":"Stylestore.com Denmark","description":"","potentialAction":[{"@type":"SearchAction","target":{"@type":"EntryPoint","urlTemplate":"https:\/\/stylestore.com\/da\/?s={search_term_string}"},"query-input":{"@type":"PropertyValueSpecification","valueRequired":true,"valueName":"search_term_string"}}],"inLanguage":"da-DK"}]}},"_links":{"self":[{"href":"https:\/\/stylestore.com\/da\/wp-json\/wp\/v2\/product\/500192","targetHints":{"allow":["GET"]}}],"collection":[{"href":"https:\/\/stylestore.com\/da\/wp-json\/wp\/v2\/product"}],"about":[{"href":"https:\/\/stylestore.com\/da\/wp-json\/wp\/v2\/types\/product"}],"wp:featuredmedia":[{"embeddable":true,"href":"https:\/\/stylestore.com\/da\/wp-json\/wp\/v2\/media\/551661"}],"wp:attachment":[{"href":"https:\/\/stylestore.com\/da\/wp-json\/wp\/v2\/media?parent=500192"}],"wp:term":[{"taxonomy":"product_brand","embeddable":true,"href":"https:\/\/stylestore.com\/da\/wp-json\/wp\/v2\/product_brand?post=500192"},{"taxonomy":"product_cat","embeddable":true,"href":"https:\/\/stylestore.com\/da\/wp-json\/wp\/v2\/product_cat?post=500192"},{"taxonomy":"product_tag","embeddable":true,"href":"https:\/\/stylestore.com\/da\/wp-json\/wp\/v2\/product_tag?post=500192"}],"curies":[{"name":"wp","href":"https:\/\/api.w.org\/{rel}","templated":true}]}}