{"id":489008,"date":"2022-08-15T10:49:51","date_gmt":"2022-08-15T08:49:51","guid":{"rendered":"https:\/\/stylestore.com\/da\/product\/wblvivian-midi-dress-2\/"},"modified":"2026-04-14T05:26:43","modified_gmt":"2026-04-14T03:26:43","slug":"wblvivian-midi-dress-2","status":"publish","type":"product","link":"https:\/\/stylestore.com\/da\/product\/wblvivian-midi-dress-2\/","title":{"rendered":"WBLVIVIAN MIDI DRESS"},"content":{"rendered":"<p>Smuk midi-kjole med korte \u00e6rmer, designet med en rund halsudsk\u00e6ring, bindeb\u00e5nd i taljen og diskrete sidelommer.<br \/>\nKjolen er sk\u00e5ret i den popul\u00e6re A-form med en rynket seersuckerstruktur med bl\u00f8de l\u00e6g, der giver den fineste volumen.<br \/>\nKjolen er bekl\u00e6dt med et bl\u00f8dt foer for maksimal komfort og har det smukkeste blomsterprint, som sikrer en elegant og l\u00e6kker stil, uanset hvilken lejlighed og hvordan du styler kjolen.<br \/>\nKjolen er st\u00f8rrelsespassende og, vi anbefaler at du v\u00e6lger din normale st\u00f8rrelse. Modellen er 173 cm og b\u00e6rer st\u00f8rrelse small.<br \/>\n#Betterwardrobe<\/p>\n","protected":false},"excerpt":{"rendered":"","protected":false},"featured_media":511897,"template":"","meta":{"_acf_changed":false},"product_brand":[],"product_cat":[132],"product_tag":[2151,1787],"class_list":{"0":"post-489008","1":"product","2":"type-product","3":"status-publish","4":"has-post-thumbnail","6":"product_cat-midi-kjoler","7":"product_tag-b2b","8":"product_tag-outlet","11":"instock","12":"sale","13":"taxable","14":"shipping-taxable","15":"purchasable","16":"product-type-variable"},"acf":[],"yoast_head":"<!-- This site is optimized with the Yoast SEO plugin v23.8 - https:\/\/yoast.com\/wordpress\/plugins\/seo\/ -->\n<title>WBLVIVIAN MIDI DRESS &#187; Stylestore.com Denmark<\/title>\n<meta name=\"description\" content=\"Midi-kjole, i det smukkeste blomsterprint, designet med en rund halsudsk\u00e6ring, bindeb\u00e5nd i taljen og diskrete sidelommer.\" \/>\n<meta name=\"robots\" content=\"index, follow, max-snippet:-1, max-image-preview:large, max-video-preview:-1\" \/>\n<link rel=\"canonical\" href=\"https:\/\/stylestore.com\/da\/product\/wblvivian-midi-dress-2\/\" \/>\n<meta property=\"og:locale\" content=\"da_DK\" \/>\n<meta property=\"og:type\" content=\"article\" \/>\n<meta property=\"og:title\" content=\"WBLVIVIAN MIDI DRESS &#187; Stylestore.com Denmark\" \/>\n<meta property=\"og:description\" content=\"Midi-kjole, i det smukkeste blomsterprint, designet med en rund halsudsk\u00e6ring, bindeb\u00e5nd i taljen og diskrete sidelommer.\" \/>\n<meta property=\"og:url\" content=\"https:\/\/stylestore.com\/da\/product\/wblvivian-midi-dress-2\/\" \/>\n<meta property=\"og:site_name\" content=\"Stylestore.com Denmark\" \/>\n<meta property=\"article:modified_time\" content=\"2026-04-14T03:26:43+00:00\" \/>\n<meta property=\"og:image\" content=\"https:\/\/stylestore.com\/da\/wp-content\/uploads\/sites\/3\/2023\/02\/WBLVIVIAN20MIDI20DRESS20Magenta20Haze20Flower20Aop201-1.jpg\" \/>\n\t<meta property=\"og:image:width\" content=\"1668\" \/>\n\t<meta property=\"og:image:height\" content=\"2502\" \/>\n\t<meta property=\"og:image:type\" content=\"image\/jpeg\" \/>\n<meta name=\"twitter:card\" content=\"summary_large_image\" \/>\n<script type=\"application\/ld+json\" class=\"yoast-schema-graph\">{\"@context\":\"https:\/\/schema.org\",\"@graph\":[{\"@type\":\"WebPage\",\"@id\":\"https:\/\/stylestore.com\/da\/product\/wblvivian-midi-dress-2\/\",\"url\":\"https:\/\/stylestore.com\/da\/product\/wblvivian-midi-dress-2\/\",\"name\":\"WBLVIVIAN MIDI DRESS &#187; Stylestore.com Denmark\",\"isPartOf\":{\"@id\":\"https:\/\/stylestore.com\/da\/#website\"},\"primaryImageOfPage\":{\"@id\":\"https:\/\/stylestore.com\/da\/product\/wblvivian-midi-dress-2\/#primaryimage\"},\"image\":{\"@id\":\"https:\/\/stylestore.com\/da\/product\/wblvivian-midi-dress-2\/#primaryimage\"},\"thumbnailUrl\":\"https:\/\/stylestore.com\/da\/wp-content\/uploads\/sites\/3\/2023\/02\/WBLVIVIAN20MIDI20DRESS20Magenta20Haze20Flower20Aop201-1.jpg\",\"datePublished\":\"2022-08-15T08:49:51+00:00\",\"dateModified\":\"2026-04-14T03:26:43+00:00\",\"description\":\"Midi-kjole, i det smukkeste blomsterprint, designet med en rund halsudsk\u00e6ring, bindeb\u00e5nd i taljen og diskrete sidelommer.\",\"breadcrumb\":{\"@id\":\"https:\/\/stylestore.com\/da\/product\/wblvivian-midi-dress-2\/#breadcrumb\"},\"inLanguage\":\"da-DK\",\"potentialAction\":[{\"@type\":\"ReadAction\",\"target\":[\"https:\/\/stylestore.com\/da\/product\/wblvivian-midi-dress-2\/\"]}]},{\"@type\":\"ImageObject\",\"inLanguage\":\"da-DK\",\"@id\":\"https:\/\/stylestore.com\/da\/product\/wblvivian-midi-dress-2\/#primaryimage\",\"url\":\"https:\/\/stylestore.com\/da\/wp-content\/uploads\/sites\/3\/2023\/02\/WBLVIVIAN20MIDI20DRESS20Magenta20Haze20Flower20Aop201-1.jpg\",\"contentUrl\":\"https:\/\/stylestore.com\/da\/wp-content\/uploads\/sites\/3\/2023\/02\/WBLVIVIAN20MIDI20DRESS20Magenta20Haze20Flower20Aop201-1.jpg\",\"width\":1668,\"height\":2502},{\"@type\":\"BreadcrumbList\",\"@id\":\"https:\/\/stylestore.com\/da\/product\/wblvivian-midi-dress-2\/#breadcrumb\",\"itemListElement\":[{\"@type\":\"ListItem\",\"position\":1,\"name\":\"Home\",\"item\":\"https:\/\/stylestore.com\/da\/\"},{\"@type\":\"ListItem\",\"position\":2,\"name\":\"S\u00f8g\",\"item\":\"https:\/\/stylestore.com\/da\/soeg\/\"},{\"@type\":\"ListItem\",\"position\":3,\"name\":\"WBLVIVIAN MIDI DRESS\"}]},{\"@type\":\"WebSite\",\"@id\":\"https:\/\/stylestore.com\/da\/#website\",\"url\":\"https:\/\/stylestore.com\/da\/\",\"name\":\"Stylestore.com Denmark\",\"description\":\"\",\"potentialAction\":[{\"@type\":\"SearchAction\",\"target\":{\"@type\":\"EntryPoint\",\"urlTemplate\":\"https:\/\/stylestore.com\/da\/?s={search_term_string}\"},\"query-input\":{\"@type\":\"PropertyValueSpecification\",\"valueRequired\":true,\"valueName\":\"search_term_string\"}}],\"inLanguage\":\"da-DK\"}]}<\/script>\n<!-- \/ Yoast SEO plugin. -->","yoast_head_json":{"title":"WBLVIVIAN MIDI DRESS &#187; Stylestore.com Denmark","description":"Midi-kjole, i det smukkeste blomsterprint, designet med en rund halsudsk\u00e6ring, bindeb\u00e5nd i taljen og diskrete sidelommer.","robots":{"index":"index","follow":"follow","max-snippet":"max-snippet:-1","max-image-preview":"max-image-preview:large","max-video-preview":"max-video-preview:-1"},"canonical":"https:\/\/stylestore.com\/da\/product\/wblvivian-midi-dress-2\/","og_locale":"da_DK","og_type":"article","og_title":"WBLVIVIAN MIDI DRESS &#187; Stylestore.com Denmark","og_description":"Midi-kjole, i det smukkeste blomsterprint, designet med en rund halsudsk\u00e6ring, bindeb\u00e5nd i taljen og diskrete sidelommer.","og_url":"https:\/\/stylestore.com\/da\/product\/wblvivian-midi-dress-2\/","og_site_name":"Stylestore.com Denmark","article_modified_time":"2026-04-14T03:26:43+00:00","og_image":[{"width":1668,"height":2502,"url":"https:\/\/stylestore.com\/da\/wp-content\/uploads\/sites\/3\/2023\/02\/WBLVIVIAN20MIDI20DRESS20Magenta20Haze20Flower20Aop201-1.jpg","type":"image\/jpeg"}],"twitter_card":"summary_large_image","schema":{"@context":"https:\/\/schema.org","@graph":[{"@type":"WebPage","@id":"https:\/\/stylestore.com\/da\/product\/wblvivian-midi-dress-2\/","url":"https:\/\/stylestore.com\/da\/product\/wblvivian-midi-dress-2\/","name":"WBLVIVIAN MIDI DRESS &#187; Stylestore.com Denmark","isPartOf":{"@id":"https:\/\/stylestore.com\/da\/#website"},"primaryImageOfPage":{"@id":"https:\/\/stylestore.com\/da\/product\/wblvivian-midi-dress-2\/#primaryimage"},"image":{"@id":"https:\/\/stylestore.com\/da\/product\/wblvivian-midi-dress-2\/#primaryimage"},"thumbnailUrl":"https:\/\/stylestore.com\/da\/wp-content\/uploads\/sites\/3\/2023\/02\/WBLVIVIAN20MIDI20DRESS20Magenta20Haze20Flower20Aop201-1.jpg","datePublished":"2022-08-15T08:49:51+00:00","dateModified":"2026-04-14T03:26:43+00:00","description":"Midi-kjole, i det smukkeste blomsterprint, designet med en rund halsudsk\u00e6ring, bindeb\u00e5nd i taljen og diskrete sidelommer.","breadcrumb":{"@id":"https:\/\/stylestore.com\/da\/product\/wblvivian-midi-dress-2\/#breadcrumb"},"inLanguage":"da-DK","potentialAction":[{"@type":"ReadAction","target":["https:\/\/stylestore.com\/da\/product\/wblvivian-midi-dress-2\/"]}]},{"@type":"ImageObject","inLanguage":"da-DK","@id":"https:\/\/stylestore.com\/da\/product\/wblvivian-midi-dress-2\/#primaryimage","url":"https:\/\/stylestore.com\/da\/wp-content\/uploads\/sites\/3\/2023\/02\/WBLVIVIAN20MIDI20DRESS20Magenta20Haze20Flower20Aop201-1.jpg","contentUrl":"https:\/\/stylestore.com\/da\/wp-content\/uploads\/sites\/3\/2023\/02\/WBLVIVIAN20MIDI20DRESS20Magenta20Haze20Flower20Aop201-1.jpg","width":1668,"height":2502},{"@type":"BreadcrumbList","@id":"https:\/\/stylestore.com\/da\/product\/wblvivian-midi-dress-2\/#breadcrumb","itemListElement":[{"@type":"ListItem","position":1,"name":"Home","item":"https:\/\/stylestore.com\/da\/"},{"@type":"ListItem","position":2,"name":"S\u00f8g","item":"https:\/\/stylestore.com\/da\/soeg\/"},{"@type":"ListItem","position":3,"name":"WBLVIVIAN MIDI DRESS"}]},{"@type":"WebSite","@id":"https:\/\/stylestore.com\/da\/#website","url":"https:\/\/stylestore.com\/da\/","name":"Stylestore.com Denmark","description":"","potentialAction":[{"@type":"SearchAction","target":{"@type":"EntryPoint","urlTemplate":"https:\/\/stylestore.com\/da\/?s={search_term_string}"},"query-input":{"@type":"PropertyValueSpecification","valueRequired":true,"valueName":"search_term_string"}}],"inLanguage":"da-DK"}]}},"_links":{"self":[{"href":"https:\/\/stylestore.com\/da\/wp-json\/wp\/v2\/product\/489008","targetHints":{"allow":["GET"]}}],"collection":[{"href":"https:\/\/stylestore.com\/da\/wp-json\/wp\/v2\/product"}],"about":[{"href":"https:\/\/stylestore.com\/da\/wp-json\/wp\/v2\/types\/product"}],"wp:featuredmedia":[{"embeddable":true,"href":"https:\/\/stylestore.com\/da\/wp-json\/wp\/v2\/media\/511897"}],"wp:attachment":[{"href":"https:\/\/stylestore.com\/da\/wp-json\/wp\/v2\/media?parent=489008"}],"wp:term":[{"taxonomy":"product_brand","embeddable":true,"href":"https:\/\/stylestore.com\/da\/wp-json\/wp\/v2\/product_brand?post=489008"},{"taxonomy":"product_cat","embeddable":true,"href":"https:\/\/stylestore.com\/da\/wp-json\/wp\/v2\/product_cat?post=489008"},{"taxonomy":"product_tag","embeddable":true,"href":"https:\/\/stylestore.com\/da\/wp-json\/wp\/v2\/product_tag?post=489008"}],"curies":[{"name":"wp","href":"https:\/\/api.w.org\/{rel}","templated":true}]}}