{"id":488877,"date":"2022-08-12T15:03:22","date_gmt":"2022-08-12T13:03:22","guid":{"rendered":"https:\/\/stylestore.com\/da\/product\/wblmelina-ls-tunic-shirt\/"},"modified":"2026-04-19T05:25:24","modified_gmt":"2026-04-19T03:25:24","slug":"wblmelina-ls-tunic-shirt","status":"publish","type":"product","link":"https:\/\/stylestore.com\/da\/product\/wblmelina-ls-tunic-shirt\/","title":{"rendered":"WBLMELINA LS TUNIC SHIRT"},"content":{"rendered":"<p>Elegant tunika-skjorte med en lille krave og lukning foran med farvede knapper. Skjorten er designet i et smukt snit med en let h\u00f8j lav effekt.<br \/>\nSkjorten har desuden lange \u00e6rmer med smukke l\u00e6g ved \u00e5bningen, som giver \u00e6rmerne volumen og giver skjorten et yderst elegant og feminint look.<br \/>\nHos StyleStore.com tror vi p\u00e5 den lille luksusgarderobe, sammensat af de bedste materialer, i alsidige silhuetter, som du kan b\u00e6re s\u00e6son efter s\u00e6son, og som alt sammen f\u00e5s til priser, der giver mening.<br \/>\nSkjorten er st\u00f8rrelsesrig, vi anbefaler at du v\u00e6lger din s\u00e6dvanlige st\u00f8rrelse. Modellen er 173 cm og er set i st\u00f8rrelse small.<\/p>\n","protected":false},"excerpt":{"rendered":"","protected":false},"featured_media":560411,"template":"","meta":{"_acf_changed":false},"product_brand":[],"product_cat":[124],"product_tag":[2151,2412],"class_list":{"0":"post-488877","1":"product","2":"type-product","3":"status-publish","4":"has-post-thumbnail","6":"product_cat-skjorter","7":"product_tag-b2b","8":"product_tag-pre-order","11":"instock","12":"taxable","13":"shipping-taxable","14":"purchasable","15":"product-type-variable"},"acf":[],"yoast_head":"<!-- This site is optimized with the Yoast SEO plugin v23.8 - https:\/\/yoast.com\/wordpress\/plugins\/seo\/ -->\n<title>WBLMELINA LS TUNIC SHIRT &#187; Stylestore.com Denmark<\/title>\n<meta name=\"description\" content=\"Tunika-skjorte med en lille krave og lukning foran med farvede knapper. Skjorten har lange \u00e6rmer med l\u00e6g ved \u00e5bningen, som giver et elegant look.\" \/>\n<meta name=\"robots\" content=\"index, follow, max-snippet:-1, max-image-preview:large, max-video-preview:-1\" \/>\n<link rel=\"canonical\" href=\"https:\/\/stylestore.com\/da\/product\/wblmelina-ls-tunic-shirt\/\" \/>\n<meta property=\"og:locale\" content=\"da_DK\" \/>\n<meta property=\"og:type\" content=\"article\" \/>\n<meta property=\"og:title\" content=\"WBLMELINA LS TUNIC SHIRT &#187; Stylestore.com Denmark\" \/>\n<meta property=\"og:description\" content=\"Tunika-skjorte med en lille krave og lukning foran med farvede knapper. Skjorten har lange \u00e6rmer med l\u00e6g ved \u00e5bningen, som giver et elegant look.\" \/>\n<meta property=\"og:url\" content=\"https:\/\/stylestore.com\/da\/product\/wblmelina-ls-tunic-shirt\/\" \/>\n<meta property=\"og:site_name\" content=\"Stylestore.com Denmark\" \/>\n<meta property=\"article:modified_time\" content=\"2026-04-19T03:25:24+00:00\" \/>\n<meta property=\"og:image\" content=\"https:\/\/stylestore.com\/da\/wp-content\/uploads\/sites\/3\/2023\/02\/WBLMELINA20LS20TUNIC20SHIRT20BLUESTRIPE20SS200-1.jpg\" \/>\n\t<meta property=\"og:image:width\" content=\"1067\" \/>\n\t<meta property=\"og:image:height\" content=\"1600\" \/>\n\t<meta property=\"og:image:type\" content=\"image\/jpeg\" \/>\n<meta name=\"twitter:card\" content=\"summary_large_image\" \/>\n<meta name=\"twitter:label1\" content=\"Estimeret l\u00e6setid\" \/>\n\t<meta name=\"twitter:data1\" content=\"1 minut\" \/>\n<script type=\"application\/ld+json\" class=\"yoast-schema-graph\">{\"@context\":\"https:\/\/schema.org\",\"@graph\":[{\"@type\":\"WebPage\",\"@id\":\"https:\/\/stylestore.com\/da\/product\/wblmelina-ls-tunic-shirt\/\",\"url\":\"https:\/\/stylestore.com\/da\/product\/wblmelina-ls-tunic-shirt\/\",\"name\":\"WBLMELINA LS TUNIC SHIRT &#187; Stylestore.com Denmark\",\"isPartOf\":{\"@id\":\"https:\/\/stylestore.com\/da\/#website\"},\"primaryImageOfPage\":{\"@id\":\"https:\/\/stylestore.com\/da\/product\/wblmelina-ls-tunic-shirt\/#primaryimage\"},\"image\":{\"@id\":\"https:\/\/stylestore.com\/da\/product\/wblmelina-ls-tunic-shirt\/#primaryimage\"},\"thumbnailUrl\":\"https:\/\/stylestore.com\/da\/wp-content\/uploads\/sites\/3\/2025\/03\/WBLMELINA_LS_TUNIC_SHIRT_Blue1-1.jpg\",\"datePublished\":\"2022-08-12T13:03:22+00:00\",\"dateModified\":\"2026-04-19T03:25:24+00:00\",\"description\":\"Tunika-skjorte med en lille krave og lukning foran med farvede knapper. Skjorten har lange \u00e6rmer med l\u00e6g ved \u00e5bningen, som giver et elegant look.\",\"breadcrumb\":{\"@id\":\"https:\/\/stylestore.com\/da\/product\/wblmelina-ls-tunic-shirt\/#breadcrumb\"},\"inLanguage\":\"da-DK\",\"potentialAction\":[{\"@type\":\"ReadAction\",\"target\":[\"https:\/\/stylestore.com\/da\/product\/wblmelina-ls-tunic-shirt\/\"]}]},{\"@type\":\"ImageObject\",\"inLanguage\":\"da-DK\",\"@id\":\"https:\/\/stylestore.com\/da\/product\/wblmelina-ls-tunic-shirt\/#primaryimage\",\"url\":\"https:\/\/stylestore.com\/da\/wp-content\/uploads\/sites\/3\/2025\/03\/WBLMELINA_LS_TUNIC_SHIRT_Blue1-1.jpg\",\"contentUrl\":\"https:\/\/stylestore.com\/da\/wp-content\/uploads\/sites\/3\/2025\/03\/WBLMELINA_LS_TUNIC_SHIRT_Blue1-1.jpg\",\"width\":949,\"height\":1422},{\"@type\":\"BreadcrumbList\",\"@id\":\"https:\/\/stylestore.com\/da\/product\/wblmelina-ls-tunic-shirt\/#breadcrumb\",\"itemListElement\":[{\"@type\":\"ListItem\",\"position\":1,\"name\":\"Home\",\"item\":\"https:\/\/stylestore.com\/da\/\"},{\"@type\":\"ListItem\",\"position\":2,\"name\":\"S\u00f8g\",\"item\":\"https:\/\/stylestore.com\/da\/soeg\/\"},{\"@type\":\"ListItem\",\"position\":3,\"name\":\"WBLMELINA LS TUNIC SHIRT\"}]},{\"@type\":\"WebSite\",\"@id\":\"https:\/\/stylestore.com\/da\/#website\",\"url\":\"https:\/\/stylestore.com\/da\/\",\"name\":\"Stylestore.com Denmark\",\"description\":\"\",\"potentialAction\":[{\"@type\":\"SearchAction\",\"target\":{\"@type\":\"EntryPoint\",\"urlTemplate\":\"https:\/\/stylestore.com\/da\/?s={search_term_string}\"},\"query-input\":{\"@type\":\"PropertyValueSpecification\",\"valueRequired\":true,\"valueName\":\"search_term_string\"}}],\"inLanguage\":\"da-DK\"}]}<\/script>\n<!-- \/ Yoast SEO plugin. -->","yoast_head_json":{"title":"WBLMELINA LS TUNIC SHIRT &#187; Stylestore.com Denmark","description":"Tunika-skjorte med en lille krave og lukning foran med farvede knapper. Skjorten har lange \u00e6rmer med l\u00e6g ved \u00e5bningen, som giver et elegant look.","robots":{"index":"index","follow":"follow","max-snippet":"max-snippet:-1","max-image-preview":"max-image-preview:large","max-video-preview":"max-video-preview:-1"},"canonical":"https:\/\/stylestore.com\/da\/product\/wblmelina-ls-tunic-shirt\/","og_locale":"da_DK","og_type":"article","og_title":"WBLMELINA LS TUNIC SHIRT &#187; Stylestore.com Denmark","og_description":"Tunika-skjorte med en lille krave og lukning foran med farvede knapper. Skjorten har lange \u00e6rmer med l\u00e6g ved \u00e5bningen, som giver et elegant look.","og_url":"https:\/\/stylestore.com\/da\/product\/wblmelina-ls-tunic-shirt\/","og_site_name":"Stylestore.com Denmark","article_modified_time":"2026-04-19T03:25:24+00:00","og_image":[{"width":1067,"height":1600,"url":"https:\/\/stylestore.com\/da\/wp-content\/uploads\/sites\/3\/2023\/02\/WBLMELINA20LS20TUNIC20SHIRT20BLUESTRIPE20SS200-1.jpg","type":"image\/jpeg"}],"twitter_card":"summary_large_image","twitter_misc":{"Estimeret l\u00e6setid":"1 minut"},"schema":{"@context":"https:\/\/schema.org","@graph":[{"@type":"WebPage","@id":"https:\/\/stylestore.com\/da\/product\/wblmelina-ls-tunic-shirt\/","url":"https:\/\/stylestore.com\/da\/product\/wblmelina-ls-tunic-shirt\/","name":"WBLMELINA LS TUNIC SHIRT &#187; Stylestore.com Denmark","isPartOf":{"@id":"https:\/\/stylestore.com\/da\/#website"},"primaryImageOfPage":{"@id":"https:\/\/stylestore.com\/da\/product\/wblmelina-ls-tunic-shirt\/#primaryimage"},"image":{"@id":"https:\/\/stylestore.com\/da\/product\/wblmelina-ls-tunic-shirt\/#primaryimage"},"thumbnailUrl":"https:\/\/stylestore.com\/da\/wp-content\/uploads\/sites\/3\/2025\/03\/WBLMELINA_LS_TUNIC_SHIRT_Blue1-1.jpg","datePublished":"2022-08-12T13:03:22+00:00","dateModified":"2026-04-19T03:25:24+00:00","description":"Tunika-skjorte med en lille krave og lukning foran med farvede knapper. Skjorten har lange \u00e6rmer med l\u00e6g ved \u00e5bningen, som giver et elegant look.","breadcrumb":{"@id":"https:\/\/stylestore.com\/da\/product\/wblmelina-ls-tunic-shirt\/#breadcrumb"},"inLanguage":"da-DK","potentialAction":[{"@type":"ReadAction","target":["https:\/\/stylestore.com\/da\/product\/wblmelina-ls-tunic-shirt\/"]}]},{"@type":"ImageObject","inLanguage":"da-DK","@id":"https:\/\/stylestore.com\/da\/product\/wblmelina-ls-tunic-shirt\/#primaryimage","url":"https:\/\/stylestore.com\/da\/wp-content\/uploads\/sites\/3\/2025\/03\/WBLMELINA_LS_TUNIC_SHIRT_Blue1-1.jpg","contentUrl":"https:\/\/stylestore.com\/da\/wp-content\/uploads\/sites\/3\/2025\/03\/WBLMELINA_LS_TUNIC_SHIRT_Blue1-1.jpg","width":949,"height":1422},{"@type":"BreadcrumbList","@id":"https:\/\/stylestore.com\/da\/product\/wblmelina-ls-tunic-shirt\/#breadcrumb","itemListElement":[{"@type":"ListItem","position":1,"name":"Home","item":"https:\/\/stylestore.com\/da\/"},{"@type":"ListItem","position":2,"name":"S\u00f8g","item":"https:\/\/stylestore.com\/da\/soeg\/"},{"@type":"ListItem","position":3,"name":"WBLMELINA LS TUNIC SHIRT"}]},{"@type":"WebSite","@id":"https:\/\/stylestore.com\/da\/#website","url":"https:\/\/stylestore.com\/da\/","name":"Stylestore.com Denmark","description":"","potentialAction":[{"@type":"SearchAction","target":{"@type":"EntryPoint","urlTemplate":"https:\/\/stylestore.com\/da\/?s={search_term_string}"},"query-input":{"@type":"PropertyValueSpecification","valueRequired":true,"valueName":"search_term_string"}}],"inLanguage":"da-DK"}]}},"_links":{"self":[{"href":"https:\/\/stylestore.com\/da\/wp-json\/wp\/v2\/product\/488877","targetHints":{"allow":["GET"]}}],"collection":[{"href":"https:\/\/stylestore.com\/da\/wp-json\/wp\/v2\/product"}],"about":[{"href":"https:\/\/stylestore.com\/da\/wp-json\/wp\/v2\/types\/product"}],"wp:featuredmedia":[{"embeddable":true,"href":"https:\/\/stylestore.com\/da\/wp-json\/wp\/v2\/media\/560411"}],"wp:attachment":[{"href":"https:\/\/stylestore.com\/da\/wp-json\/wp\/v2\/media?parent=488877"}],"wp:term":[{"taxonomy":"product_brand","embeddable":true,"href":"https:\/\/stylestore.com\/da\/wp-json\/wp\/v2\/product_brand?post=488877"},{"taxonomy":"product_cat","embeddable":true,"href":"https:\/\/stylestore.com\/da\/wp-json\/wp\/v2\/product_cat?post=488877"},{"taxonomy":"product_tag","embeddable":true,"href":"https:\/\/stylestore.com\/da\/wp-json\/wp\/v2\/product_tag?post=488877"}],"curies":[{"name":"wp","href":"https:\/\/api.w.org\/{rel}","templated":true}]}}