{"id":482043,"date":"2022-04-13T13:22:40","date_gmt":"2022-04-13T11:22:40","guid":{"rendered":"https:\/\/stylestore.com\/da\/product\/wblfeline-wrap-maxi-dress-3\/"},"modified":"2026-04-14T04:44:10","modified_gmt":"2026-04-14T02:44:10","slug":"wblfeline-wrap-maxi-dress-3","status":"publish","type":"product","link":"https:\/\/stylestore.com\/da\/product\/wblfeline-wrap-maxi-dress-3\/","title":{"rendered":"WBLFELINE WRAP MAXI DRESS"},"content":{"rendered":"<p>Sk\u00f8n \u00be \u00e6rme lang maxi wrap kjole konstrueret af en ecovero viskose blanding med en l\u00e6kker tekstur, og edged op med et smukt all-over ditsy blomsterm\u00f8nster i sort, bl\u00e5 og neutral farver.<br \/>\nDen bl\u00f8de, draperede silhuet er fremh\u00e6vet med talje fokus, hvilket g\u00f8r Feline Dress til et alsidigt valg til dagtimerne og om aftenen.<br \/>\nEcovero kvaliteten er lavet af mere b\u00e6redygtige natur fibre, silkebl\u00f8d, og du undg\u00e5r samtidig kr\u00f8l.<br \/>\nModellen er 176 cm h\u00f8j, og ses her i en st\u00f8rrelse small<br \/>\n#Betterwardrobe<\/p>\n","protected":false},"excerpt":{"rendered":"","protected":false},"featured_media":483320,"template":"","meta":{"_acf_changed":false},"product_brand":[],"product_cat":[22,133],"product_tag":[1786,1787],"class_list":{"0":"post-482043","1":"product","2":"type-product","3":"status-publish","4":"has-post-thumbnail","6":"product_cat-kjoler","7":"product_cat-maxi-kjoler","8":"product_tag-sustainable","9":"product_tag-outlet","12":"instock","13":"sale","14":"taxable","15":"shipping-taxable","16":"purchasable","17":"product-type-variable"},"acf":[],"yoast_head":"<!-- This site is optimized with the Yoast SEO plugin v23.8 - https:\/\/yoast.com\/wordpress\/plugins\/seo\/ -->\n<title>WBLFELINE WRAP MAXI DRESS &#187; Stylestore.com Denmark<\/title>\n<meta name=\"description\" content=\"Lang maxi wrap kjole fra WithBlack, designet i en bl\u00f8d draperet silhuet med \u00be og \u00e6rmeb\u00e6ltedetalje i taljen.\" \/>\n<meta name=\"robots\" content=\"index, follow, max-snippet:-1, max-image-preview:large, max-video-preview:-1\" \/>\n<link rel=\"canonical\" href=\"https:\/\/stylestore.com\/da\/product\/wblfeline-wrap-maxi-dress-3\/\" \/>\n<meta property=\"og:locale\" content=\"da_DK\" \/>\n<meta property=\"og:type\" content=\"article\" \/>\n<meta property=\"og:title\" content=\"WBLFELINE WRAP MAXI DRESS &#187; Stylestore.com Denmark\" \/>\n<meta property=\"og:description\" content=\"Lang maxi wrap kjole fra WithBlack, designet i en bl\u00f8d draperet silhuet med \u00be og \u00e6rmeb\u00e6ltedetalje i taljen.\" \/>\n<meta property=\"og:url\" content=\"https:\/\/stylestore.com\/da\/product\/wblfeline-wrap-maxi-dress-3\/\" \/>\n<meta property=\"og:site_name\" content=\"Stylestore.com Denmark\" \/>\n<meta property=\"article:modified_time\" content=\"2026-04-14T02:44:10+00:00\" \/>\n<meta property=\"og:image\" content=\"https:\/\/stylestore.com\/da\/wp-content\/uploads\/sites\/3\/2022\/04\/Feline20wrap20maxi20dress20120ny-4.jpg\" \/>\n\t<meta property=\"og:image:width\" content=\"1067\" \/>\n\t<meta property=\"og:image:height\" content=\"1600\" \/>\n\t<meta property=\"og:image:type\" content=\"image\/jpeg\" \/>\n<meta name=\"twitter:card\" content=\"summary_large_image\" \/>\n<script type=\"application\/ld+json\" class=\"yoast-schema-graph\">{\"@context\":\"https:\/\/schema.org\",\"@graph\":[{\"@type\":\"WebPage\",\"@id\":\"https:\/\/stylestore.com\/da\/product\/wblfeline-wrap-maxi-dress-3\/\",\"url\":\"https:\/\/stylestore.com\/da\/product\/wblfeline-wrap-maxi-dress-3\/\",\"name\":\"WBLFELINE WRAP MAXI DRESS &#187; Stylestore.com Denmark\",\"isPartOf\":{\"@id\":\"https:\/\/stylestore.com\/da\/#website\"},\"primaryImageOfPage\":{\"@id\":\"https:\/\/stylestore.com\/da\/product\/wblfeline-wrap-maxi-dress-3\/#primaryimage\"},\"image\":{\"@id\":\"https:\/\/stylestore.com\/da\/product\/wblfeline-wrap-maxi-dress-3\/#primaryimage\"},\"thumbnailUrl\":\"https:\/\/stylestore.com\/da\/wp-content\/uploads\/sites\/3\/2022\/04\/Feline20wrap20maxi20dress20120ny-4.jpg\",\"datePublished\":\"2022-04-13T11:22:40+00:00\",\"dateModified\":\"2026-04-14T02:44:10+00:00\",\"description\":\"Lang maxi wrap kjole fra WithBlack, designet i en bl\u00f8d draperet silhuet med \u00be og \u00e6rmeb\u00e6ltedetalje i taljen.\",\"breadcrumb\":{\"@id\":\"https:\/\/stylestore.com\/da\/product\/wblfeline-wrap-maxi-dress-3\/#breadcrumb\"},\"inLanguage\":\"da-DK\",\"potentialAction\":[{\"@type\":\"ReadAction\",\"target\":[\"https:\/\/stylestore.com\/da\/product\/wblfeline-wrap-maxi-dress-3\/\"]}]},{\"@type\":\"ImageObject\",\"inLanguage\":\"da-DK\",\"@id\":\"https:\/\/stylestore.com\/da\/product\/wblfeline-wrap-maxi-dress-3\/#primaryimage\",\"url\":\"https:\/\/stylestore.com\/da\/wp-content\/uploads\/sites\/3\/2022\/04\/Feline20wrap20maxi20dress20120ny-4.jpg\",\"contentUrl\":\"https:\/\/stylestore.com\/da\/wp-content\/uploads\/sites\/3\/2022\/04\/Feline20wrap20maxi20dress20120ny-4.jpg\",\"width\":1067,\"height\":1600},{\"@type\":\"BreadcrumbList\",\"@id\":\"https:\/\/stylestore.com\/da\/product\/wblfeline-wrap-maxi-dress-3\/#breadcrumb\",\"itemListElement\":[{\"@type\":\"ListItem\",\"position\":1,\"name\":\"Home\",\"item\":\"https:\/\/stylestore.com\/da\/\"},{\"@type\":\"ListItem\",\"position\":2,\"name\":\"S\u00f8g\",\"item\":\"https:\/\/stylestore.com\/da\/soeg\/\"},{\"@type\":\"ListItem\",\"position\":3,\"name\":\"WBLFELINE WRAP MAXI DRESS\"}]},{\"@type\":\"WebSite\",\"@id\":\"https:\/\/stylestore.com\/da\/#website\",\"url\":\"https:\/\/stylestore.com\/da\/\",\"name\":\"Stylestore.com Denmark\",\"description\":\"\",\"potentialAction\":[{\"@type\":\"SearchAction\",\"target\":{\"@type\":\"EntryPoint\",\"urlTemplate\":\"https:\/\/stylestore.com\/da\/?s={search_term_string}\"},\"query-input\":{\"@type\":\"PropertyValueSpecification\",\"valueRequired\":true,\"valueName\":\"search_term_string\"}}],\"inLanguage\":\"da-DK\"}]}<\/script>\n<!-- \/ Yoast SEO plugin. -->","yoast_head_json":{"title":"WBLFELINE WRAP MAXI DRESS &#187; Stylestore.com Denmark","description":"Lang maxi wrap kjole fra WithBlack, designet i en bl\u00f8d draperet silhuet med \u00be og \u00e6rmeb\u00e6ltedetalje i taljen.","robots":{"index":"index","follow":"follow","max-snippet":"max-snippet:-1","max-image-preview":"max-image-preview:large","max-video-preview":"max-video-preview:-1"},"canonical":"https:\/\/stylestore.com\/da\/product\/wblfeline-wrap-maxi-dress-3\/","og_locale":"da_DK","og_type":"article","og_title":"WBLFELINE WRAP MAXI DRESS &#187; Stylestore.com Denmark","og_description":"Lang maxi wrap kjole fra WithBlack, designet i en bl\u00f8d draperet silhuet med \u00be og \u00e6rmeb\u00e6ltedetalje i taljen.","og_url":"https:\/\/stylestore.com\/da\/product\/wblfeline-wrap-maxi-dress-3\/","og_site_name":"Stylestore.com Denmark","article_modified_time":"2026-04-14T02:44:10+00:00","og_image":[{"width":1067,"height":1600,"url":"https:\/\/stylestore.com\/da\/wp-content\/uploads\/sites\/3\/2022\/04\/Feline20wrap20maxi20dress20120ny-4.jpg","type":"image\/jpeg"}],"twitter_card":"summary_large_image","schema":{"@context":"https:\/\/schema.org","@graph":[{"@type":"WebPage","@id":"https:\/\/stylestore.com\/da\/product\/wblfeline-wrap-maxi-dress-3\/","url":"https:\/\/stylestore.com\/da\/product\/wblfeline-wrap-maxi-dress-3\/","name":"WBLFELINE WRAP MAXI DRESS &#187; Stylestore.com Denmark","isPartOf":{"@id":"https:\/\/stylestore.com\/da\/#website"},"primaryImageOfPage":{"@id":"https:\/\/stylestore.com\/da\/product\/wblfeline-wrap-maxi-dress-3\/#primaryimage"},"image":{"@id":"https:\/\/stylestore.com\/da\/product\/wblfeline-wrap-maxi-dress-3\/#primaryimage"},"thumbnailUrl":"https:\/\/stylestore.com\/da\/wp-content\/uploads\/sites\/3\/2022\/04\/Feline20wrap20maxi20dress20120ny-4.jpg","datePublished":"2022-04-13T11:22:40+00:00","dateModified":"2026-04-14T02:44:10+00:00","description":"Lang maxi wrap kjole fra WithBlack, designet i en bl\u00f8d draperet silhuet med \u00be og \u00e6rmeb\u00e6ltedetalje i taljen.","breadcrumb":{"@id":"https:\/\/stylestore.com\/da\/product\/wblfeline-wrap-maxi-dress-3\/#breadcrumb"},"inLanguage":"da-DK","potentialAction":[{"@type":"ReadAction","target":["https:\/\/stylestore.com\/da\/product\/wblfeline-wrap-maxi-dress-3\/"]}]},{"@type":"ImageObject","inLanguage":"da-DK","@id":"https:\/\/stylestore.com\/da\/product\/wblfeline-wrap-maxi-dress-3\/#primaryimage","url":"https:\/\/stylestore.com\/da\/wp-content\/uploads\/sites\/3\/2022\/04\/Feline20wrap20maxi20dress20120ny-4.jpg","contentUrl":"https:\/\/stylestore.com\/da\/wp-content\/uploads\/sites\/3\/2022\/04\/Feline20wrap20maxi20dress20120ny-4.jpg","width":1067,"height":1600},{"@type":"BreadcrumbList","@id":"https:\/\/stylestore.com\/da\/product\/wblfeline-wrap-maxi-dress-3\/#breadcrumb","itemListElement":[{"@type":"ListItem","position":1,"name":"Home","item":"https:\/\/stylestore.com\/da\/"},{"@type":"ListItem","position":2,"name":"S\u00f8g","item":"https:\/\/stylestore.com\/da\/soeg\/"},{"@type":"ListItem","position":3,"name":"WBLFELINE WRAP MAXI DRESS"}]},{"@type":"WebSite","@id":"https:\/\/stylestore.com\/da\/#website","url":"https:\/\/stylestore.com\/da\/","name":"Stylestore.com Denmark","description":"","potentialAction":[{"@type":"SearchAction","target":{"@type":"EntryPoint","urlTemplate":"https:\/\/stylestore.com\/da\/?s={search_term_string}"},"query-input":{"@type":"PropertyValueSpecification","valueRequired":true,"valueName":"search_term_string"}}],"inLanguage":"da-DK"}]}},"_links":{"self":[{"href":"https:\/\/stylestore.com\/da\/wp-json\/wp\/v2\/product\/482043","targetHints":{"allow":["GET"]}}],"collection":[{"href":"https:\/\/stylestore.com\/da\/wp-json\/wp\/v2\/product"}],"about":[{"href":"https:\/\/stylestore.com\/da\/wp-json\/wp\/v2\/types\/product"}],"wp:featuredmedia":[{"embeddable":true,"href":"https:\/\/stylestore.com\/da\/wp-json\/wp\/v2\/media\/483320"}],"wp:attachment":[{"href":"https:\/\/stylestore.com\/da\/wp-json\/wp\/v2\/media?parent=482043"}],"wp:term":[{"taxonomy":"product_brand","embeddable":true,"href":"https:\/\/stylestore.com\/da\/wp-json\/wp\/v2\/product_brand?post=482043"},{"taxonomy":"product_cat","embeddable":true,"href":"https:\/\/stylestore.com\/da\/wp-json\/wp\/v2\/product_cat?post=482043"},{"taxonomy":"product_tag","embeddable":true,"href":"https:\/\/stylestore.com\/da\/wp-json\/wp\/v2\/product_tag?post=482043"}],"curies":[{"name":"wp","href":"https:\/\/api.w.org\/{rel}","templated":true}]}}