{"id":557383,"date":"2025-01-13T15:35:47","date_gmt":"2025-01-13T14:35:47","guid":{"rendered":"https:\/\/stylestore.com\/da\/?page_id=557383"},"modified":"2025-01-13T16:01:13","modified_gmt":"2025-01-13T15:01:13","slug":"modern-transition-aw25-preorder","status":"publish","type":"page","link":"https:\/\/stylestore.com\/da\/modern-transition-aw25-preorder\/","title":{"rendered":"Modern transition AW25"},"content":{"rendered":"\t\t<div data-elementor-type=\"wp-page\" data-elementor-id=\"557383\" class=\"elementor elementor-557383\">\n\t\t\t\t\t\t<section class=\"elementor-section elementor-top-section elementor-element elementor-element-b9eee75 elementor-section-boxed elementor-section-height-default elementor-section-height-default\" data-id=\"b9eee75\" data-element_type=\"section\" id=\"bomber\" data-settings=\"{&quot;jet_parallax_layout_list&quot;:[]}\">\n\t\t\t\t\t\t<div class=\"elementor-container elementor-column-gap-default\">\n\t\t\t\t\t<div class=\"elementor-column elementor-col-100 elementor-top-column elementor-element elementor-element-57fe6bc\" data-id=\"57fe6bc\" data-element_type=\"column\">\n\t\t\t<div class=\"elementor-widget-wrap elementor-element-populated\">\n\t\t\t\t\t\t<div class=\"elementor-element elementor-element-ea3c9d3 elementor-widget elementor-widget-image\" data-id=\"ea3c9d3\" data-element_type=\"widget\" data-widget_type=\"image.default\">\n\t\t\t\t<div class=\"elementor-widget-container\">\n\t\t\t\t\t\t\t\t\t\t\t\t\t<img fetchpriority=\"high\" decoding=\"async\" width=\"681\" height=\"379\" src=\"https:\/\/stylestore.com\/da\/wp-content\/uploads\/sites\/3\/2025\/01\/Login_b2b_side-1-681x379.jpg\" class=\"attachment-large size-large wp-image-557396\" alt=\"\" srcset=\"https:\/\/stylestore.com\/da\/wp-content\/uploads\/sites\/3\/2025\/01\/Login_b2b_side-1-681x379.jpg 681w, https:\/\/stylestore.com\/da\/wp-content\/uploads\/sites\/3\/2025\/01\/Login_b2b_side-1-300x167.jpg 300w, https:\/\/stylestore.com\/da\/wp-content\/uploads\/sites\/3\/2025\/01\/Login_b2b_side-1-1536x855.jpg 1536w, https:\/\/stylestore.com\/da\/wp-content\/uploads\/sites\/3\/2025\/01\/Login_b2b_side-1-2048x1140.jpg 2048w, https:\/\/stylestore.com\/da\/wp-content\/uploads\/sites\/3\/2025\/01\/Login_b2b_side-1-108x60.jpg 108w, https:\/\/stylestore.com\/da\/wp-content\/uploads\/sites\/3\/2025\/01\/Login_b2b_side-1-162x90.jpg 162w, https:\/\/stylestore.com\/da\/wp-content\/uploads\/sites\/3\/2025\/01\/Login_b2b_side-1-602x335.jpg 602w\" sizes=\"(max-width: 681px) 100vw, 681px\" \/>\t\t\t\t\t\t\t\t\t\t\t\t\t<\/div>\n\t\t\t\t<\/div>\n\t\t\t\t\t<\/div>\n\t\t<\/div>\n\t\t\t\t\t<\/div>\n\t\t<\/section>\n\t\t\t\t<section class=\"elementor-section elementor-top-section elementor-element elementor-element-2355886 elementor-section-boxed elementor-section-height-default elementor-section-height-default\" data-id=\"2355886\" data-element_type=\"section\" data-settings=\"{&quot;jet_parallax_layout_list&quot;:[]}\">\n\t\t\t\t\t\t<div class=\"elementor-container elementor-column-gap-default\">\n\t\t\t\t\t<div class=\"elementor-column elementor-col-100 elementor-top-column elementor-element elementor-element-916bf78\" data-id=\"916bf78\" data-element_type=\"column\">\n\t\t\t<div class=\"elementor-widget-wrap elementor-element-populated\">\n\t\t\t\t\t\t<div class=\"elementor-element elementor-element-54ba79c elementor-widget elementor-widget-heading\" data-id=\"54ba79c\" data-element_type=\"widget\" data-widget_type=\"heading.default\">\n\t\t\t\t<div class=\"elementor-widget-container\">\n\t\t\t<h3 class=\"elementor-heading-title elementor-size-default\">MODERN TRANSITION AW25 <br>withblack <\/h3>\t\t<\/div>\n\t\t\t\t<\/div>\n\t\t\t\t\t<\/div>\n\t\t<\/div>\n\t\t\t\t\t<\/div>\n\t\t<\/section>\n\t\t\t\t<section class=\"elementor-section elementor-top-section elementor-element elementor-element-67da8c6 elementor-section-boxed elementor-section-height-default elementor-section-height-default\" data-id=\"67da8c6\" data-element_type=\"section\" data-settings=\"{&quot;jet_parallax_layout_list&quot;:[]}\">\n\t\t\t\t\t\t<div class=\"elementor-container elementor-column-gap-default\">\n\t\t\t\t\t<div class=\"elementor-column elementor-col-100 elementor-top-column elementor-element elementor-element-6cb8462\" data-id=\"6cb8462\" data-element_type=\"column\">\n\t\t\t<div class=\"elementor-widget-wrap elementor-element-populated\">\n\t\t\t\t\t\t<div class=\"elementor-element elementor-element-d39fadb elementor-widget elementor-widget-text-editor\" data-id=\"d39fadb\" data-element_type=\"widget\" data-widget_type=\"text-editor.default\">\n\t\t\t\t<div class=\"elementor-widget-container\">\n\t\t\t\t\t\t\t<p>AW25 Outerwear Icons Collection fra WITHBLACK blander skandinavisk design og h\u00e5ndv\u00e6rk til alle efter\u00e5rets og vinterens faser. Milit\u00e6rinspirerede silhuetter m\u00f8der innovative materialer og skaber en perfekt balance mellem stil og funktion. Tidl\u00f8se produkter som trenchcoat, peacoat og M65-parka er nyt\u00e6nkt med henblik p\u00e5 varig relevans og lang levetid. Farvepaletten g\u00e5r fra bl\u00f8de nude-toner til dybe bl\u00e5, bordeaux og varme efter\u00e5rsbrune og jordn\u00e6re gr\u00f8nne farver &#8211; klar til alt slags vejr.<\/p><p><br \/>Masser af k\u00e6rlighed,<br \/>WITHBLACK<\/p><p>\u00a0<\/p>\t\t\t\t\t\t<\/div>\n\t\t\t\t<\/div>\n\t\t\t\t<div class=\"elementor-element elementor-element-3533151 elementor-grid-4 elementor-grid-tablet-3 elementor-grid-mobile-2 elementor-products-grid elementor-wc-products elementor-widget elementor-widget-woocommerce-products\" data-id=\"3533151\" data-element_type=\"widget\" data-widget_type=\"woocommerce-products.default\">\n\t\t\t\t<div class=\"elementor-widget-container\">\n\t\t\t<div class=\"woocommerce columns-4 \"><ul class=\"products elementor-grid columns-4\">\n<li class=\"product type-product post-532434 status-publish first instock product_cat-strik product_cat-strik-pullovers product_cat-sweaters product_tag-b2b product_tag-pre-order has-post-thumbnail taxable shipping-taxable purchasable product-type-variable\">\n\t<a href=\"https:\/\/stylestore.com\/da\/product\/wblalva-long-roll-neck-sweater-2\/\" class=\"woocommerce-LoopProduct-link woocommerce-loop-product__link\"><div class=\"image-wrapper\"><div class=\"tag-wrapper\"><\/div><div class=\"product-image-wrap\" style=\"padding-bottom:140.7196969697%\">\n\t<img data-src=\"https:\/\/stylestore.com\/da\/wp-content\/uploads\/sites\/3\/2025\/09\/Wblalva_Sweater_Roll_Neck_Blue_Melange1-528x743.jpg\" data-alt-src=\"https:\/\/stylestore.com\/da\/wp-content\/uploads\/sites\/3\/2025\/09\/Wblalva_Sweater_Roll_Neck_Blue_Melange2.jpg\" data-srcset=\"\" width=\"528\" height=\"743\" alt=\"WBLALVA LONG ROLL NECK SWEATER\" class=\"product-image\">\n\t<noscript>\n\t\t<img decoding=\"async\" src=\"https:\/\/stylestore.com\/da\/wp-content\/uploads\/sites\/3\/2025\/09\/Wblalva_Sweater_Roll_Neck_Blue_Melange1-528x743.jpg\" class=\"product-image\" alt=\"WBLALVA LONG ROLL NECK SWEATER\">\n\t<\/noscript>\n<\/div>\n<\/div><h2 class=\"woocommerce-loop-product__title\">WBLALVA LONG ROLL NECK SWEATER<\/h2>\n\t<span class=\"price\"><span class=\"woocommerce-Price-amount amount\"><bdi><span class=\"woocommerce-Price-currencySymbol\">kr.<\/span>&nbsp;529,99<\/bdi><\/span><\/span>\n<\/a><a href=\"https:\/\/stylestore.com\/da\/product\/wblalva-long-roll-neck-sweater-2\/\" aria-describedby=\"woocommerce_loop_add_to_cart_link_describedby_532434\" data-quantity=\"1\" class=\"button product_type_variable add_to_cart_button\" data-product_id=\"532434\" data-product_sku=\"\" aria-label=\"V\u00e6lg muligheder for &ldquo;WBLALVA LONG ROLL NECK SWEATER&rdquo;\" rel=\"nofollow\">V\u00e6lg muligheder<\/a>\t<span id=\"woocommerce_loop_add_to_cart_link_describedby_532434\" class=\"screen-reader-text\">\n\t\tDette vare har flere varianter. Mulighederne kan v\u00e6lges p\u00e5 varesiden\t<\/span>\n<span class=\"gtm4wp_productdata\" style=\"display:none; visibility:hidden;\" data-gtm4wp_product_data=\"{&quot;internal_id&quot;:532434,&quot;item_id&quot;:532434,&quot;item_name&quot;:&quot;WBLALVA LONG ROLL NECK SWEATER&quot;,&quot;sku&quot;:532434,&quot;price&quot;:529.99,&quot;stocklevel&quot;:null,&quot;stockstatus&quot;:&quot;instock&quot;,&quot;google_business_vertical&quot;:&quot;retail&quot;,&quot;item_category&quot;:&quot;Strik Pullovers&quot;,&quot;id&quot;:532434,&quot;productlink&quot;:&quot;https:\\\/\\\/stylestore.com\\\/da\\\/product\\\/wblalva-long-roll-neck-sweater-2\\\/&quot;,&quot;item_list_name&quot;:&quot;General Product List&quot;,&quot;index&quot;:1,&quot;product_type&quot;:&quot;variable&quot;,&quot;item_brand&quot;:&quot;&quot;}\"><\/span><\/li>\n<li class=\"product type-product post-532436 status-publish instock product_cat-strik product_cat-strik-pullovers product_cat-sweaters product_tag-b2b product_tag-pre-order has-post-thumbnail taxable shipping-taxable purchasable product-type-variable\">\n\t<a href=\"https:\/\/stylestore.com\/da\/product\/wblalva-long-roll-neck-sweater-4\/\" class=\"woocommerce-LoopProduct-link woocommerce-loop-product__link\"><div class=\"image-wrapper\"><div class=\"tag-wrapper\"><\/div><div class=\"product-image-wrap\" style=\"padding-bottom:140.7196969697%\">\n\t<img data-src=\"https:\/\/stylestore.com\/da\/wp-content\/uploads\/sites\/3\/2025\/09\/Wblalva_long_roll_neck_sweater_Mid_Grey_Melange-528x743.jpg\" data-alt-src=\"https:\/\/stylestore.com\/da\/wp-content\/uploads\/sites\/3\/2025\/09\/Wblalva_long_roll_neck_sweater_Mid_Grey_Melange2.jpg\" data-srcset=\"\" width=\"528\" height=\"743\" alt=\"WBLALVA LONG ROLL NECK SWEATER\" class=\"product-image\">\n\t<noscript>\n\t\t<img decoding=\"async\" src=\"https:\/\/stylestore.com\/da\/wp-content\/uploads\/sites\/3\/2025\/09\/Wblalva_long_roll_neck_sweater_Mid_Grey_Melange-528x743.jpg\" class=\"product-image\" alt=\"WBLALVA LONG ROLL NECK SWEATER\">\n\t<\/noscript>\n<\/div>\n<\/div><h2 class=\"woocommerce-loop-product__title\">WBLALVA LONG ROLL NECK SWEATER<\/h2>\n\t<span class=\"price\"><span class=\"woocommerce-Price-amount amount\"><bdi><span class=\"woocommerce-Price-currencySymbol\">kr.<\/span>&nbsp;529,99<\/bdi><\/span><\/span>\n<\/a><a href=\"https:\/\/stylestore.com\/da\/product\/wblalva-long-roll-neck-sweater-4\/\" aria-describedby=\"woocommerce_loop_add_to_cart_link_describedby_532436\" data-quantity=\"1\" class=\"button product_type_variable add_to_cart_button\" data-product_id=\"532436\" data-product_sku=\"\" aria-label=\"V\u00e6lg muligheder for &ldquo;WBLALVA LONG ROLL NECK SWEATER&rdquo;\" rel=\"nofollow\">V\u00e6lg muligheder<\/a>\t<span id=\"woocommerce_loop_add_to_cart_link_describedby_532436\" class=\"screen-reader-text\">\n\t\tDette vare har flere varianter. Mulighederne kan v\u00e6lges p\u00e5 varesiden\t<\/span>\n<span class=\"gtm4wp_productdata\" style=\"display:none; visibility:hidden;\" data-gtm4wp_product_data=\"{&quot;internal_id&quot;:532436,&quot;item_id&quot;:532436,&quot;item_name&quot;:&quot;WBLALVA LONG ROLL NECK SWEATER&quot;,&quot;sku&quot;:532436,&quot;price&quot;:529.99,&quot;stocklevel&quot;:null,&quot;stockstatus&quot;:&quot;instock&quot;,&quot;google_business_vertical&quot;:&quot;retail&quot;,&quot;item_category&quot;:&quot;Strik Pullovers&quot;,&quot;id&quot;:532436,&quot;productlink&quot;:&quot;https:\\\/\\\/stylestore.com\\\/da\\\/product\\\/wblalva-long-roll-neck-sweater-4\\\/&quot;,&quot;item_list_name&quot;:&quot;General Product List&quot;,&quot;index&quot;:2,&quot;product_type&quot;:&quot;variable&quot;,&quot;item_brand&quot;:&quot;&quot;}\"><\/span><\/li>\n<li class=\"product type-product post-532438 status-publish instock product_cat-strik product_cat-strik-pullovers product_cat-sweaters product_tag-b2b product_tag-pre-order has-post-thumbnail taxable shipping-taxable purchasable product-type-variable\">\n\t<a href=\"https:\/\/stylestore.com\/da\/product\/wblalva-long-roll-neck-sweater-6\/\" class=\"woocommerce-LoopProduct-link woocommerce-loop-product__link\"><div class=\"image-wrapper\"><div class=\"tag-wrapper\"><\/div><div class=\"product-image-wrap\" style=\"padding-bottom:140.7196969697%\">\n\t<img loading=\"lazy\" data-src=\"https:\/\/stylestore.com\/da\/wp-content\/uploads\/sites\/3\/2025\/09\/Wblalva_long_roll_neck_sweater_silver_lining-528x743.jpg\" data-alt-src=\"https:\/\/stylestore.com\/da\/wp-content\/uploads\/sites\/3\/2025\/09\/Wblalva_long_roll_neck_sweater_silver_lining2.jpg\" data-srcset=\"\" width=\"528\" height=\"743\" alt=\"WBLALVA LONG ROLL NECK SWEATER\" class=\"product-image\">\n\t<noscript>\n\t\t<img decoding=\"async\" src=\"https:\/\/stylestore.com\/da\/wp-content\/uploads\/sites\/3\/2025\/09\/Wblalva_long_roll_neck_sweater_silver_lining-528x743.jpg\" class=\"product-image\" alt=\"WBLALVA LONG ROLL NECK SWEATER\">\n\t<\/noscript>\n<\/div>\n<\/div><h2 class=\"woocommerce-loop-product__title\">WBLALVA LONG ROLL NECK SWEATER<\/h2>\n\t<span class=\"price\"><span class=\"woocommerce-Price-amount amount\"><bdi><span class=\"woocommerce-Price-currencySymbol\">kr.<\/span>&nbsp;529,99<\/bdi><\/span><\/span>\n<\/a><a href=\"https:\/\/stylestore.com\/da\/product\/wblalva-long-roll-neck-sweater-6\/\" aria-describedby=\"woocommerce_loop_add_to_cart_link_describedby_532438\" data-quantity=\"1\" class=\"button product_type_variable add_to_cart_button\" data-product_id=\"532438\" data-product_sku=\"\" aria-label=\"V\u00e6lg muligheder for &ldquo;WBLALVA LONG ROLL NECK SWEATER&rdquo;\" rel=\"nofollow\">V\u00e6lg muligheder<\/a>\t<span id=\"woocommerce_loop_add_to_cart_link_describedby_532438\" class=\"screen-reader-text\">\n\t\tDette vare har flere varianter. Mulighederne kan v\u00e6lges p\u00e5 varesiden\t<\/span>\n<span class=\"gtm4wp_productdata\" style=\"display:none; visibility:hidden;\" data-gtm4wp_product_data=\"{&quot;internal_id&quot;:532438,&quot;item_id&quot;:532438,&quot;item_name&quot;:&quot;WBLALVA LONG ROLL NECK SWEATER&quot;,&quot;sku&quot;:532438,&quot;price&quot;:529.99,&quot;stocklevel&quot;:null,&quot;stockstatus&quot;:&quot;instock&quot;,&quot;google_business_vertical&quot;:&quot;retail&quot;,&quot;item_category&quot;:&quot;Strik Pullovers&quot;,&quot;id&quot;:532438,&quot;productlink&quot;:&quot;https:\\\/\\\/stylestore.com\\\/da\\\/product\\\/wblalva-long-roll-neck-sweater-6\\\/&quot;,&quot;item_list_name&quot;:&quot;General Product List&quot;,&quot;index&quot;:3,&quot;product_type&quot;:&quot;variable&quot;,&quot;item_brand&quot;:&quot;&quot;}\"><\/span><\/li>\n<li class=\"product type-product post-531548 status-publish last instock product_cat-strik product_cat-strik-pullovers product_cat-sweaters product_tag-b2b product_tag-pre-order has-post-thumbnail taxable shipping-taxable purchasable product-type-variable\">\n\t<a href=\"https:\/\/stylestore.com\/da\/product\/wblaxelle-half-sleeve-pullover-3\/\" class=\"woocommerce-LoopProduct-link woocommerce-loop-product__link\"><div class=\"image-wrapper\"><div class=\"tag-wrapper\"><\/div><div class=\"product-image-wrap\" style=\"padding-bottom:140.7196969697%\">\n\t<img loading=\"lazy\" data-src=\"https:\/\/stylestore.com\/da\/wp-content\/uploads\/sites\/3\/2024\/09\/WBLMORE_TAILORED_WIDE_PANTS_Grey_Melange_WBLAXELLE_HALF_SLEEVE_PULLOVER_FREY_MELANGE_1-1-528x743.jpg\" data-alt-src=\"https:\/\/stylestore.com\/da\/wp-content\/uploads\/sites\/3\/2024\/09\/WBLMORE_TAILORED_WIDE_PANTS_Grey_Melange_WBLAXELLE_HALF_SLEEVE_PULLOVER_FREY_MELANGE_2-1.jpg\" data-srcset=\"\" width=\"528\" height=\"743\" alt=\"WBLAXELLE HALF SLEEVE PULLOVER\" class=\"product-image\">\n\t<noscript>\n\t\t<img decoding=\"async\" src=\"https:\/\/stylestore.com\/da\/wp-content\/uploads\/sites\/3\/2024\/09\/WBLMORE_TAILORED_WIDE_PANTS_Grey_Melange_WBLAXELLE_HALF_SLEEVE_PULLOVER_FREY_MELANGE_1-1-528x743.jpg\" class=\"product-image\" alt=\"WBLAXELLE HALF SLEEVE PULLOVER\">\n\t<\/noscript>\n<\/div>\n<\/div><h2 class=\"woocommerce-loop-product__title\">WBLAXELLE HALF SLEEVE PULLOVER<\/h2>\n\t<span class=\"price\"><span class=\"woocommerce-Price-amount amount\"><bdi><span class=\"woocommerce-Price-currencySymbol\">kr.<\/span>&nbsp;449,99<\/bdi><\/span><\/span>\n<\/a><a href=\"https:\/\/stylestore.com\/da\/product\/wblaxelle-half-sleeve-pullover-3\/\" aria-describedby=\"woocommerce_loop_add_to_cart_link_describedby_531548\" data-quantity=\"1\" class=\"button product_type_variable add_to_cart_button\" data-product_id=\"531548\" data-product_sku=\"\" aria-label=\"V\u00e6lg muligheder for &ldquo;WBLAXELLE HALF SLEEVE PULLOVER&rdquo;\" rel=\"nofollow\">V\u00e6lg muligheder<\/a>\t<span id=\"woocommerce_loop_add_to_cart_link_describedby_531548\" class=\"screen-reader-text\">\n\t\tDette vare har flere varianter. Mulighederne kan v\u00e6lges p\u00e5 varesiden\t<\/span>\n<span class=\"gtm4wp_productdata\" style=\"display:none; visibility:hidden;\" data-gtm4wp_product_data=\"{&quot;internal_id&quot;:531548,&quot;item_id&quot;:531548,&quot;item_name&quot;:&quot;WBLAXELLE HALF SLEEVE PULLOVER&quot;,&quot;sku&quot;:531548,&quot;price&quot;:449.99,&quot;stocklevel&quot;:null,&quot;stockstatus&quot;:&quot;instock&quot;,&quot;google_business_vertical&quot;:&quot;retail&quot;,&quot;item_category&quot;:&quot;Strik Pullovers&quot;,&quot;id&quot;:531548,&quot;productlink&quot;:&quot;https:\\\/\\\/stylestore.com\\\/da\\\/product\\\/wblaxelle-half-sleeve-pullover-3\\\/&quot;,&quot;item_list_name&quot;:&quot;General Product List&quot;,&quot;index&quot;:4,&quot;product_type&quot;:&quot;variable&quot;,&quot;item_brand&quot;:&quot;&quot;}\"><\/span><\/li>\n<\/ul>\n<\/div>\t\t<\/div>\n\t\t\t\t<\/div>\n\t\t\t\t\t<\/div>\n\t\t<\/div>\n\t\t\t\t\t<\/div>\n\t\t<\/section>\n\t\t\t\t<\/div>\n\t\t","protected":false},"excerpt":{"rendered":"","protected":false},"author":6830,"featured_media":0,"parent":0,"menu_order":0,"comment_status":"closed","ping_status":"closed","template":"","meta":{"_acf_changed":false,"footnotes":""},"class_list":["post-557383","page","type-page","status-publish","hentry"],"acf":[],"yoast_head":"<!-- This site is optimized with the Yoast SEO plugin v23.8 - https:\/\/yoast.com\/wordpress\/plugins\/seo\/ -->\n<title>Modern transition AW25 Preorder<\/title>\n<meta name=\"description\" content=\"Modern transition AW25 Preorder\" \/>\n<meta name=\"robots\" content=\"index, follow, max-snippet:-1, max-image-preview:large, max-video-preview:-1\" \/>\n<link rel=\"canonical\" href=\"https:\/\/stylestore.com\/da\/modern-transition-aw25-preorder\/\" \/>\n<meta property=\"og:locale\" content=\"da_DK\" \/>\n<meta property=\"og:type\" content=\"article\" \/>\n<meta property=\"og:title\" content=\"Modern transition AW25 Preorder\" \/>\n<meta property=\"og:description\" content=\"Modern transition AW25 Preorder\" \/>\n<meta property=\"og:url\" content=\"https:\/\/stylestore.com\/da\/modern-transition-aw25-preorder\/\" \/>\n<meta property=\"og:site_name\" content=\"Stylestore.com Denmark\" \/>\n<meta property=\"article:modified_time\" content=\"2025-01-13T15:01:13+00:00\" \/>\n<meta property=\"og:image\" content=\"https:\/\/stylestore.com\/da\/wp-content\/uploads\/sites\/3\/2025\/01\/Login_b2b_side-1.jpg\" \/>\n\t<meta property=\"og:image:width\" content=\"2560\" \/>\n\t<meta property=\"og:image:height\" content=\"1425\" \/>\n\t<meta property=\"og:image:type\" content=\"image\/jpeg\" \/>\n<meta name=\"twitter:card\" content=\"summary_large_image\" \/>\n<meta name=\"twitter:label1\" content=\"Estimeret l\u00e6setid\" \/>\n\t<meta name=\"twitter:data1\" content=\"33 minutter\" \/>\n<script type=\"application\/ld+json\" class=\"yoast-schema-graph\">{\"@context\":\"https:\/\/schema.org\",\"@graph\":[{\"@type\":\"WebPage\",\"@id\":\"https:\/\/stylestore.com\/da\/modern-transition-aw25-preorder\/\",\"url\":\"https:\/\/stylestore.com\/da\/modern-transition-aw25-preorder\/\",\"name\":\"Modern transition AW25 Preorder\",\"isPartOf\":{\"@id\":\"https:\/\/stylestore.com\/da\/#website\"},\"primaryImageOfPage\":{\"@id\":\"https:\/\/stylestore.com\/da\/modern-transition-aw25-preorder\/#primaryimage\"},\"image\":{\"@id\":\"https:\/\/stylestore.com\/da\/modern-transition-aw25-preorder\/#primaryimage\"},\"thumbnailUrl\":\"https:\/\/stylestore.com\/da\/wp-content\/uploads\/sites\/3\/2025\/01\/Login_b2b_side-1-681x379.jpg\",\"datePublished\":\"2025-01-13T14:35:47+00:00\",\"dateModified\":\"2025-01-13T15:01:13+00:00\",\"description\":\"Modern transition AW25 Preorder\",\"breadcrumb\":{\"@id\":\"https:\/\/stylestore.com\/da\/modern-transition-aw25-preorder\/#breadcrumb\"},\"inLanguage\":\"da-DK\",\"potentialAction\":[{\"@type\":\"ReadAction\",\"target\":[\"https:\/\/stylestore.com\/da\/modern-transition-aw25-preorder\/\"]}]},{\"@type\":\"ImageObject\",\"inLanguage\":\"da-DK\",\"@id\":\"https:\/\/stylestore.com\/da\/modern-transition-aw25-preorder\/#primaryimage\",\"url\":\"https:\/\/stylestore.com\/da\/wp-content\/uploads\/sites\/3\/2025\/01\/Login_b2b_side-1.jpg\",\"contentUrl\":\"https:\/\/stylestore.com\/da\/wp-content\/uploads\/sites\/3\/2025\/01\/Login_b2b_side-1.jpg\",\"width\":2560,\"height\":1425},{\"@type\":\"BreadcrumbList\",\"@id\":\"https:\/\/stylestore.com\/da\/modern-transition-aw25-preorder\/#breadcrumb\",\"itemListElement\":[{\"@type\":\"ListItem\",\"position\":1,\"name\":\"Home\",\"item\":\"https:\/\/stylestore.com\/da\/\"},{\"@type\":\"ListItem\",\"position\":2,\"name\":\"Modern transition AW25\"}]},{\"@type\":\"WebSite\",\"@id\":\"https:\/\/stylestore.com\/da\/#website\",\"url\":\"https:\/\/stylestore.com\/da\/\",\"name\":\"Stylestore.com Denmark\",\"description\":\"\",\"potentialAction\":[{\"@type\":\"SearchAction\",\"target\":{\"@type\":\"EntryPoint\",\"urlTemplate\":\"https:\/\/stylestore.com\/da\/?s={search_term_string}\"},\"query-input\":{\"@type\":\"PropertyValueSpecification\",\"valueRequired\":true,\"valueName\":\"search_term_string\"}}],\"inLanguage\":\"da-DK\"}]}<\/script>\n<!-- \/ Yoast SEO plugin. -->","yoast_head_json":{"title":"Modern transition AW25 Preorder","description":"Modern transition AW25 Preorder","robots":{"index":"index","follow":"follow","max-snippet":"max-snippet:-1","max-image-preview":"max-image-preview:large","max-video-preview":"max-video-preview:-1"},"canonical":"https:\/\/stylestore.com\/da\/modern-transition-aw25-preorder\/","og_locale":"da_DK","og_type":"article","og_title":"Modern transition AW25 Preorder","og_description":"Modern transition AW25 Preorder","og_url":"https:\/\/stylestore.com\/da\/modern-transition-aw25-preorder\/","og_site_name":"Stylestore.com Denmark","article_modified_time":"2025-01-13T15:01:13+00:00","og_image":[{"width":2560,"height":1425,"url":"https:\/\/stylestore.com\/da\/wp-content\/uploads\/sites\/3\/2025\/01\/Login_b2b_side-1.jpg","type":"image\/jpeg"}],"twitter_card":"summary_large_image","twitter_misc":{"Estimeret l\u00e6setid":"33 minutter"},"schema":{"@context":"https:\/\/schema.org","@graph":[{"@type":"WebPage","@id":"https:\/\/stylestore.com\/da\/modern-transition-aw25-preorder\/","url":"https:\/\/stylestore.com\/da\/modern-transition-aw25-preorder\/","name":"Modern transition AW25 Preorder","isPartOf":{"@id":"https:\/\/stylestore.com\/da\/#website"},"primaryImageOfPage":{"@id":"https:\/\/stylestore.com\/da\/modern-transition-aw25-preorder\/#primaryimage"},"image":{"@id":"https:\/\/stylestore.com\/da\/modern-transition-aw25-preorder\/#primaryimage"},"thumbnailUrl":"https:\/\/stylestore.com\/da\/wp-content\/uploads\/sites\/3\/2025\/01\/Login_b2b_side-1-681x379.jpg","datePublished":"2025-01-13T14:35:47+00:00","dateModified":"2025-01-13T15:01:13+00:00","description":"Modern transition AW25 Preorder","breadcrumb":{"@id":"https:\/\/stylestore.com\/da\/modern-transition-aw25-preorder\/#breadcrumb"},"inLanguage":"da-DK","potentialAction":[{"@type":"ReadAction","target":["https:\/\/stylestore.com\/da\/modern-transition-aw25-preorder\/"]}]},{"@type":"ImageObject","inLanguage":"da-DK","@id":"https:\/\/stylestore.com\/da\/modern-transition-aw25-preorder\/#primaryimage","url":"https:\/\/stylestore.com\/da\/wp-content\/uploads\/sites\/3\/2025\/01\/Login_b2b_side-1.jpg","contentUrl":"https:\/\/stylestore.com\/da\/wp-content\/uploads\/sites\/3\/2025\/01\/Login_b2b_side-1.jpg","width":2560,"height":1425},{"@type":"BreadcrumbList","@id":"https:\/\/stylestore.com\/da\/modern-transition-aw25-preorder\/#breadcrumb","itemListElement":[{"@type":"ListItem","position":1,"name":"Home","item":"https:\/\/stylestore.com\/da\/"},{"@type":"ListItem","position":2,"name":"Modern transition AW25"}]},{"@type":"WebSite","@id":"https:\/\/stylestore.com\/da\/#website","url":"https:\/\/stylestore.com\/da\/","name":"Stylestore.com Denmark","description":"","potentialAction":[{"@type":"SearchAction","target":{"@type":"EntryPoint","urlTemplate":"https:\/\/stylestore.com\/da\/?s={search_term_string}"},"query-input":{"@type":"PropertyValueSpecification","valueRequired":true,"valueName":"search_term_string"}}],"inLanguage":"da-DK"}]}},"_links":{"self":[{"href":"https:\/\/stylestore.com\/da\/wp-json\/wp\/v2\/pages\/557383","targetHints":{"allow":["GET"]}}],"collection":[{"href":"https:\/\/stylestore.com\/da\/wp-json\/wp\/v2\/pages"}],"about":[{"href":"https:\/\/stylestore.com\/da\/wp-json\/wp\/v2\/types\/page"}],"author":[{"embeddable":true,"href":"https:\/\/stylestore.com\/da\/wp-json\/wp\/v2\/users\/6830"}],"replies":[{"embeddable":true,"href":"https:\/\/stylestore.com\/da\/wp-json\/wp\/v2\/comments?post=557383"}],"version-history":[{"count":14,"href":"https:\/\/stylestore.com\/da\/wp-json\/wp\/v2\/pages\/557383\/revisions"}],"predecessor-version":[{"id":557403,"href":"https:\/\/stylestore.com\/da\/wp-json\/wp\/v2\/pages\/557383\/revisions\/557403"}],"wp:attachment":[{"href":"https:\/\/stylestore.com\/da\/wp-json\/wp\/v2\/media?parent=557383"}],"curies":[{"name":"wp","href":"https:\/\/api.w.org\/{rel}","templated":true}]}}