{"id":6817,"date":"2019-08-29T16:16:28","date_gmt":"2019-08-29T14:16:28","guid":{"rendered":"https:\/\/stylestore.com\/ch\/?page_id=6817"},"modified":"2019-09-16T19:15:17","modified_gmt":"2019-09-16T17:15:17","slug":"more-sustainable","status":"publish","type":"page","link":"https:\/\/stylestore.com\/ch\/more-sustainable\/","title":{"rendered":"MORE SUSTAINABLE"},"content":{"rendered":"\t\t<div data-elementor-type=\"wp-post\" data-elementor-id=\"6817\" class=\"elementor elementor-6817\">\n\t\t\t\t\t\t<section class=\"elementor-section elementor-top-section elementor-element elementor-element-3aa38541 elementor-section-boxed elementor-section-height-default elementor-section-height-default\" data-id=\"3aa38541\" data-element_type=\"section\" data-settings=\"{&quot;jet_parallax_layout_list&quot;:[{&quot;jet_parallax_layout_image&quot;:{&quot;url&quot;:&quot;&quot;,&quot;id&quot;:&quot;&quot;,&quot;size&quot;:&quot;&quot;},&quot;_id&quot;:&quot;320a702&quot;,&quot;jet_parallax_layout_image_tablet&quot;:{&quot;url&quot;:&quot;&quot;,&quot;id&quot;:&quot;&quot;,&quot;size&quot;:&quot;&quot;},&quot;jet_parallax_layout_image_mobile&quot;:{&quot;url&quot;:&quot;&quot;,&quot;id&quot;:&quot;&quot;,&quot;size&quot;:&quot;&quot;},&quot;jet_parallax_layout_speed&quot;:{&quot;unit&quot;:&quot;%&quot;,&quot;size&quot;:50,&quot;sizes&quot;:[]},&quot;jet_parallax_layout_type&quot;:&quot;scroll&quot;,&quot;jet_parallax_layout_z_index&quot;:&quot;&quot;,&quot;jet_parallax_layout_bg_x&quot;:50,&quot;jet_parallax_layout_bg_y&quot;:50,&quot;jet_parallax_layout_bg_size&quot;:&quot;auto&quot;,&quot;jet_parallax_layout_animation_prop&quot;:&quot;transform&quot;,&quot;jet_parallax_layout_on&quot;:[&quot;desktop&quot;,&quot;tablet&quot;],&quot;jet_parallax_layout_direction&quot;:null,&quot;jet_parallax_layout_fx_direction&quot;:null,&quot;jet_parallax_layout_bg_x_tablet&quot;:&quot;&quot;,&quot;jet_parallax_layout_bg_x_mobile&quot;:&quot;&quot;,&quot;jet_parallax_layout_bg_y_tablet&quot;:&quot;&quot;,&quot;jet_parallax_layout_bg_y_mobile&quot;:&quot;&quot;,&quot;jet_parallax_layout_bg_size_tablet&quot;:&quot;&quot;,&quot;jet_parallax_layout_bg_size_mobile&quot;:&quot;&quot;}]}\">\n\t\t\t\t\t\t<div class=\"elementor-container elementor-column-gap-default\">\n\t\t\t\t\t<div class=\"elementor-column elementor-col-100 elementor-top-column elementor-element elementor-element-19451f77\" data-id=\"19451f77\" data-element_type=\"column\">\n\t\t\t<div class=\"elementor-widget-wrap elementor-element-populated\">\n\t\t\t\t\t\t<div class=\"elementor-element elementor-element-4cf856dd elementor-widget elementor-widget-heading\" data-id=\"4cf856dd\" data-element_type=\"widget\" data-widget_type=\"heading.default\">\n\t\t\t\t<div class=\"elementor-widget-container\">\n\t\t\t<h1 class=\"elementor-heading-title elementor-size-default\">MORE SUSTAINBALE<\/h1>\t\t<\/div>\n\t\t\t\t<\/div>\n\t\t\t\t<div class=\"elementor-element elementor-element-3d5aeca7 elementor-widget elementor-widget-text-editor\" data-id=\"3d5aeca7\" data-element_type=\"widget\" data-widget_type=\"text-editor.default\">\n\t\t\t\t<div class=\"elementor-widget-container\">\n\t\t\t\t\t\t\t<p>Detox f\u00fcr Ihren Kleiderschrank &#8211; Wir sind gro\u00dfe Fans der neuen und nachhaltigen Stoffe und lieben unsere Brandneue Viennea-Qualit\u00e4t aus Polyesterfasern des ECO CIRCLE \u2122 -Recyclingsystems. Im Vergleich zu Polyesterfasern aus konventioneller Technologie k\u00f6nnen bei ECO CIRCLE \u2122 -Fasern ca. 50% des Energieverbrauchs und der Kohlendioxidemissionen bei der Herstellung eingespart werden. What is not to like. Look good \u2013 Feel good &#8211; Kaufen Sie jetzt Ihre neuen und nachhaltigen Favoriten Styles bei uns. Suchen Sie nach Viennea im Produktnamen aller Produkte, die von Eco Circle \u2122 -Fasern hergestellt werden.<\/p>\t\t\t\t\t\t<\/div>\n\t\t\t\t<\/div>\n\t\t\t\t\t<\/div>\n\t\t<\/div>\n\t\t\t\t\t<\/div>\n\t\t<\/section>\n\t\t\t\t<section class=\"elementor-section elementor-top-section elementor-element elementor-element-33f4712b elementor-section-boxed elementor-section-height-default elementor-section-height-default\" data-id=\"33f4712b\" data-element_type=\"section\" data-settings=\"{&quot;jet_parallax_layout_list&quot;:[{&quot;jet_parallax_layout_image&quot;:{&quot;url&quot;:&quot;&quot;,&quot;id&quot;:&quot;&quot;,&quot;size&quot;:&quot;&quot;},&quot;_id&quot;:&quot;5fdf2f0&quot;,&quot;jet_parallax_layout_image_tablet&quot;:{&quot;url&quot;:&quot;&quot;,&quot;id&quot;:&quot;&quot;,&quot;size&quot;:&quot;&quot;},&quot;jet_parallax_layout_image_mobile&quot;:{&quot;url&quot;:&quot;&quot;,&quot;id&quot;:&quot;&quot;,&quot;size&quot;:&quot;&quot;},&quot;jet_parallax_layout_speed&quot;:{&quot;unit&quot;:&quot;%&quot;,&quot;size&quot;:50,&quot;sizes&quot;:[]},&quot;jet_parallax_layout_type&quot;:&quot;scroll&quot;,&quot;jet_parallax_layout_z_index&quot;:&quot;&quot;,&quot;jet_parallax_layout_bg_x&quot;:50,&quot;jet_parallax_layout_bg_y&quot;:50,&quot;jet_parallax_layout_bg_size&quot;:&quot;auto&quot;,&quot;jet_parallax_layout_animation_prop&quot;:&quot;transform&quot;,&quot;jet_parallax_layout_on&quot;:[&quot;desktop&quot;,&quot;tablet&quot;],&quot;jet_parallax_layout_direction&quot;:null,&quot;jet_parallax_layout_fx_direction&quot;:null,&quot;jet_parallax_layout_bg_x_tablet&quot;:&quot;&quot;,&quot;jet_parallax_layout_bg_x_mobile&quot;:&quot;&quot;,&quot;jet_parallax_layout_bg_y_tablet&quot;:&quot;&quot;,&quot;jet_parallax_layout_bg_y_mobile&quot;:&quot;&quot;,&quot;jet_parallax_layout_bg_size_tablet&quot;:&quot;&quot;,&quot;jet_parallax_layout_bg_size_mobile&quot;:&quot;&quot;}]}\">\n\t\t\t\t\t\t<div class=\"elementor-container elementor-column-gap-default\">\n\t\t\t\t\t<div class=\"elementor-column elementor-col-100 elementor-top-column elementor-element elementor-element-1b3a17d3\" data-id=\"1b3a17d3\" data-element_type=\"column\">\n\t\t\t<div class=\"elementor-widget-wrap elementor-element-populated\">\n\t\t\t\t\t\t\t<\/div>\n\t\t<\/div>\n\t\t\t\t\t<\/div>\n\t\t<\/section>\n\t\t\t\t<\/div>\n\t\t","protected":false},"excerpt":{"rendered":"","protected":false},"author":4,"featured_media":0,"parent":0,"menu_order":0,"comment_status":"closed","ping_status":"closed","template":"","meta":{"_acf_changed":false,"footnotes":""},"class_list":["post-6817","page","type-page","status-publish","hentry"],"acf":[],"yoast_head":"<!-- This site is optimized with the Yoast SEO plugin v23.8 - https:\/\/yoast.com\/wordpress\/plugins\/seo\/ -->\n<title>MORE SUSTAINABLE &#187; Stylestore.com CH | UK<\/title>\n<meta name=\"robots\" content=\"index, follow, max-snippet:-1, max-image-preview:large, max-video-preview:-1\" \/>\n<link rel=\"canonical\" href=\"https:\/\/stylestore.com\/ch\/more-sustainable\/\" \/>\n<meta property=\"og:locale\" content=\"de_DE\" \/>\n<meta property=\"og:type\" content=\"article\" \/>\n<meta property=\"og:title\" content=\"MORE SUSTAINABLE &#187; Stylestore.com CH | UK\" \/>\n<meta property=\"og:url\" content=\"https:\/\/stylestore.com\/ch\/more-sustainable\/\" \/>\n<meta property=\"og:site_name\" content=\"Stylestore.com CH | UK\" \/>\n<meta property=\"article:modified_time\" content=\"2019-09-16T17:15:17+00:00\" \/>\n<meta name=\"twitter:card\" content=\"summary_large_image\" \/>\n<script type=\"application\/ld+json\" class=\"yoast-schema-graph\">{\"@context\":\"https:\/\/schema.org\",\"@graph\":[{\"@type\":\"WebPage\",\"@id\":\"https:\/\/stylestore.com\/ch\/more-sustainable\/\",\"url\":\"https:\/\/stylestore.com\/ch\/more-sustainable\/\",\"name\":\"MORE SUSTAINABLE &#187; Stylestore.com CH | UK\",\"isPartOf\":{\"@id\":\"https:\/\/stylestore.com\/ch\/#website\"},\"datePublished\":\"2019-08-29T14:16:28+00:00\",\"dateModified\":\"2019-09-16T17:15:17+00:00\",\"inLanguage\":\"de\",\"potentialAction\":[{\"@type\":\"ReadAction\",\"target\":[\"https:\/\/stylestore.com\/ch\/more-sustainable\/\"]}]},{\"@type\":\"WebSite\",\"@id\":\"https:\/\/stylestore.com\/ch\/#website\",\"url\":\"https:\/\/stylestore.com\/ch\/\",\"name\":\"Stylestore.com CH | UK\",\"description\":\"\",\"potentialAction\":[{\"@type\":\"SearchAction\",\"target\":{\"@type\":\"EntryPoint\",\"urlTemplate\":\"https:\/\/stylestore.com\/ch\/?s={search_term_string}\"},\"query-input\":{\"@type\":\"PropertyValueSpecification\",\"valueRequired\":true,\"valueName\":\"search_term_string\"}}],\"inLanguage\":\"de\"}]}<\/script>\n<!-- \/ Yoast SEO plugin. -->","yoast_head_json":{"title":"MORE SUSTAINABLE &#187; Stylestore.com CH | UK","robots":{"index":"index","follow":"follow","max-snippet":"max-snippet:-1","max-image-preview":"max-image-preview:large","max-video-preview":"max-video-preview:-1"},"canonical":"https:\/\/stylestore.com\/ch\/more-sustainable\/","og_locale":"de_DE","og_type":"article","og_title":"MORE SUSTAINABLE &#187; Stylestore.com CH | UK","og_url":"https:\/\/stylestore.com\/ch\/more-sustainable\/","og_site_name":"Stylestore.com CH | UK","article_modified_time":"2019-09-16T17:15:17+00:00","twitter_card":"summary_large_image","schema":{"@context":"https:\/\/schema.org","@graph":[{"@type":"WebPage","@id":"https:\/\/stylestore.com\/ch\/more-sustainable\/","url":"https:\/\/stylestore.com\/ch\/more-sustainable\/","name":"MORE SUSTAINABLE &#187; Stylestore.com CH | UK","isPartOf":{"@id":"https:\/\/stylestore.com\/ch\/#website"},"datePublished":"2019-08-29T14:16:28+00:00","dateModified":"2019-09-16T17:15:17+00:00","inLanguage":"de","potentialAction":[{"@type":"ReadAction","target":["https:\/\/stylestore.com\/ch\/more-sustainable\/"]}]},{"@type":"WebSite","@id":"https:\/\/stylestore.com\/ch\/#website","url":"https:\/\/stylestore.com\/ch\/","name":"Stylestore.com CH | UK","description":"","potentialAction":[{"@type":"SearchAction","target":{"@type":"EntryPoint","urlTemplate":"https:\/\/stylestore.com\/ch\/?s={search_term_string}"},"query-input":{"@type":"PropertyValueSpecification","valueRequired":true,"valueName":"search_term_string"}}],"inLanguage":"de"}]}},"_links":{"self":[{"href":"https:\/\/stylestore.com\/ch\/wp-json\/wp\/v2\/pages\/6817","targetHints":{"allow":["GET"]}}],"collection":[{"href":"https:\/\/stylestore.com\/ch\/wp-json\/wp\/v2\/pages"}],"about":[{"href":"https:\/\/stylestore.com\/ch\/wp-json\/wp\/v2\/types\/page"}],"author":[{"embeddable":true,"href":"https:\/\/stylestore.com\/ch\/wp-json\/wp\/v2\/users\/4"}],"replies":[{"embeddable":true,"href":"https:\/\/stylestore.com\/ch\/wp-json\/wp\/v2\/comments?post=6817"}],"version-history":[{"count":0,"href":"https:\/\/stylestore.com\/ch\/wp-json\/wp\/v2\/pages\/6817\/revisions"}],"wp:attachment":[{"href":"https:\/\/stylestore.com\/ch\/wp-json\/wp\/v2\/media?parent=6817"}],"curies":[{"name":"wp","href":"https:\/\/api.w.org\/{rel}","templated":true}]}}