{"id":315172,"date":"2020-11-24T13:41:19","date_gmt":"2020-11-24T12:41:19","guid":{"rendered":"https:\/\/stylestore.com\/ch\/?page_id=315172"},"modified":"2024-02-07T13:15:25","modified_gmt":"2024-02-07T12:15:25","slug":"shop-the-look","status":"publish","type":"page","link":"https:\/\/stylestore.com\/ch\/shop-the-look\/","title":{"rendered":"Shop the look"},"content":{"rendered":"\t\t<div data-elementor-type=\"wp-page\" data-elementor-id=\"315172\" class=\"elementor elementor-315172\">\n\t\t\t\t\t\t<section class=\"elementor-section elementor-top-section elementor-element elementor-element-28be199e elementor-section-boxed elementor-section-height-default elementor-section-height-default\" data-id=\"28be199e\" data-element_type=\"section\" data-settings=\"{&quot;jet_parallax_layout_list&quot;:[{&quot;_id&quot;:&quot;4d9f41d&quot;,&quot;jet_parallax_layout_image&quot;:{&quot;url&quot;:&quot;&quot;,&quot;id&quot;:&quot;&quot;,&quot;size&quot;:&quot;&quot;},&quot;jet_parallax_layout_image_tablet&quot;:{&quot;url&quot;:&quot;&quot;,&quot;id&quot;:&quot;&quot;,&quot;size&quot;:&quot;&quot;},&quot;jet_parallax_layout_image_mobile&quot;:{&quot;url&quot;:&quot;&quot;,&quot;id&quot;:&quot;&quot;,&quot;size&quot;:&quot;&quot;},&quot;jet_parallax_layout_speed&quot;:{&quot;unit&quot;:&quot;%&quot;,&quot;size&quot;:50,&quot;sizes&quot;:[]},&quot;jet_parallax_layout_type&quot;:&quot;scroll&quot;,&quot;jet_parallax_layout_direction&quot;:null,&quot;jet_parallax_layout_fx_direction&quot;:null,&quot;jet_parallax_layout_z_index&quot;:&quot;&quot;,&quot;jet_parallax_layout_bg_x&quot;:50,&quot;jet_parallax_layout_bg_x_tablet&quot;:&quot;&quot;,&quot;jet_parallax_layout_bg_x_mobile&quot;:&quot;&quot;,&quot;jet_parallax_layout_bg_y&quot;:50,&quot;jet_parallax_layout_bg_y_tablet&quot;:&quot;&quot;,&quot;jet_parallax_layout_bg_y_mobile&quot;:&quot;&quot;,&quot;jet_parallax_layout_bg_size&quot;:&quot;auto&quot;,&quot;jet_parallax_layout_bg_size_tablet&quot;:&quot;&quot;,&quot;jet_parallax_layout_bg_size_mobile&quot;:&quot;&quot;,&quot;jet_parallax_layout_animation_prop&quot;:&quot;transform&quot;,&quot;jet_parallax_layout_on&quot;:[&quot;desktop&quot;,&quot;tablet&quot;]}]}\">\n\t\t\t\t\t\t<div class=\"elementor-container elementor-column-gap-default\">\n\t\t\t\t\t<div class=\"elementor-column elementor-col-100 elementor-top-column elementor-element elementor-element-4e20e0ee\" data-id=\"4e20e0ee\" data-element_type=\"column\">\n\t\t\t<div class=\"elementor-widget-wrap elementor-element-populated\">\n\t\t\t\t\t\t<div class=\"elementor-element elementor-element-636d037d elementor-widget elementor-widget-heading\" data-id=\"636d037d\" data-element_type=\"widget\" data-widget_type=\"heading.default\">\n\t\t\t\t<div class=\"elementor-widget-container\">\n\t\t\t<h1 class=\"elementor-heading-title elementor-size-default\">Shop the look<\/h1>\t\t<\/div>\n\t\t\t\t<\/div>\n\t\t\t\t\t<\/div>\n\t\t<\/div>\n\t\t\t\t\t<\/div>\n\t\t<\/section>\n\t\t\t\t<section class=\"elementor-section elementor-top-section elementor-element elementor-element-d39ab2a elementor-section-boxed elementor-section-height-default elementor-section-height-default\" data-id=\"d39ab2a\" data-element_type=\"section\" data-settings=\"{&quot;jet_parallax_layout_list&quot;:[{&quot;jet_parallax_layout_image&quot;:{&quot;url&quot;:&quot;&quot;,&quot;id&quot;:&quot;&quot;,&quot;size&quot;:&quot;&quot;},&quot;_id&quot;:&quot;d83f5b1&quot;,&quot;jet_parallax_layout_image_tablet&quot;:{&quot;url&quot;:&quot;&quot;,&quot;id&quot;:&quot;&quot;,&quot;size&quot;:&quot;&quot;},&quot;jet_parallax_layout_image_mobile&quot;:{&quot;url&quot;:&quot;&quot;,&quot;id&quot;:&quot;&quot;,&quot;size&quot;:&quot;&quot;},&quot;jet_parallax_layout_speed&quot;:{&quot;unit&quot;:&quot;%&quot;,&quot;size&quot;:50,&quot;sizes&quot;:[]},&quot;jet_parallax_layout_type&quot;:&quot;scroll&quot;,&quot;jet_parallax_layout_direction&quot;:null,&quot;jet_parallax_layout_fx_direction&quot;:null,&quot;jet_parallax_layout_z_index&quot;:&quot;&quot;,&quot;jet_parallax_layout_bg_x&quot;:50,&quot;jet_parallax_layout_bg_x_tablet&quot;:&quot;&quot;,&quot;jet_parallax_layout_bg_x_mobile&quot;:&quot;&quot;,&quot;jet_parallax_layout_bg_y&quot;:50,&quot;jet_parallax_layout_bg_y_tablet&quot;:&quot;&quot;,&quot;jet_parallax_layout_bg_y_mobile&quot;:&quot;&quot;,&quot;jet_parallax_layout_bg_size&quot;:&quot;auto&quot;,&quot;jet_parallax_layout_bg_size_tablet&quot;:&quot;&quot;,&quot;jet_parallax_layout_bg_size_mobile&quot;:&quot;&quot;,&quot;jet_parallax_layout_animation_prop&quot;:&quot;transform&quot;,&quot;jet_parallax_layout_on&quot;:[&quot;desktop&quot;,&quot;tablet&quot;]}]}\">\n\t\t\t\t\t\t<div class=\"elementor-container elementor-column-gap-default\">\n\t\t\t\t\t<div class=\"elementor-column elementor-col-100 elementor-top-column elementor-element elementor-element-457c7a9\" data-id=\"457c7a9\" data-element_type=\"column\">\n\t\t\t<div class=\"elementor-widget-wrap elementor-element-populated\">\n\t\t\t\t\t\t<div class=\"elementor-element elementor-element-86fa643 elementor-widget elementor-widget-heading\" data-id=\"86fa643\" data-element_type=\"widget\" data-widget_type=\"heading.default\">\n\t\t\t\t<div class=\"elementor-widget-container\">\n\t\t\t<h2 class=\"elementor-heading-title elementor-size-default\">Mit unserem Shop The Look haben wir Ihr Einkaufserlebnis noch nahtloser gestaltet. Hier erhalten Sie neue, k\u00f6stliche Outfits aus exklusiven Materialien in \u00fcberragender Qualit\u00e4t zu absolut scharf Preisen.<br>Only a few clicks and you can dress to impress.<\/h2>\t\t<\/div>\n\t\t\t\t<\/div>\n\t\t\t\t\t<\/div>\n\t\t<\/div>\n\t\t\t\t\t<\/div>\n\t\t<\/section>\n\t\t\t\t<section class=\"elementor-section elementor-top-section elementor-element elementor-element-78d6f773 elementor-section-full_width elementor-section-stretched elementor-section-height-default elementor-section-height-default\" data-id=\"78d6f773\" data-element_type=\"section\" data-settings=\"{&quot;stretch_section&quot;:&quot;section-stretched&quot;,&quot;jet_parallax_layout_list&quot;:[{&quot;_id&quot;:&quot;0f24c87&quot;,&quot;jet_parallax_layout_image&quot;:{&quot;url&quot;:&quot;&quot;,&quot;id&quot;:&quot;&quot;,&quot;size&quot;:&quot;&quot;},&quot;jet_parallax_layout_image_tablet&quot;:{&quot;url&quot;:&quot;&quot;,&quot;id&quot;:&quot;&quot;,&quot;size&quot;:&quot;&quot;},&quot;jet_parallax_layout_image_mobile&quot;:{&quot;url&quot;:&quot;&quot;,&quot;id&quot;:&quot;&quot;,&quot;size&quot;:&quot;&quot;},&quot;jet_parallax_layout_speed&quot;:{&quot;unit&quot;:&quot;%&quot;,&quot;size&quot;:50,&quot;sizes&quot;:[]},&quot;jet_parallax_layout_type&quot;:&quot;scroll&quot;,&quot;jet_parallax_layout_direction&quot;:null,&quot;jet_parallax_layout_fx_direction&quot;:null,&quot;jet_parallax_layout_z_index&quot;:&quot;&quot;,&quot;jet_parallax_layout_bg_x&quot;:50,&quot;jet_parallax_layout_bg_x_tablet&quot;:&quot;&quot;,&quot;jet_parallax_layout_bg_x_mobile&quot;:&quot;&quot;,&quot;jet_parallax_layout_bg_y&quot;:50,&quot;jet_parallax_layout_bg_y_tablet&quot;:&quot;&quot;,&quot;jet_parallax_layout_bg_y_mobile&quot;:&quot;&quot;,&quot;jet_parallax_layout_bg_size&quot;:&quot;auto&quot;,&quot;jet_parallax_layout_bg_size_tablet&quot;:&quot;&quot;,&quot;jet_parallax_layout_bg_size_mobile&quot;:&quot;&quot;,&quot;jet_parallax_layout_animation_prop&quot;:&quot;transform&quot;,&quot;jet_parallax_layout_on&quot;:[&quot;desktop&quot;,&quot;tablet&quot;]}]}\">\n\t\t\t\t\t\t<div class=\"elementor-container elementor-column-gap-default\">\n\t\t\t\t\t<div class=\"elementor-column elementor-col-100 elementor-top-column elementor-element elementor-element-1c4eb0d6\" data-id=\"1c4eb0d6\" data-element_type=\"column\">\n\t\t\t<div class=\"elementor-widget-wrap elementor-element-populated\">\n\t\t\t\t\t\t<div class=\"elementor-element elementor-element-24f06d85 elementor-widget elementor-widget-jet-posts\" data-id=\"24f06d85\" data-element_type=\"widget\" data-settings=\"{&quot;columns&quot;:&quot;4&quot;,&quot;columns_tablet&quot;:&quot;2&quot;,&quot;columns_mobile&quot;:&quot;2&quot;,&quot;slides_to_scroll&quot;:&quot;1&quot;}\" data-widget_type=\"jet-posts.default\">\n\t\t\t\t<div class=\"elementor-widget-container\">\n\t\t\t<div class=\"elementor-jet-posts jet-elements\"><div class=\"jet-posts col-row \"><\/div>\n<\/div>\t\t<\/div>\n\t\t\t\t<\/div>\n\t\t\t\t\t<\/div>\n\t\t<\/div>\n\t\t\t\t\t<\/div>\n\t\t<\/section>\n\t\t\t\t<\/div>\n\t\t","protected":false},"excerpt":{"rendered":"","protected":false},"author":11,"featured_media":0,"parent":0,"menu_order":0,"comment_status":"closed","ping_status":"closed","template":"","meta":{"_acf_changed":false,"footnotes":""},"class_list":["post-315172","page","type-page","status-publish","hentry"],"acf":[],"yoast_head":"<!-- This site is optimized with the Yoast SEO plugin v23.8 - https:\/\/yoast.com\/wordpress\/plugins\/seo\/ -->\n<title>Shop the look | nahtloses Einkaufen &#187; Stylestore.com CH | UK<\/title>\n<meta name=\"description\" content=\"Mit unserem Shop The Look haben wir Ihr Einkaufserlebnis noch nahtloser gestaltet. Hier erhalten Sie Outfits aus exklusiven Materialien zu scharf kalkulierten Preisen.\" \/>\n<meta name=\"robots\" content=\"index, follow, max-snippet:-1, max-image-preview:large, max-video-preview:-1\" \/>\n<link rel=\"canonical\" href=\"https:\/\/stylestore.com\/ch\/shop-the-look\/\" \/>\n<meta property=\"og:locale\" content=\"de_DE\" \/>\n<meta property=\"og:type\" content=\"article\" \/>\n<meta property=\"og:title\" content=\"Shop the look | nahtloses Einkaufen &#187; Stylestore.com CH | UK\" \/>\n<meta property=\"og:description\" content=\"Mit unserem Shop The Look haben wir Ihr Einkaufserlebnis noch nahtloser gestaltet. Hier erhalten Sie Outfits aus exklusiven Materialien zu scharf kalkulierten Preisen.\" \/>\n<meta property=\"og:url\" content=\"https:\/\/stylestore.com\/ch\/shop-the-look\/\" \/>\n<meta property=\"og:site_name\" content=\"Stylestore.com CH | UK\" \/>\n<meta property=\"article:modified_time\" content=\"2024-02-07T12:15:25+00:00\" \/>\n<meta property=\"og:image\" content=\"https:\/\/stylestore.com\/ch\/wp-content\/uploads\/sites\/10\/2024\/02\/WBLKAREN-PINSTRIPE-BLAZER-Blue-Nights-Pinstripe-11.jpg\" \/>\n<meta name=\"twitter:card\" content=\"summary_large_image\" \/>\n<meta name=\"twitter:label1\" content=\"Gesch\u00e4tzte Lesezeit\" \/>\n\t<meta name=\"twitter:data1\" content=\"20\u00a0Minuten\" \/>\n<script type=\"application\/ld+json\" class=\"yoast-schema-graph\">{\"@context\":\"https:\/\/schema.org\",\"@graph\":[{\"@type\":\"WebPage\",\"@id\":\"https:\/\/stylestore.com\/ch\/shop-the-look\/\",\"url\":\"https:\/\/stylestore.com\/ch\/shop-the-look\/\",\"name\":\"Shop the look | nahtloses Einkaufen &#187; Stylestore.com CH | UK\",\"isPartOf\":{\"@id\":\"https:\/\/stylestore.com\/ch\/#website\"},\"primaryImageOfPage\":{\"@id\":\"https:\/\/stylestore.com\/ch\/shop-the-look\/#primaryimage\"},\"image\":{\"@id\":\"https:\/\/stylestore.com\/ch\/shop-the-look\/#primaryimage\"},\"thumbnailUrl\":\"https:\/\/stylestore.com\/ch\/wp-content\/uploads\/sites\/10\/2024\/02\/WBLKAREN-PINSTRIPE-BLAZER-Blue-Nights-Pinstripe-11.jpg\",\"datePublished\":\"2020-11-24T12:41:19+00:00\",\"dateModified\":\"2024-02-07T12:15:25+00:00\",\"description\":\"Mit unserem Shop The Look haben wir Ihr Einkaufserlebnis noch nahtloser gestaltet. Hier erhalten Sie Outfits aus exklusiven Materialien zu scharf kalkulierten Preisen.\",\"inLanguage\":\"de\",\"potentialAction\":[{\"@type\":\"ReadAction\",\"target\":[\"https:\/\/stylestore.com\/ch\/shop-the-look\/\"]}]},{\"@type\":\"ImageObject\",\"inLanguage\":\"de\",\"@id\":\"https:\/\/stylestore.com\/ch\/shop-the-look\/#primaryimage\",\"url\":\"https:\/\/stylestore.com\/ch\/wp-content\/uploads\/sites\/10\/2024\/02\/WBLKAREN-PINSTRIPE-BLAZER-Blue-Nights-Pinstripe-11.jpg\",\"contentUrl\":\"https:\/\/stylestore.com\/ch\/wp-content\/uploads\/sites\/10\/2024\/02\/WBLKAREN-PINSTRIPE-BLAZER-Blue-Nights-Pinstripe-11.jpg\",\"width\":1067,\"height\":1600},{\"@type\":\"WebSite\",\"@id\":\"https:\/\/stylestore.com\/ch\/#website\",\"url\":\"https:\/\/stylestore.com\/ch\/\",\"name\":\"Stylestore.com CH | UK\",\"description\":\"\",\"potentialAction\":[{\"@type\":\"SearchAction\",\"target\":{\"@type\":\"EntryPoint\",\"urlTemplate\":\"https:\/\/stylestore.com\/ch\/?s={search_term_string}\"},\"query-input\":{\"@type\":\"PropertyValueSpecification\",\"valueRequired\":true,\"valueName\":\"search_term_string\"}}],\"inLanguage\":\"de\"}]}<\/script>\n<!-- \/ Yoast SEO plugin. -->","yoast_head_json":{"title":"Shop the look | nahtloses Einkaufen &#187; Stylestore.com CH | UK","description":"Mit unserem Shop The Look haben wir Ihr Einkaufserlebnis noch nahtloser gestaltet. Hier erhalten Sie Outfits aus exklusiven Materialien zu scharf kalkulierten Preisen.","robots":{"index":"index","follow":"follow","max-snippet":"max-snippet:-1","max-image-preview":"max-image-preview:large","max-video-preview":"max-video-preview:-1"},"canonical":"https:\/\/stylestore.com\/ch\/shop-the-look\/","og_locale":"de_DE","og_type":"article","og_title":"Shop the look | nahtloses Einkaufen &#187; Stylestore.com CH | UK","og_description":"Mit unserem Shop The Look haben wir Ihr Einkaufserlebnis noch nahtloser gestaltet. Hier erhalten Sie Outfits aus exklusiven Materialien zu scharf kalkulierten Preisen.","og_url":"https:\/\/stylestore.com\/ch\/shop-the-look\/","og_site_name":"Stylestore.com CH | UK","article_modified_time":"2024-02-07T12:15:25+00:00","og_image":[{"url":"https:\/\/stylestore.com\/ch\/wp-content\/uploads\/sites\/10\/2024\/02\/WBLKAREN-PINSTRIPE-BLAZER-Blue-Nights-Pinstripe-11.jpg"}],"twitter_card":"summary_large_image","twitter_misc":{"Gesch\u00e4tzte Lesezeit":"20\u00a0Minuten"},"schema":{"@context":"https:\/\/schema.org","@graph":[{"@type":"WebPage","@id":"https:\/\/stylestore.com\/ch\/shop-the-look\/","url":"https:\/\/stylestore.com\/ch\/shop-the-look\/","name":"Shop the look | nahtloses Einkaufen &#187; Stylestore.com CH | UK","isPartOf":{"@id":"https:\/\/stylestore.com\/ch\/#website"},"primaryImageOfPage":{"@id":"https:\/\/stylestore.com\/ch\/shop-the-look\/#primaryimage"},"image":{"@id":"https:\/\/stylestore.com\/ch\/shop-the-look\/#primaryimage"},"thumbnailUrl":"https:\/\/stylestore.com\/ch\/wp-content\/uploads\/sites\/10\/2024\/02\/WBLKAREN-PINSTRIPE-BLAZER-Blue-Nights-Pinstripe-11.jpg","datePublished":"2020-11-24T12:41:19+00:00","dateModified":"2024-02-07T12:15:25+00:00","description":"Mit unserem Shop The Look haben wir Ihr Einkaufserlebnis noch nahtloser gestaltet. Hier erhalten Sie Outfits aus exklusiven Materialien zu scharf kalkulierten Preisen.","inLanguage":"de","potentialAction":[{"@type":"ReadAction","target":["https:\/\/stylestore.com\/ch\/shop-the-look\/"]}]},{"@type":"ImageObject","inLanguage":"de","@id":"https:\/\/stylestore.com\/ch\/shop-the-look\/#primaryimage","url":"https:\/\/stylestore.com\/ch\/wp-content\/uploads\/sites\/10\/2024\/02\/WBLKAREN-PINSTRIPE-BLAZER-Blue-Nights-Pinstripe-11.jpg","contentUrl":"https:\/\/stylestore.com\/ch\/wp-content\/uploads\/sites\/10\/2024\/02\/WBLKAREN-PINSTRIPE-BLAZER-Blue-Nights-Pinstripe-11.jpg","width":1067,"height":1600},{"@type":"WebSite","@id":"https:\/\/stylestore.com\/ch\/#website","url":"https:\/\/stylestore.com\/ch\/","name":"Stylestore.com CH | UK","description":"","potentialAction":[{"@type":"SearchAction","target":{"@type":"EntryPoint","urlTemplate":"https:\/\/stylestore.com\/ch\/?s={search_term_string}"},"query-input":{"@type":"PropertyValueSpecification","valueRequired":true,"valueName":"search_term_string"}}],"inLanguage":"de"}]}},"_links":{"self":[{"href":"https:\/\/stylestore.com\/ch\/wp-json\/wp\/v2\/pages\/315172","targetHints":{"allow":["GET"]}}],"collection":[{"href":"https:\/\/stylestore.com\/ch\/wp-json\/wp\/v2\/pages"}],"about":[{"href":"https:\/\/stylestore.com\/ch\/wp-json\/wp\/v2\/types\/page"}],"author":[{"embeddable":true,"href":"https:\/\/stylestore.com\/ch\/wp-json\/wp\/v2\/users\/11"}],"replies":[{"embeddable":true,"href":"https:\/\/stylestore.com\/ch\/wp-json\/wp\/v2\/comments?post=315172"}],"version-history":[{"count":15,"href":"https:\/\/stylestore.com\/ch\/wp-json\/wp\/v2\/pages\/315172\/revisions"}],"predecessor-version":[{"id":544825,"href":"https:\/\/stylestore.com\/ch\/wp-json\/wp\/v2\/pages\/315172\/revisions\/544825"}],"wp:attachment":[{"href":"https:\/\/stylestore.com\/ch\/wp-json\/wp\/v2\/media?parent=315172"}],"curies":[{"name":"wp","href":"https:\/\/api.w.org\/{rel}","templated":true}]}}