{"id":1214,"date":"2019-07-11T07:02:23","date_gmt":"2019-07-11T07:02:23","guid":{"rendered":"https:\/\/stylestore.com\/ch\/?page_id=1214"},"modified":"2022-11-15T15:15:55","modified_gmt":"2022-11-15T14:15:55","slug":"shipping","status":"publish","type":"page","link":"https:\/\/stylestore.com\/ch\/shipping\/","title":{"rendered":"Versand"},"content":{"rendered":"\t\t<div data-elementor-type=\"wp-page\" data-elementor-id=\"1214\" class=\"elementor elementor-1214\">\n\t\t\t\t\t\t<section class=\"elementor-section elementor-top-section elementor-element elementor-element-81a0ed5 elementor-section-boxed elementor-section-height-default elementor-section-height-default\" data-id=\"81a0ed5\" data-element_type=\"section\" data-settings=\"{&quot;jet_parallax_layout_list&quot;:[{&quot;jet_parallax_layout_image&quot;:{&quot;url&quot;:&quot;&quot;,&quot;id&quot;:&quot;&quot;,&quot;size&quot;:&quot;&quot;},&quot;_id&quot;:&quot;8720ce1&quot;,&quot;jet_parallax_layout_image_tablet&quot;:{&quot;url&quot;:&quot;&quot;,&quot;id&quot;:&quot;&quot;,&quot;size&quot;:&quot;&quot;},&quot;jet_parallax_layout_image_mobile&quot;:{&quot;url&quot;:&quot;&quot;,&quot;id&quot;:&quot;&quot;,&quot;size&quot;:&quot;&quot;},&quot;jet_parallax_layout_speed&quot;:{&quot;unit&quot;:&quot;%&quot;,&quot;size&quot;:50,&quot;sizes&quot;:[]},&quot;jet_parallax_layout_type&quot;:&quot;scroll&quot;,&quot;jet_parallax_layout_direction&quot;:null,&quot;jet_parallax_layout_fx_direction&quot;:null,&quot;jet_parallax_layout_z_index&quot;:&quot;&quot;,&quot;jet_parallax_layout_bg_x&quot;:50,&quot;jet_parallax_layout_bg_x_tablet&quot;:&quot;&quot;,&quot;jet_parallax_layout_bg_x_mobile&quot;:&quot;&quot;,&quot;jet_parallax_layout_bg_y&quot;:50,&quot;jet_parallax_layout_bg_y_tablet&quot;:&quot;&quot;,&quot;jet_parallax_layout_bg_y_mobile&quot;:&quot;&quot;,&quot;jet_parallax_layout_bg_size&quot;:&quot;auto&quot;,&quot;jet_parallax_layout_bg_size_tablet&quot;:&quot;&quot;,&quot;jet_parallax_layout_bg_size_mobile&quot;:&quot;&quot;,&quot;jet_parallax_layout_animation_prop&quot;:&quot;transform&quot;,&quot;jet_parallax_layout_on&quot;:[&quot;desktop&quot;,&quot;tablet&quot;]}],&quot;background_background&quot;:&quot;classic&quot;}\">\n\t\t\t\t\t\t\t<div class=\"elementor-background-overlay\"><\/div>\n\t\t\t\t\t\t\t<div class=\"elementor-container elementor-column-gap-default\">\n\t\t\t\t\t<div class=\"elementor-column elementor-col-100 elementor-top-column elementor-element elementor-element-ade712d\" data-id=\"ade712d\" data-element_type=\"column\">\n\t\t\t<div class=\"elementor-widget-wrap elementor-element-populated\">\n\t\t\t\t\t\t<div class=\"elementor-element elementor-element-1d37586 elementor-widget elementor-widget-heading\" data-id=\"1d37586\" data-element_type=\"widget\" data-widget_type=\"heading.default\">\n\t\t\t\t<div class=\"elementor-widget-container\">\n\t\t\t<h1 class=\"elementor-heading-title elementor-size-default\">Versand<\/h1>\t\t<\/div>\n\t\t\t\t<\/div>\n\t\t\t\t\t<\/div>\n\t\t<\/div>\n\t\t\t\t\t<\/div>\n\t\t<\/section>\n\t\t\t\t<section class=\"elementor-section elementor-top-section elementor-element elementor-element-3bd3ed1 returns elementor-section-boxed elementor-section-height-default elementor-section-height-default\" data-id=\"3bd3ed1\" data-element_type=\"section\" data-settings=\"{&quot;jet_parallax_layout_list&quot;:[{&quot;jet_parallax_layout_image&quot;:{&quot;url&quot;:&quot;&quot;,&quot;id&quot;:&quot;&quot;,&quot;size&quot;:&quot;&quot;},&quot;_id&quot;:&quot;b1c1286&quot;,&quot;jet_parallax_layout_image_tablet&quot;:{&quot;url&quot;:&quot;&quot;,&quot;id&quot;:&quot;&quot;,&quot;size&quot;:&quot;&quot;},&quot;jet_parallax_layout_image_mobile&quot;:{&quot;url&quot;:&quot;&quot;,&quot;id&quot;:&quot;&quot;,&quot;size&quot;:&quot;&quot;},&quot;jet_parallax_layout_speed&quot;:{&quot;unit&quot;:&quot;%&quot;,&quot;size&quot;:50,&quot;sizes&quot;:[]},&quot;jet_parallax_layout_type&quot;:&quot;scroll&quot;,&quot;jet_parallax_layout_direction&quot;:null,&quot;jet_parallax_layout_fx_direction&quot;:null,&quot;jet_parallax_layout_z_index&quot;:&quot;&quot;,&quot;jet_parallax_layout_bg_x&quot;:50,&quot;jet_parallax_layout_bg_x_tablet&quot;:&quot;&quot;,&quot;jet_parallax_layout_bg_x_mobile&quot;:&quot;&quot;,&quot;jet_parallax_layout_bg_y&quot;:50,&quot;jet_parallax_layout_bg_y_tablet&quot;:&quot;&quot;,&quot;jet_parallax_layout_bg_y_mobile&quot;:&quot;&quot;,&quot;jet_parallax_layout_bg_size&quot;:&quot;auto&quot;,&quot;jet_parallax_layout_bg_size_tablet&quot;:&quot;&quot;,&quot;jet_parallax_layout_bg_size_mobile&quot;:&quot;&quot;,&quot;jet_parallax_layout_animation_prop&quot;:&quot;transform&quot;,&quot;jet_parallax_layout_on&quot;:[&quot;desktop&quot;,&quot;tablet&quot;]}]}\">\n\t\t\t\t\t\t<div class=\"elementor-container elementor-column-gap-default\">\n\t\t\t\t\t<div class=\"elementor-column elementor-col-100 elementor-top-column elementor-element elementor-element-b245a0a\" data-id=\"b245a0a\" data-element_type=\"column\">\n\t\t\t<div class=\"elementor-widget-wrap elementor-element-populated\">\n\t\t\t\t\t\t<div class=\"elementor-element elementor-element-5849dfa elementor-widget elementor-widget-heading\" data-id=\"5849dfa\" data-element_type=\"widget\" data-widget_type=\"heading.default\">\n\t\t\t\t<div class=\"elementor-widget-container\">\n\t\t\t<h2 class=\"elementor-heading-title elementor-size-default\">Versand<\/h2>\t\t<\/div>\n\t\t\t\t<\/div>\n\t\t\t\t<div class=\"elementor-element elementor-element-303903b elementor-widget elementor-widget-text-editor\" data-id=\"303903b\" data-element_type=\"widget\" data-widget_type=\"text-editor.default\">\n\t\t\t\t<div class=\"elementor-widget-container\">\n\t\t\t\t\t\t\t<p>Wir senden Ihre Bestellung innerhalb von 1-3 Werktage nach Bestellung. Bitte haben Sie Verst\u00e4ndnis das es zu l\u00e4ngeren Lieferungszeiten kommen kann von 5-7 Werktage bei hoch Betrieb. Alle Bestellungen werden durch DHL oder GLS versendet.2<\/p>\t\t\t\t\t\t<\/div>\n\t\t\t\t<\/div>\n\t\t\t\t<div class=\"elementor-element elementor-element-8c8f20b elementor-widget elementor-widget-heading\" data-id=\"8c8f20b\" data-element_type=\"widget\" data-widget_type=\"heading.default\">\n\t\t\t\t<div class=\"elementor-widget-container\">\n\t\t\t<h3 class=\"elementor-heading-title elementor-size-default\">LIEFERUNG AUSSERHALB D\u00c4NEMARK<\/h3>\t\t<\/div>\n\t\t\t\t<\/div>\n\t\t\t\t<div class=\"elementor-element elementor-element-7c0d0e8 elementor-widget-divider--view-line elementor-widget elementor-widget-divider\" data-id=\"7c0d0e8\" data-element_type=\"widget\" data-widget_type=\"divider.default\">\n\t\t\t\t<div class=\"elementor-widget-container\">\n\t\t\t\t\t<div class=\"elementor-divider\">\n\t\t\t<span class=\"elementor-divider-separator\">\n\t\t\t\t\t\t<\/span>\n\t\t<\/div>\n\t\t\t\t<\/div>\n\t\t\t\t<\/div>\n\t\t\t\t<div class=\"elementor-element elementor-element-06ebaba size-guide elementor-widget elementor-widget-jet-table\" data-id=\"06ebaba\" data-element_type=\"widget\" data-widget_type=\"jet-table.default\">\n\t\t\t\t<div class=\"elementor-widget-container\">\n\t\t\t<div class=\"elementor-jet-table jet-elements\">\n\t\t<div class=\"jet-table-wrapper jet-table-responsive-mobile jet-table-responsive-tablet\">\n\t\t\t<table class=\"jet-table jet-table--fa5-compat\">\n\t\t\t\t<thead class=\"jet-table__head\"><tr class=\"jet-table__head-row\"><th class=\"jet-table__cell elementor-repeater-item-b104216 jet-table__head-cell\" scope=\"col\"><div class=\"jet-table__cell-inner\"><div class=\"jet-table__cell-content\"><\/div><\/div><\/th><th class=\"jet-table__cell elementor-repeater-item-cc0e61c jet-table__head-cell\" scope=\"col\"><div class=\"jet-table__cell-inner\"><div class=\"jet-table__cell-content\"><div class=\"jet-table__cell-text\">Lieferzeit<\/div><\/div><\/div><\/th><th class=\"jet-table__cell elementor-repeater-item-5aaa7a4 jet-table__head-cell\" scope=\"col\"><div class=\"jet-table__cell-inner\"><div class=\"jet-table__cell-content\"><div class=\"jet-table__cell-text\">Lieferung<\/div><\/div><\/div><\/th><th class=\"jet-table__cell elementor-repeater-item-dc2e5f6 jet-table__head-cell\" scope=\"col\"><div class=\"jet-table__cell-inner\"><div class=\"jet-table__cell-content\"><div class=\"jet-table__cell-text\">Betrag<\/div><\/div><\/div><\/th><\/tr><\/thead>\n\t\t\t\t\t\t\t\t<tbody class=\"jet-table__body\"><tr class=\"jet-table__body-row elementor-repeater-item-c18c429\"><td class=\"jet-table__cell elementor-repeater-item-57fc318 jet-table__body-cell\"><div class=\"jet-table__cell-inner\"><div class=\"jet-table__cell-content\"><div class=\"jet-table__cell-text\">D\u00e4nemark<\/div><\/div><\/div><\/td><td class=\"jet-table__cell elementor-repeater-item-f018e55 jet-table__body-cell\"><div class=\"jet-table__cell-inner\"><div class=\"jet-table__cell-content\"><div class=\"jet-table__cell-text\">1-3 Tage<\/div><\/div><\/div><\/td><td class=\"jet-table__cell elementor-repeater-item-82a0141 jet-table__body-cell\"><div class=\"jet-table__cell-inner\"><div class=\"jet-table__cell-content\"><div class=\"jet-table__cell-text\">GLS<\/div><\/div><\/div><\/td><td class=\"jet-table__cell elementor-repeater-item-20225d7 jet-table__body-cell\"><div class=\"jet-table__cell-inner\"><div class=\"jet-table__cell-content\"><div class=\"jet-table__cell-text\">DKK 40,-<br>\n<span class=\"small-text\">Kostenloser Versand f\u00fcr Eink\u00e4ufe \u00fcber DKK 500,-<\/span><\/div><\/div><\/div><\/td><\/tr><tr class=\"jet-table__body-row elementor-repeater-item-f1dfb8c\"><td class=\"jet-table__cell elementor-repeater-item-40e4faf jet-table__body-cell\"><div class=\"jet-table__cell-inner\"><div class=\"jet-table__cell-content\"><div class=\"jet-table__cell-text\">D\u00e4nemark<\/div><\/div><\/div><\/td><td class=\"jet-table__cell elementor-repeater-item-c10c38c jet-table__body-cell\"><div class=\"jet-table__cell-inner\"><div class=\"jet-table__cell-content\"><div class=\"jet-table__cell-text\">1-3 Tage<\/div><\/div><\/div><\/td><td class=\"jet-table__cell elementor-repeater-item-3d8c1f7 jet-table__body-cell\"><div class=\"jet-table__cell-inner\"><div class=\"jet-table__cell-content\"><div class=\"jet-table__cell-text\">GLS Privatlieferung<\/div><\/div><\/div><\/td><td class=\"jet-table__cell elementor-repeater-item-08437a6 jet-table__body-cell\"><div class=\"jet-table__cell-inner\"><div class=\"jet-table__cell-content\"><div class=\"jet-table__cell-text\">DKK 45,-<br><span class=\"small-text\"> Kostenloser Versand f\u00fcr Eink\u00e4ufe \u00fcber DKK 500,-<\/span><\/div><\/div><\/div><\/td><\/tr><tr class=\"jet-table__body-row elementor-repeater-item-2404b82\"><td class=\"jet-table__cell elementor-repeater-item-f6393da jet-table__body-cell\"><div class=\"jet-table__cell-inner\"><div class=\"jet-table__cell-content\"><div class=\"jet-table__cell-text\">DHL EU-L\u00e4nder<\/div><\/div><\/div><\/td><td class=\"jet-table__cell elementor-repeater-item-cf3239f jet-table__body-cell\"><div class=\"jet-table__cell-inner\"><div class=\"jet-table__cell-content\"><div class=\"jet-table__cell-text\">1-3 Tage<\/div><\/div><\/div><\/td><td class=\"jet-table__cell elementor-repeater-item-b9c45c0 jet-table__body-cell\"><div class=\"jet-table__cell-inner\"><div class=\"jet-table__cell-content\"><div class=\"jet-table__cell-text\">DHL PAKET<\/div><\/div><\/div><\/td><td class=\"jet-table__cell elementor-repeater-item-8950ea2 jet-table__body-cell\"><div class=\"jet-table__cell-inner\"><div class=\"jet-table__cell-content\"><div class=\"jet-table__cell-text\">EUR 8<br><span class=\"small-text\"> Kostenloser Versand f\u00fcr Eink\u00e4ufe \u00fcber EUR 100<\/span><\/div><\/div><\/div><\/td><\/tr><tr class=\"jet-table__body-row elementor-repeater-item-aa93188\"><td class=\"jet-table__cell elementor-repeater-item-19e60c7 jet-table__body-cell\"><div class=\"jet-table__cell-inner\"><div class=\"jet-table__cell-content\"><div class=\"jet-table__cell-text\">DHL EU-L\u00e4nder<\/div><\/div><\/div><\/td><td class=\"jet-table__cell elementor-repeater-item-161d194 jet-table__body-cell\"><div class=\"jet-table__cell-inner\"><div class=\"jet-table__cell-content\"><div class=\"jet-table__cell-text\">1-2 Tage<\/div><\/div><\/div><\/td><td class=\"jet-table__cell elementor-repeater-item-5f2e50a jet-table__body-cell\"><div class=\"jet-table__cell-inner\"><div class=\"jet-table__cell-content\"><div class=\"jet-table__cell-text\">DHL EXPRESS<\/div><\/div><\/div><\/td><td class=\"jet-table__cell elementor-repeater-item-6327285 jet-table__body-cell\"><div class=\"jet-table__cell-inner\"><div class=\"jet-table__cell-content\"><div class=\"jet-table__cell-text\">EUR 10<br><span class=\"small-text\">Kostenloser Versand f\u00fcr Eink\u00e4ufe \u00fcber EUR 100<\/span><\/div><\/div><\/div><\/td><\/tr><tr class=\"jet-table__body-row elementor-repeater-item-0030d47\"><td class=\"jet-table__cell elementor-repeater-item-e12b717 jet-table__body-cell\"><div class=\"jet-table__cell-inner\"><div class=\"jet-table__cell-content\"><div class=\"jet-table__cell-text\">DHL NICHT-EU-L\u00e4nder<\/div><\/div><\/div><\/td><td class=\"jet-table__cell elementor-repeater-item-4018ff4 jet-table__body-cell\"><div class=\"jet-table__cell-inner\"><div class=\"jet-table__cell-content\"><div class=\"jet-table__cell-text\">2-4 Tage<\/div><\/div><\/div><\/td><td class=\"jet-table__cell elementor-repeater-item-a119f20 jet-table__body-cell\"><div class=\"jet-table__cell-inner\"><div class=\"jet-table__cell-content\"><div class=\"jet-table__cell-text\">DHL PAKET<\/div><\/div><\/div><\/td><td class=\"jet-table__cell elementor-repeater-item-4004bf4 jet-table__body-cell\"><div class=\"jet-table__cell-inner\"><div class=\"jet-table__cell-content\"><div class=\"jet-table__cell-text\">EUR 50<br><span class=\"small-text\">Kostenloser Versand f\u00fcr Eink\u00e4ufe \u00fcber EUR 130<\/span><\/div><\/div><\/div><\/td><\/tr><tr class=\"jet-table__body-row elementor-repeater-item-21f4665\"><td class=\"jet-table__cell elementor-repeater-item-5083619 jet-table__body-cell\"><div class=\"jet-table__cell-inner\"><div class=\"jet-table__cell-content\"><div class=\"jet-table__cell-text\">DHL NICHT EU<\/div><\/div><\/div><\/td><td class=\"jet-table__cell elementor-repeater-item-3708b0a jet-table__body-cell\"><div class=\"jet-table__cell-inner\"><div class=\"jet-table__cell-content\"><div class=\"jet-table__cell-text\">1-3 Tage<\/div><\/div><\/div><\/td><td class=\"jet-table__cell elementor-repeater-item-420bea4 jet-table__body-cell\"><div class=\"jet-table__cell-inner\"><div class=\"jet-table__cell-content\"><div class=\"jet-table__cell-text\">DHL EXPRESS<\/div><\/div><\/div><\/td><td class=\"jet-table__cell elementor-repeater-item-5d5944f jet-table__body-cell\"><div class=\"jet-table__cell-inner\"><div class=\"jet-table__cell-content\"><div class=\"jet-table__cell-text\">EUR 50<br><span class=\"small-text\">Kostenloser Versand f\u00fcr Eink\u00e4ufe \u00fcber EUR 130<\/span><\/div><\/div><\/div><\/td><\/tr><\/tbody>\n\t\t\t<\/table>\n\t\t<\/div>\n\n\t\t<\/div>\t\t<\/div>\n\t\t\t\t<\/div>\n\t\t\t\t<div class=\"elementor-element elementor-element-9e039fe elementor-widget elementor-widget-heading\" data-id=\"9e039fe\" data-element_type=\"widget\" data-widget_type=\"heading.default\">\n\t\t\t\t<div class=\"elementor-widget-container\">\n\t\t\t<h4 class=\"elementor-heading-title elementor-size-default\">WIE KANN ICH MEIN PAKET VERFOLGEN ODER MEINE FR\u00dcHEREN BESTELLUNGEN FINDEN?<\/h4>\t\t<\/div>\n\t\t\t\t<\/div>\n\t\t\t\t<div class=\"elementor-element elementor-element-9a1c5e6 elementor-widget elementor-widget-text-editor\" data-id=\"9a1c5e6\" data-element_type=\"widget\" data-widget_type=\"text-editor.default\">\n\t\t\t\t<div class=\"elementor-widget-container\">\n\t\t\t\t\t\t\tWir senden Ihnen eine Versandbest\u00e4tigung per E-Mail, wenn Ihre Bestellung unser Lager verl\u00e4sst. Sie erhalten dann einen Link, \u00fcber den Sie Ihre Bestellung verfolgen k\u00f6nnen. Sie k\u00f6nnen sich auch bei &#8220;Mein Konto&#8221; anmelden und auf &#8220;Meine Bestellungen&#8221; klicken.\t\t\t\t\t\t<\/div>\n\t\t\t\t<\/div>\n\t\t\t\t<div class=\"elementor-element elementor-element-7dc5c3e elementor-widget elementor-widget-heading\" data-id=\"7dc5c3e\" data-element_type=\"widget\" data-widget_type=\"heading.default\">\n\t\t\t\t<div class=\"elementor-widget-container\">\n\t\t\t<h4 class=\"elementor-heading-title elementor-size-default\">R\u00dcCKGABE &amp; UMTAUSCH<\/h4>\t\t<\/div>\n\t\t\t\t<\/div>\n\t\t\t\t<div class=\"elementor-element elementor-element-30d5de8 elementor-widget elementor-widget-text-editor\" data-id=\"30d5de8\" data-element_type=\"widget\" data-widget_type=\"text-editor.default\">\n\t\t\t\t<div class=\"elementor-widget-container\">\n\t\t\t\t\t\t\t<p>Weitere Informationen zu unseren R\u00fcckgabebedingungen finden Sie unter <strong><a href=\"\/deu\/returns\"><u>R\u00fcckgabe &amp; Umtausch<\/u><\/a>.<\/strong><\/p>\t\t\t\t\t\t<\/div>\n\t\t\t\t<\/div>\n\t\t\t\t\t<\/div>\n\t\t<\/div>\n\t\t\t\t\t<\/div>\n\t\t<\/section>\n\t\t\t\t<section class=\"elementor-section elementor-top-section elementor-element elementor-element-7cfb894 elementor-section-boxed elementor-section-height-default elementor-section-height-default\" data-id=\"7cfb894\" data-element_type=\"section\" data-settings=\"{&quot;jet_parallax_layout_list&quot;:[{&quot;jet_parallax_layout_image&quot;:{&quot;url&quot;:&quot;&quot;,&quot;id&quot;:&quot;&quot;,&quot;size&quot;:&quot;&quot;},&quot;_id&quot;:&quot;897d0b6&quot;,&quot;jet_parallax_layout_image_tablet&quot;:{&quot;url&quot;:&quot;&quot;,&quot;id&quot;:&quot;&quot;,&quot;size&quot;:&quot;&quot;},&quot;jet_parallax_layout_image_mobile&quot;:{&quot;url&quot;:&quot;&quot;,&quot;id&quot;:&quot;&quot;,&quot;size&quot;:&quot;&quot;},&quot;jet_parallax_layout_speed&quot;:{&quot;unit&quot;:&quot;%&quot;,&quot;size&quot;:50,&quot;sizes&quot;:[]},&quot;jet_parallax_layout_type&quot;:&quot;scroll&quot;,&quot;jet_parallax_layout_direction&quot;:null,&quot;jet_parallax_layout_fx_direction&quot;:null,&quot;jet_parallax_layout_z_index&quot;:&quot;&quot;,&quot;jet_parallax_layout_bg_x&quot;:50,&quot;jet_parallax_layout_bg_x_tablet&quot;:&quot;&quot;,&quot;jet_parallax_layout_bg_x_mobile&quot;:&quot;&quot;,&quot;jet_parallax_layout_bg_y&quot;:50,&quot;jet_parallax_layout_bg_y_tablet&quot;:&quot;&quot;,&quot;jet_parallax_layout_bg_y_mobile&quot;:&quot;&quot;,&quot;jet_parallax_layout_bg_size&quot;:&quot;auto&quot;,&quot;jet_parallax_layout_bg_size_tablet&quot;:&quot;&quot;,&quot;jet_parallax_layout_bg_size_mobile&quot;:&quot;&quot;,&quot;jet_parallax_layout_animation_prop&quot;:&quot;transform&quot;,&quot;jet_parallax_layout_on&quot;:[&quot;desktop&quot;,&quot;tablet&quot;]}]}\">\n\t\t\t\t\t\t<div class=\"elementor-container elementor-column-gap-default\">\n\t\t\t\t\t<div class=\"elementor-column elementor-col-100 elementor-top-column elementor-element elementor-element-42fd1d6\" data-id=\"42fd1d6\" data-element_type=\"column\">\n\t\t\t<div class=\"elementor-widget-wrap\">\n\t\t\t\t\t\t\t<\/div>\n\t\t<\/div>\n\t\t\t\t\t<\/div>\n\t\t<\/section>\n\t\t\t\t<\/div>\n\t\t","protected":false},"excerpt":{"rendered":"","protected":false},"author":11,"featured_media":0,"parent":0,"menu_order":0,"comment_status":"closed","ping_status":"closed","template":"","meta":{"_acf_changed":false,"footnotes":""},"class_list":["post-1214","page","type-page","status-publish","hentry"],"acf":[],"yoast_head":"<!-- This site is optimized with the Yoast SEO plugin v23.8 - https:\/\/yoast.com\/wordpress\/plugins\/seo\/ -->\n<title>Versand &#187; Stylestore.com CH | UK<\/title>\n<meta name=\"description\" content=\"We will send your order within 1-3 working days after ordering. All orders are shipped by DHL or GLS. Kostenloser Versand f\u00fcr Eink\u00e4ufe \u00fcber \u20ac 67.\" \/>\n<meta name=\"robots\" content=\"index, follow, max-snippet:-1, max-image-preview:large, max-video-preview:-1\" \/>\n<link rel=\"canonical\" href=\"https:\/\/stylestore.com\/ch\/versand\/\" \/>\n<meta property=\"og:locale\" content=\"de_DE\" \/>\n<meta property=\"og:type\" content=\"article\" \/>\n<meta property=\"og:title\" content=\"Versand &#187; Stylestore.com CH | UK\" \/>\n<meta property=\"og:description\" content=\"We will send your order within 1-3 working days after ordering. All orders are shipped by DHL or GLS. Kostenloser Versand f\u00fcr Eink\u00e4ufe \u00fcber \u20ac 67.\" \/>\n<meta property=\"og:url\" content=\"https:\/\/stylestore.com\/ch\/versand\/\" \/>\n<meta property=\"og:site_name\" content=\"Stylestore.com CH | UK\" \/>\n<meta property=\"article:modified_time\" content=\"2022-11-15T14:15:55+00:00\" \/>\n<meta name=\"twitter:card\" content=\"summary_large_image\" \/>\n<meta name=\"twitter:label1\" content=\"Gesch\u00e4tzte Lesezeit\" \/>\n\t<meta name=\"twitter:data1\" content=\"1\u00a0Minute\" \/>\n<script type=\"application\/ld+json\" class=\"yoast-schema-graph\">{\"@context\":\"https:\/\/schema.org\",\"@graph\":[{\"@type\":\"WebPage\",\"@id\":\"https:\/\/stylestore.com\/ch\/shipping\/\",\"url\":\"https:\/\/stylestore.com\/ch\/versand\/\",\"name\":\"Versand &#187; Stylestore.com CH | UK\",\"isPartOf\":{\"@id\":\"https:\/\/stylestore.com\/ch\/#website\"},\"datePublished\":\"2019-07-11T07:02:23+00:00\",\"dateModified\":\"2022-11-15T14:15:55+00:00\",\"description\":\"We will send your order within 1-3 working days after ordering. All orders are shipped by DHL or GLS. Kostenloser Versand f\u00fcr Eink\u00e4ufe \u00fcber \u20ac 67.\",\"inLanguage\":\"de\",\"potentialAction\":[{\"@type\":\"ReadAction\",\"target\":[\"https:\/\/stylestore.com\/ch\/versand\/\"]}]},{\"@type\":\"WebSite\",\"@id\":\"https:\/\/stylestore.com\/ch\/#website\",\"url\":\"https:\/\/stylestore.com\/ch\/\",\"name\":\"Stylestore.com CH | UK\",\"description\":\"\",\"potentialAction\":[{\"@type\":\"SearchAction\",\"target\":{\"@type\":\"EntryPoint\",\"urlTemplate\":\"https:\/\/stylestore.com\/ch\/?s={search_term_string}\"},\"query-input\":{\"@type\":\"PropertyValueSpecification\",\"valueRequired\":true,\"valueName\":\"search_term_string\"}}],\"inLanguage\":\"de\"}]}<\/script>\n<!-- \/ Yoast SEO plugin. -->","yoast_head_json":{"title":"Versand &#187; Stylestore.com CH | UK","description":"We will send your order within 1-3 working days after ordering. All orders are shipped by DHL or GLS. Kostenloser Versand f\u00fcr Eink\u00e4ufe \u00fcber \u20ac 67.","robots":{"index":"index","follow":"follow","max-snippet":"max-snippet:-1","max-image-preview":"max-image-preview:large","max-video-preview":"max-video-preview:-1"},"canonical":"https:\/\/stylestore.com\/ch\/versand\/","og_locale":"de_DE","og_type":"article","og_title":"Versand &#187; Stylestore.com CH | UK","og_description":"We will send your order within 1-3 working days after ordering. All orders are shipped by DHL or GLS. Kostenloser Versand f\u00fcr Eink\u00e4ufe \u00fcber \u20ac 67.","og_url":"https:\/\/stylestore.com\/ch\/versand\/","og_site_name":"Stylestore.com CH | UK","article_modified_time":"2022-11-15T14:15:55+00:00","twitter_card":"summary_large_image","twitter_misc":{"Gesch\u00e4tzte Lesezeit":"1\u00a0Minute"},"schema":{"@context":"https:\/\/schema.org","@graph":[{"@type":"WebPage","@id":"https:\/\/stylestore.com\/ch\/shipping\/","url":"https:\/\/stylestore.com\/ch\/versand\/","name":"Versand &#187; Stylestore.com CH | UK","isPartOf":{"@id":"https:\/\/stylestore.com\/ch\/#website"},"datePublished":"2019-07-11T07:02:23+00:00","dateModified":"2022-11-15T14:15:55+00:00","description":"We will send your order within 1-3 working days after ordering. All orders are shipped by DHL or GLS. Kostenloser Versand f\u00fcr Eink\u00e4ufe \u00fcber \u20ac 67.","inLanguage":"de","potentialAction":[{"@type":"ReadAction","target":["https:\/\/stylestore.com\/ch\/versand\/"]}]},{"@type":"WebSite","@id":"https:\/\/stylestore.com\/ch\/#website","url":"https:\/\/stylestore.com\/ch\/","name":"Stylestore.com CH | UK","description":"","potentialAction":[{"@type":"SearchAction","target":{"@type":"EntryPoint","urlTemplate":"https:\/\/stylestore.com\/ch\/?s={search_term_string}"},"query-input":{"@type":"PropertyValueSpecification","valueRequired":true,"valueName":"search_term_string"}}],"inLanguage":"de"}]}},"_links":{"self":[{"href":"https:\/\/stylestore.com\/ch\/wp-json\/wp\/v2\/pages\/1214","targetHints":{"allow":["GET"]}}],"collection":[{"href":"https:\/\/stylestore.com\/ch\/wp-json\/wp\/v2\/pages"}],"about":[{"href":"https:\/\/stylestore.com\/ch\/wp-json\/wp\/v2\/types\/page"}],"author":[{"embeddable":true,"href":"https:\/\/stylestore.com\/ch\/wp-json\/wp\/v2\/users\/11"}],"replies":[{"embeddable":true,"href":"https:\/\/stylestore.com\/ch\/wp-json\/wp\/v2\/comments?post=1214"}],"version-history":[{"count":15,"href":"https:\/\/stylestore.com\/ch\/wp-json\/wp\/v2\/pages\/1214\/revisions"}],"predecessor-version":[{"id":462442,"href":"https:\/\/stylestore.com\/ch\/wp-json\/wp\/v2\/pages\/1214\/revisions\/462442"}],"wp:attachment":[{"href":"https:\/\/stylestore.com\/ch\/wp-json\/wp\/v2\/media?parent=1214"}],"curies":[{"name":"wp","href":"https:\/\/api.w.org\/{rel}","templated":true}]}}