{"id":1212,"date":"2019-07-11T07:02:13","date_gmt":"2019-07-11T07:02:13","guid":{"rendered":"https:\/\/stylestore.com\/ch\/?page_id=1212"},"modified":"2025-09-24T14:01:41","modified_gmt":"2025-09-24T12:01:41","slug":"returns","status":"publish","type":"page","link":"https:\/\/stylestore.com\/ch\/returns\/","title":{"rendered":"Retoure"},"content":{"rendered":"\t\t<div data-elementor-type=\"wp-page\" data-elementor-id=\"1212\" class=\"elementor elementor-1212\">\n\t\t\t\t\t\t<section class=\"elementor-section elementor-top-section elementor-element elementor-element-fed4435 elementor-section-boxed elementor-section-height-default elementor-section-height-default\" data-id=\"fed4435\" data-element_type=\"section\" data-settings=\"{&quot;jet_parallax_layout_list&quot;:[{&quot;jet_parallax_layout_image&quot;:{&quot;url&quot;:&quot;&quot;,&quot;id&quot;:&quot;&quot;,&quot;size&quot;:&quot;&quot;},&quot;_id&quot;:&quot;8720ce1&quot;,&quot;jet_parallax_layout_image_tablet&quot;:{&quot;url&quot;:&quot;&quot;,&quot;id&quot;:&quot;&quot;,&quot;size&quot;:&quot;&quot;},&quot;jet_parallax_layout_image_mobile&quot;:{&quot;url&quot;:&quot;&quot;,&quot;id&quot;:&quot;&quot;,&quot;size&quot;:&quot;&quot;},&quot;jet_parallax_layout_speed&quot;:{&quot;unit&quot;:&quot;%&quot;,&quot;size&quot;:50,&quot;sizes&quot;:[]},&quot;jet_parallax_layout_type&quot;:&quot;scroll&quot;,&quot;jet_parallax_layout_direction&quot;:null,&quot;jet_parallax_layout_fx_direction&quot;:null,&quot;jet_parallax_layout_z_index&quot;:&quot;&quot;,&quot;jet_parallax_layout_bg_x&quot;:50,&quot;jet_parallax_layout_bg_x_tablet&quot;:&quot;&quot;,&quot;jet_parallax_layout_bg_x_mobile&quot;:&quot;&quot;,&quot;jet_parallax_layout_bg_y&quot;:50,&quot;jet_parallax_layout_bg_y_tablet&quot;:&quot;&quot;,&quot;jet_parallax_layout_bg_y_mobile&quot;:&quot;&quot;,&quot;jet_parallax_layout_bg_size&quot;:&quot;auto&quot;,&quot;jet_parallax_layout_bg_size_tablet&quot;:&quot;&quot;,&quot;jet_parallax_layout_bg_size_mobile&quot;:&quot;&quot;,&quot;jet_parallax_layout_animation_prop&quot;:&quot;transform&quot;,&quot;jet_parallax_layout_on&quot;:[&quot;desktop&quot;,&quot;tablet&quot;]}],&quot;background_background&quot;:&quot;classic&quot;}\">\n\t\t\t\t\t\t\t<div class=\"elementor-background-overlay\"><\/div>\n\t\t\t\t\t\t\t<div class=\"elementor-container elementor-column-gap-default\">\n\t\t\t\t\t<div class=\"elementor-column elementor-col-100 elementor-top-column elementor-element elementor-element-07d7d1e\" data-id=\"07d7d1e\" data-element_type=\"column\">\n\t\t\t<div class=\"elementor-widget-wrap elementor-element-populated\">\n\t\t\t\t\t\t<div class=\"elementor-element elementor-element-f8b5aa0 elementor-widget elementor-widget-heading\" data-id=\"f8b5aa0\" data-element_type=\"widget\" data-widget_type=\"heading.default\">\n\t\t\t\t<div class=\"elementor-widget-container\">\n\t\t\t<h1 class=\"elementor-heading-title elementor-size-default\">R\u00dcCKGABE &amp; UMTAUSCH<\/h1>\t\t<\/div>\n\t\t\t\t<\/div>\n\t\t\t\t\t<\/div>\n\t\t<\/div>\n\t\t\t\t\t<\/div>\n\t\t<\/section>\n\t\t\t\t<section class=\"elementor-section elementor-top-section elementor-element elementor-element-ce7c370 elementor-section-boxed elementor-section-height-default elementor-section-height-default\" data-id=\"ce7c370\" data-element_type=\"section\" data-settings=\"{&quot;jet_parallax_layout_list&quot;:[{&quot;jet_parallax_layout_image&quot;:{&quot;url&quot;:&quot;&quot;,&quot;id&quot;:&quot;&quot;,&quot;size&quot;:&quot;&quot;},&quot;_id&quot;:&quot;cab58e4&quot;,&quot;jet_parallax_layout_image_tablet&quot;:{&quot;url&quot;:&quot;&quot;,&quot;id&quot;:&quot;&quot;,&quot;size&quot;:&quot;&quot;},&quot;jet_parallax_layout_image_mobile&quot;:{&quot;url&quot;:&quot;&quot;,&quot;id&quot;:&quot;&quot;,&quot;size&quot;:&quot;&quot;},&quot;jet_parallax_layout_speed&quot;:{&quot;unit&quot;:&quot;%&quot;,&quot;size&quot;:50,&quot;sizes&quot;:[]},&quot;jet_parallax_layout_type&quot;:&quot;scroll&quot;,&quot;jet_parallax_layout_direction&quot;:null,&quot;jet_parallax_layout_fx_direction&quot;:null,&quot;jet_parallax_layout_z_index&quot;:&quot;&quot;,&quot;jet_parallax_layout_bg_x&quot;:50,&quot;jet_parallax_layout_bg_x_tablet&quot;:&quot;&quot;,&quot;jet_parallax_layout_bg_x_mobile&quot;:&quot;&quot;,&quot;jet_parallax_layout_bg_y&quot;:50,&quot;jet_parallax_layout_bg_y_tablet&quot;:&quot;&quot;,&quot;jet_parallax_layout_bg_y_mobile&quot;:&quot;&quot;,&quot;jet_parallax_layout_bg_size&quot;:&quot;auto&quot;,&quot;jet_parallax_layout_bg_size_tablet&quot;:&quot;&quot;,&quot;jet_parallax_layout_bg_size_mobile&quot;:&quot;&quot;,&quot;jet_parallax_layout_animation_prop&quot;:&quot;transform&quot;,&quot;jet_parallax_layout_on&quot;:[&quot;desktop&quot;,&quot;tablet&quot;]}]}\">\n\t\t\t\t\t\t<div class=\"elementor-container elementor-column-gap-default\">\n\t\t\t\t\t<div class=\"elementor-column elementor-col-100 elementor-top-column elementor-element elementor-element-27237e3\" data-id=\"27237e3\" data-element_type=\"column\">\n\t\t\t<div class=\"elementor-widget-wrap elementor-element-populated\">\n\t\t\t\t\t\t<div class=\"elementor-element elementor-element-8776947 elementor-widget elementor-widget-heading\" data-id=\"8776947\" data-element_type=\"widget\" data-widget_type=\"heading.default\">\n\t\t\t\t<div class=\"elementor-widget-container\">\n\t\t\t<h2 class=\"elementor-heading-title elementor-size-default\">R\u00dcCKGABE<\/h2>\t\t<\/div>\n\t\t\t\t<\/div>\n\t\t\t\t<div class=\"elementor-element elementor-element-580b87b elementor-widget elementor-widget-text-editor\" data-id=\"580b87b\" data-element_type=\"widget\" data-widget_type=\"text-editor.default\">\n\t\t\t\t<div class=\"elementor-widget-container\">\n\t\t\t\t\t\t\tM\u00f6chten Sie einen Artikel an uns zur\u00fccksenden? Wir machen es Ihnen einfach und mit kostenlosen R\u00fcckversand. Ab dem Datum, an dem Sie Ihre Bestellung erhalten, haben Sie 30 Tage R\u00fcckgaberecht.\t\t\t\t\t\t<\/div>\n\t\t\t\t<\/div>\n\t\t\t\t<div class=\"elementor-element elementor-element-47adfbd elementor-widget elementor-widget-heading\" data-id=\"47adfbd\" data-element_type=\"widget\" data-widget_type=\"heading.default\">\n\t\t\t\t<div class=\"elementor-widget-container\">\n\t\t\t<h4 class=\"elementor-heading-title elementor-size-default\">FOLGEN SIE DIESEN SCHRITTEN, UM IHR BESTELLUNG ZUR\u00dcCKZUSENDEN:\n<\/h4>\t\t<\/div>\n\t\t\t\t<\/div>\n\t\t\t\t<div class=\"elementor-element elementor-element-e879a38 elementor-widget elementor-widget-text-editor\" data-id=\"e879a38\" data-element_type=\"widget\" data-widget_type=\"text-editor.default\">\n\t\t\t\t<div class=\"elementor-widget-container\">\n\t\t\t\t\t\t\t<p><strong>1.<\/strong> F\u00fcllen Sie das R\u00fccksendeformular aus. Stellen Sie sicher, dass alle Produkte im unbenutzten Originalzustand zur\u00fcckgegeben werden, einschlie\u00dflich Anzeichen von Verschlei\u00df, Flecken oder Besch\u00e4digungen sowie Ger\u00fcchen von Parf\u00fcm oder Rauch. Stellen Sie sicher, dass das Produkt gut verpackt ist. Kleben Sie das R\u00fccksendeetikett auf das Paket und senden Sie es dann kostenlos an uns zur\u00fcck.<\/p><p><strong>2.<\/strong> Senden Sie das Paket mit demselben Parket Dienstleister zur\u00fcck, die die Bestellung geliefert hat (z.B. wenn DHL die Bestellung geliefert hat, verwenden Sie DHL, um die Bestellung an uns zur\u00fcckzusenden).Unsere R\u00fccksendeadresse lautet:<\/p><p>Stylestore.com A\/S\u2028<br \/>Sydkrogen 12<br \/>\u20287300 Jelling<br \/>\u2028D\u00e4nemark<\/p><p><strong>3.<\/strong> Denken Sie daran, eine Quittung f\u00fcr die Sendung zu erhalten. Dies gilt als Nachweis daf\u00fcr, dass Sie das Paket an uns zur\u00fcck gesendet haben.<\/p><p><strong>4.<\/strong> Jetzt ist Ihr Teil erledigt! Wir werden Sie per E-Mail kontaktieren, sobald Ihr Paket eingegangen ist und erneut sobald wir Ihr Geld zur\u00fcckgebucht haben.<\/p><p><strong>5.<\/strong> Wenn Sie die Bestellung aus einem Nicht-EU-Land aufgegeben haben, geht die R\u00fccksendung zu Ihren eigenen Kosten.<\/p><p>Wenn Sie Produkte aus verschiedenen Bestellungen Retournieren m\u00f6chten, k\u00f6nnen Sie dies alles in einem Packet problemfrei zur\u00fcck Senden. Packen Sie die Artikel in eine Karton und legen Sie Ihre ausgef\u00fcllten R\u00fccksendeformulare aus Ihren verschiedenen Bestellungen bei. Wenn Sie ein R\u00fccksendeformular oder ein R\u00fccksendeetikett verloren haben, kontaktieren Sie uns bitte unter <a href=\"mailto:customer@stylestore.com\" target=\"_blank\" rel=\"noopener\">customerservice@stylestore.com<\/a> und wir senden Ihnen ein neues zu.<\/p><p>Bitte beachten Sie, dass Sie f\u00fcr Ihre R\u00fccksendung verantwortlich sind, bis sie bei uns eingeht. Bewahren Sie daher die Postquittung sowie eine evtl. track and trace-Nummer auf. Wir machen Sie darauf aufmerksam, dass wir Pakete, die per Nachnahme gesendet werden, nicht entgegennehmen.<\/p><p>\u00a0<\/p>\t\t\t\t\t\t<\/div>\n\t\t\t\t<\/div>\n\t\t\t\t<div class=\"elementor-element elementor-element-faef533 elementor-widget elementor-widget-heading\" data-id=\"faef533\" data-element_type=\"widget\" data-widget_type=\"heading.default\">\n\t\t\t\t<div class=\"elementor-widget-container\">\n\t\t\t<h2 class=\"elementor-heading-title elementor-size-default\">UMTAUSCH<\/h2>\t\t<\/div>\n\t\t\t\t<\/div>\n\t\t\t\t<div class=\"elementor-element elementor-element-fb446e8 elementor-widget elementor-widget-heading\" data-id=\"fb446e8\" data-element_type=\"widget\" data-widget_type=\"heading.default\">\n\t\t\t\t<div class=\"elementor-widget-container\">\n\t\t\t<h4 class=\"elementor-heading-title elementor-size-default\">FOLGEN SIE DIESEN EINFACHEN SCHRITTEN:<\/h4>\t\t<\/div>\n\t\t\t\t<\/div>\n\t\t\t\t<div class=\"elementor-element elementor-element-cd05b90 elementor-widget elementor-widget-text-editor\" data-id=\"cd05b90\" data-element_type=\"widget\" data-widget_type=\"text-editor.default\">\n\t\t\t\t<div class=\"elementor-widget-container\">\n\t\t\t\t\t\t\t<p>Sind Sie nicht zufrieden mit Ihrer Bestellung k\u00f6nnen Sie diese ohne weiteres umtauschen in ein anderes Produkt. Um Ihnen den bestm\u00f6glichsten Service zu gew\u00e4hrleisten , senden Sie uns bitte eine E-Mail an <a href=\"mailto:customer@stylestore.com\" target=\"_blank\" rel=\"noopener\">customerservice@stylestore.com<\/a> mit Ihren folgenden Daten: Name, Adresse, Bestellnummer. Geben Sie au\u00dferdem an in welche Farbe und Gr\u00f6\u00dfe Sie Ihr Produkt umgetauscht haben m\u00f6chten. Wir reservieren Ihnen dann das Produkt.<\/p>\t\t\t\t\t\t<\/div>\n\t\t\t\t<\/div>\n\t\t\t\t<div class=\"elementor-element elementor-element-3b8727c elementor-widget elementor-widget-text-editor\" data-id=\"3b8727c\" data-element_type=\"widget\" data-widget_type=\"text-editor.default\">\n\t\t\t\t<div class=\"elementor-widget-container\">\n\t\t\t\t\t\t\t<p><strong>1.<\/strong> F\u00fcllen Sie das R\u00fccksendeformular aus. Stellen Sie sicher, dass alle Produkte im unbenutzten Originalzustand zur\u00fcckgegeben werden, einschlie\u00dflich Anzeichen von Verschlei\u00df, Flecken oder Besch\u00e4digungen sowie Ger\u00fcchen von Parf\u00fcm oder Rauch. Stellen Sie sicher, dass das Produkt gut verpackt ist. Kleben Sie das beigef\u00fcgte R\u00fccksendeetikett auf das Paket und senden Sie es dann kostenlos an uns zur\u00fcck. Senden Sie uns bitte eine E-Mail an <a href=\"mailto:customer@stylestore.com\" target=\"_blank\" rel=\"noopener\">customerservice@stylestore.com<\/a> mit Ihren folgenden Daten :Namen, Adresse, Bestellnummer. Geben Sie au\u00dferdem an in welche Farbe und Gr\u00f6\u00dfe Sie Ihr Produkt umgetauscht haben m\u00f6chten \u2013 Wir reservieren Ihnen dann das Produkt.<\/p><p><strong>2.<\/strong> Senden Sie das Paket mit demselben Parket Dienstleister zur\u00fcck, die die Bestellung geliefert hat (z.B. wenn DHL die Bestellung geliefert hat, verwenden Sie DHL, um die Bestellung an uns zur\u00fcckzusenden). Unsere R\u00fccksendeadresse lautet:<\/p><p>Stylestore.com A\/S\u2028<br \/>Sydkrogen 12<br \/>\u20287300 Jelling<br \/>\u2028D\u00e4nemark<\/p><p><strong>3.<\/strong> Denken Sie daran, eine Quittung f\u00fcr die Sendung zu erhalten. Dies gilt als Nachweis daf\u00fcr, dass Sie das Paket an uns zur\u00fcck gesendet haben.<\/p><p><strong>4.<\/strong> Jetzt ist Ihr Teil erledigt! Wir werden Sie per E-Mail kontaktieren, sobald Ihr Paket eingegangen ist. Wir werden Sie erneut kontaktieren Sie sobald der Umtausch durchgef\u00fchrt ist und die neue Ware unsere Lager verlassen hat.<\/p><p>Wenn Sie Produkte aus verschiedenen Bestellungen umtauschen m\u00f6chten, k\u00f6nnen Sie dies alles in einem Packet problemfrei zur\u00fcck Senden. Packen Sie die Artikel in eine Karton und legen Sie Ihre ausgef\u00fcllten R\u00fccksendeformulare aus Ihren verschiedenen Bestellungen bei. Wenn Sie ein R\u00fccksendeformular oder ein R\u00fccksendeetikett verloren haben, kontaktieren Sie uns bitte unter <a href=\"mailto:customer@stylestore.com\" target=\"_blank\" rel=\"noopener\">customerservice@stylestore.com<\/a> und wir senden Ihnen ein neues.<\/p><p>Bitte beachten Sie, dass wir je ein R\u00fccksendeetikett pro Bestellung beif\u00fcge<\/p><p><strong>5.<\/strong> Wenn Sie die Bestellung aus einem Nicht-EU-Land aufgegeben haben, geht die R\u00fccksendung zu Ihren eigenen Kosten.<\/p>\t\t\t\t\t\t<\/div>\n\t\t\t\t<\/div>\n\t\t\t\t\t<\/div>\n\t\t<\/div>\n\t\t\t\t\t<\/div>\n\t\t<\/section>\n\t\t\t\t<\/div>\n\t\t","protected":false},"excerpt":{"rendered":"","protected":false},"author":11,"featured_media":0,"parent":0,"menu_order":0,"comment_status":"closed","ping_status":"closed","template":"","meta":{"_acf_changed":false,"footnotes":""},"class_list":["post-1212","page","type-page","status-publish","hentry"],"acf":[],"yoast_head":"<!-- This site is optimized with the Yoast SEO plugin v23.8 - https:\/\/yoast.com\/wordpress\/plugins\/seo\/ -->\n<title>Retoure &#187; Stylestore.com CH | UK<\/title>\n<meta name=\"description\" content=\"Wir machen es Ihnen leicht mit kostenlosem R\u00fcckversand. Sie haben 30 Tage R\u00fcckgaberecht ab dem Tag, an dem Sie Ihre Bestellung erhalten haben.\" \/>\n<meta name=\"robots\" content=\"index, follow, max-snippet:-1, max-image-preview:large, max-video-preview:-1\" \/>\n<link rel=\"canonical\" href=\"https:\/\/stylestore.com\/ch\/retoure\" \/>\n<meta property=\"og:locale\" content=\"de_DE\" \/>\n<meta property=\"og:type\" content=\"article\" \/>\n<meta property=\"og:title\" content=\"Retoure &#187; Stylestore.com CH | UK\" \/>\n<meta property=\"og:description\" content=\"Wir machen es Ihnen leicht mit kostenlosem R\u00fcckversand. Sie haben 30 Tage R\u00fcckgaberecht ab dem Tag, an dem Sie Ihre Bestellung erhalten haben.\" \/>\n<meta property=\"og:url\" content=\"https:\/\/stylestore.com\/ch\/retoure\" \/>\n<meta property=\"og:site_name\" content=\"Stylestore.com CH | UK\" \/>\n<meta property=\"article:modified_time\" content=\"2025-09-24T12:01:41+00:00\" \/>\n<meta name=\"twitter:card\" content=\"summary_large_image\" \/>\n<meta name=\"twitter:label1\" content=\"Gesch\u00e4tzte Lesezeit\" \/>\n\t<meta name=\"twitter:data1\" content=\"3\u00a0Minuten\" \/>\n<script type=\"application\/ld+json\" class=\"yoast-schema-graph\">{\"@context\":\"https:\/\/schema.org\",\"@graph\":[{\"@type\":\"WebPage\",\"@id\":\"https:\/\/stylestore.com\/ch\/returns\/\",\"url\":\"https:\/\/stylestore.com\/ch\/retoure\",\"name\":\"Retoure &#187; Stylestore.com CH | UK\",\"isPartOf\":{\"@id\":\"https:\/\/stylestore.com\/ch\/#website\"},\"datePublished\":\"2019-07-11T07:02:13+00:00\",\"dateModified\":\"2025-09-24T12:01:41+00:00\",\"description\":\"Wir machen es Ihnen leicht mit kostenlosem R\u00fcckversand. Sie haben 30 Tage R\u00fcckgaberecht ab dem Tag, an dem Sie Ihre Bestellung erhalten haben.\",\"inLanguage\":\"de\",\"potentialAction\":[{\"@type\":\"ReadAction\",\"target\":[\"https:\/\/stylestore.com\/ch\/retoure\"]}]},{\"@type\":\"WebSite\",\"@id\":\"https:\/\/stylestore.com\/ch\/#website\",\"url\":\"https:\/\/stylestore.com\/ch\/\",\"name\":\"Stylestore.com CH | UK\",\"description\":\"\",\"potentialAction\":[{\"@type\":\"SearchAction\",\"target\":{\"@type\":\"EntryPoint\",\"urlTemplate\":\"https:\/\/stylestore.com\/ch\/?s={search_term_string}\"},\"query-input\":{\"@type\":\"PropertyValueSpecification\",\"valueRequired\":true,\"valueName\":\"search_term_string\"}}],\"inLanguage\":\"de\"}]}<\/script>\n<!-- \/ Yoast SEO plugin. -->","yoast_head_json":{"title":"Retoure &#187; Stylestore.com CH | UK","description":"Wir machen es Ihnen leicht mit kostenlosem R\u00fcckversand. Sie haben 30 Tage R\u00fcckgaberecht ab dem Tag, an dem Sie Ihre Bestellung erhalten haben.","robots":{"index":"index","follow":"follow","max-snippet":"max-snippet:-1","max-image-preview":"max-image-preview:large","max-video-preview":"max-video-preview:-1"},"canonical":"https:\/\/stylestore.com\/ch\/retoure","og_locale":"de_DE","og_type":"article","og_title":"Retoure &#187; Stylestore.com CH | UK","og_description":"Wir machen es Ihnen leicht mit kostenlosem R\u00fcckversand. Sie haben 30 Tage R\u00fcckgaberecht ab dem Tag, an dem Sie Ihre Bestellung erhalten haben.","og_url":"https:\/\/stylestore.com\/ch\/retoure","og_site_name":"Stylestore.com CH | UK","article_modified_time":"2025-09-24T12:01:41+00:00","twitter_card":"summary_large_image","twitter_misc":{"Gesch\u00e4tzte Lesezeit":"3\u00a0Minuten"},"schema":{"@context":"https:\/\/schema.org","@graph":[{"@type":"WebPage","@id":"https:\/\/stylestore.com\/ch\/returns\/","url":"https:\/\/stylestore.com\/ch\/retoure","name":"Retoure &#187; Stylestore.com CH | UK","isPartOf":{"@id":"https:\/\/stylestore.com\/ch\/#website"},"datePublished":"2019-07-11T07:02:13+00:00","dateModified":"2025-09-24T12:01:41+00:00","description":"Wir machen es Ihnen leicht mit kostenlosem R\u00fcckversand. Sie haben 30 Tage R\u00fcckgaberecht ab dem Tag, an dem Sie Ihre Bestellung erhalten haben.","inLanguage":"de","potentialAction":[{"@type":"ReadAction","target":["https:\/\/stylestore.com\/ch\/retoure"]}]},{"@type":"WebSite","@id":"https:\/\/stylestore.com\/ch\/#website","url":"https:\/\/stylestore.com\/ch\/","name":"Stylestore.com CH | UK","description":"","potentialAction":[{"@type":"SearchAction","target":{"@type":"EntryPoint","urlTemplate":"https:\/\/stylestore.com\/ch\/?s={search_term_string}"},"query-input":{"@type":"PropertyValueSpecification","valueRequired":true,"valueName":"search_term_string"}}],"inLanguage":"de"}]}},"_links":{"self":[{"href":"https:\/\/stylestore.com\/ch\/wp-json\/wp\/v2\/pages\/1212","targetHints":{"allow":["GET"]}}],"collection":[{"href":"https:\/\/stylestore.com\/ch\/wp-json\/wp\/v2\/pages"}],"about":[{"href":"https:\/\/stylestore.com\/ch\/wp-json\/wp\/v2\/types\/page"}],"author":[{"embeddable":true,"href":"https:\/\/stylestore.com\/ch\/wp-json\/wp\/v2\/users\/11"}],"replies":[{"embeddable":true,"href":"https:\/\/stylestore.com\/ch\/wp-json\/wp\/v2\/comments?post=1212"}],"version-history":[{"count":30,"href":"https:\/\/stylestore.com\/ch\/wp-json\/wp\/v2\/pages\/1212\/revisions"}],"predecessor-version":[{"id":589100,"href":"https:\/\/stylestore.com\/ch\/wp-json\/wp\/v2\/pages\/1212\/revisions\/589100"}],"wp:attachment":[{"href":"https:\/\/stylestore.com\/ch\/wp-json\/wp\/v2\/media?parent=1212"}],"curies":[{"name":"wp","href":"https:\/\/api.w.org\/{rel}","templated":true}]}}